{"id":75,"date":"2022-12-04T16:08:49","date_gmt":"2022-12-04T16:08:49","guid":{"rendered":"https:\/\/wiki-crypto.net\/?page_id=75"},"modified":"2022-12-04T17:25:58","modified_gmt":"2022-12-04T17:25:58","slug":"betting-esport-bitcoin-crypto","status":"publish","type":"page","link":"https:\/\/wiki-crypto.net\/pt\/apostas-esport-bitcoin-crypto\/","title":{"rendered":"eSports, sites de apostas que aceitam Bitcoin e Crypto"},"content":{"rendered":"<figure class=\"wp-block-image size-large\"><img decoding=\"async\" loading=\"lazy\" width=\"1024\" height=\"683\" src=\"https:\/\/wiki-crypto.net\/wp-content\/uploads\/2022\/12\/betting-esport-bitcoin-crypto-1024x683.jpg\" alt=\"eSports, sites de apostas que aceitam Bitcoin e Crypto\" class=\"wp-image-165\" srcset=\"https:\/\/wiki-crypto.net\/wp-content\/uploads\/2022\/12\/betting-esport-bitcoin-crypto-1024x683.jpg 1024w, https:\/\/wiki-crypto.net\/wp-content\/uploads\/2022\/12\/betting-esport-bitcoin-crypto-300x200.jpg 300w, https:\/\/wiki-crypto.net\/wp-content\/uploads\/2022\/12\/betting-esport-bitcoin-crypto-768x512.jpg 768w, https:\/\/wiki-crypto.net\/wp-content\/uploads\/2022\/12\/betting-esport-bitcoin-crypto-18x12.jpg 18w, https:\/\/wiki-crypto.net\/wp-content\/uploads\/2022\/12\/betting-esport-bitcoin-crypto.jpg 1200w\" sizes=\"(max-width: 1024px) 100vw, 1024px\" \/><\/figure>\n\n\n\n<p><\/p>\n\n\n\n<h3><span id=\"the_revolution_of_e-sport_bet\">A Revolu\u00e7\u00e3o das Apostas E-Sport<\/span><\/h3>\n\n\n\n<p>As apostas em eSports cresceram em popularidade hoje em dia e o n\u00famero de jogos em que voc\u00ea pode apostar como em outros esportes tradicionais como no <a href=\"https:\/\/www.foot-bookmaker.com\/\">Futebol americano<\/a>. Embora os MOBAs (DOTA, League of Legends, etc.) e os jogos de tiro em primeira pessoa (CS:GO, Overwatch, etc.) sejam mais populares, voc\u00ea pode apostar em praticamente qualquer jogo que permita a competi\u00e7\u00e3o entre times ou jogadores.<\/p>\n\n\n\n<p>Como em outros sites de apostas, o princ\u00edpio \u00e9 o mesmo, mas <strong>em vez disso, voc\u00ea pode usar Bitcoin para fazer sua aposta.\u00a0<\/strong>Como resultado, o n\u00famero de sites de apostas Bitcoin eSports est\u00e1 aumentando constantemente, e esses sites combinam os benef\u00edcios da experi\u00eancia tradicional de apostas com os do BTC.<\/p>\n\n\n\n<p>Por esse motivo, o Bitcoin permitiu que as apostas esportivas se tornassem mais acess\u00edveis para pessoas em todo o mundo, especialmente em determinados pa\u00edses e jurisdi\u00e7\u00f5es onde as apostas em eventos esportivos usando dinheiro real s\u00e3o restritas, ilegais ou sujeitas a impostos.<\/p>\n\n\n\n<p>\u00c9 por isso que a principal vantagem aqui \u00e9 que voc\u00ea n\u00e3o est\u00e1 infringindo as leis de forma alguma ao fazer apostas com Bitcoin, j\u00e1 que na maioria dos pa\u00edses o BTC n\u00e3o \u00e9 considerado ilegal, tendo em vista que n\u00e3o \u00e9 reconhecido como moeda.<\/p>\n\n\n\n<h2 id=\"h-how-to-use-bitcoin-crypto-to-bet-on-esports\"><span id=\"how_to_use_bitcoincrypto_to_bet_on_esports\">Como usar Bitcoin\/Crypto para apostar em eSports<\/span><\/h2>\n\n\n\n<p>Para fazer uma aposta, voc\u00ea deve primeiro criar uma carteira Bitcoin para armazenar e enviar seus Bitcoins. Se voc\u00ea j\u00e1 possui uma carteira Bitcoin, pode pular esta etapa.<\/p>\n\n\n\n<p>Depois que o Bitcoin que voc\u00ea comprou na bolsa for enviado para sua carteira, voc\u00ea pode ir para a se\u00e7\u00e3o de caixas eletr\u00f4nicos das casas de apostas on-line onde deseja fazer sua aposta.<\/p>\n\n\n\n<p>Selecione a op\u00e7\u00e3o Bitcoin na lista de dep\u00f3sitos (ao depositar o dinheiro da aposta) ou na lista de saques (ao sacar ganhos em Bitcoins) e especifique o valor desejado que deseja depositar ou retirar.<\/p>\n\n\n\n<h2 id=\"h-the-best-esports-betting-sites-accept-bitcoin-crypo\"><span id=\"the_best_esports_betting_sites_accept_bitcoincrypo\">Os melhores sites de apostas em eSports aceitam Bitcoin\/Crypo:<\/span><\/h2>\n\n\n\n<h3 id=\"h-1xbit\"><span id=\"1xbit\"><strong>1xBit<\/strong><\/span><\/h3>\n\n\n\n<p>1xBit \u00e9 um site Bitcoin Sportback e Bitcoin lan\u00e7ado pela primeira vez em 2011. Esta plataforma simples de jogos e cassino Bitcoin oferece uma variedade de ativos para apostar e uma variedade de jogos.<\/p>\n\n\n\n<p>As apostas ao vivo podem ser feitas em basquete, h\u00f3quei no gelo, partidas de futebol\/futebol americano, cr\u00edquete, beisebol, corrida de r\u00fagbi, F\u00f3rmula 1 e muito mais, por meio do uso de uma instala\u00e7\u00e3o de TV virtual integrada. Existem muitos jogos em que voc\u00ea pode pensar. A plataforma online funciona perfeitamente, permitindo ao jogador apostar rapidamente sem problemas. Vejamos os diferentes aspectos do 1xBit para determinar sua posi\u00e7\u00e3o entre outros sites de apostas Bitcoin online.<\/p>\n\n\n\n<p>1xBit \u00e9 um site de apostas Bitcoin, mas aceita dep\u00f3sitos e retiradas em 18 criptomoedas, incluindo Ethereum, Dogecoin, Dash, Monero, Verge, Ethereum Classic, Bitcoin Cash, Bitcoin Gold, Zcash, Sibcoin, NEM e alguns outros. A maioria dos pagamentos feitos via Bitcoin n\u00e3o incorre em taxas. Nenhum cart\u00e3o de cr\u00e9dito\/d\u00e9bito e transfer\u00eancias banc\u00e1rias s\u00e3o aceitos para dep\u00f3sitos ou saques.<\/p>\n\n\n\n<h3 id=\"h-cloudbet\"><span id=\"cloudbet\">Cloudbet<\/span><\/h3>\n\n\n\n<p>A famosa Cloudbet \u00e9 uma extensa plataforma de apostas e cassino online fundada em 2013, que oferece alguns recursos interessantes para jogadores de cassino e apostadores esportivos.<\/p>\n\n\n\n<p>O Cloudbet Casino and Sports Betting \u00e9 licenciado pela E-Gambling Montenegro, o que mostra que est\u00e1 totalmente licenciado e licenciado para operar neste setor. Para fazer dep\u00f3sitos, voc\u00ea precisa clicar no bot\u00e3o Dep\u00f3sito dispon\u00edvel no painel da sua conta, copiar o endere\u00e7o Bitcoin rec\u00e9m-gerado para iniciar a transa\u00e7\u00e3o e col\u00e1-lo em sua carteira eletr\u00f4nica para depositar Bitcoins. O valor m\u00ednimo de dep\u00f3sito de Bitcoin \u00e9 0,001 BTC e n\u00e3o h\u00e1 limite m\u00e1ximo.<\/p>\n\n\n\n<p>Enorme: Cloudbet oferece aos usu\u00e1rios ao vivo para esportes como Badminton, Futebol Americano, Beisebol, Bandy, Boxe, Ciclismo, Cr\u00edquete, Floorball, Dardos, Golfe, Futsal, H\u00f3quei no Gelo, Handebol, Mixed Martial Arts (MMA), Rugby, Motor Sports Futebol, bilhar, t\u00eanis, t\u00eanis de mesa, esportes de inverno, p\u00f3lo aqu\u00e1tico e v\u00f4lei.<\/p>\n\n\n\n<p>Os apostadores tamb\u00e9m podem apostar em jogos ao vivo em categorias como Basquetebol, T\u00e9nis, Futebol, Cr\u00edquete, Andebol, Badminton, Voleibol, T\u00e9nis de Mesa e H\u00f3quei no Gelo.<\/p>\n\n\n\n<h3 id=\"h-coinbet24\"><span id=\"coinbet24\"><strong>Coinbet24<\/strong><\/span><\/h3>\n\n\n\n<p>Coinbet24 \u00e9 um site de apostas Bitcoin que permite aos usu\u00e1rios apostar em esportes e jogos de cassino. A Coinbet24 requer uma conta para apostar e oferece b\u00f4nus de dep\u00f3sito e um programa de afiliados (embora seja necess\u00e1rio fazer uma solicita\u00e7\u00e3o por escrito). Os usu\u00e1rios t\u00eam v\u00e1rios m\u00e9todos pelos quais podem depositar seus fundos:<\/p>\n\n\n\n<ul>\n<li>bitcoins<\/li>\n\n\n\n<li>Outras criptomoedas (ShapeShift)<\/li>\n\n\n\n<li>Cart\u00e3o de cr\u00e9dito<\/li>\n\n\n\n<li>Transfer\u00eancia banc\u00e1ria<\/li>\n\n\n\n<li>dinheiro perfeito<\/li>\n\n\n\n<li>EcoPayz<\/li>\n<\/ul>\n\n\n\n<h3 id=\"h-coingaming\"><span id=\"coingaming\"><strong>jogos de moedas<\/strong><\/span><\/h3>\n\n\n\n<p>CoinGaming \u00e9 uma plataforma especializada em fornecer op\u00e7\u00f5es de moeda Bitcoin para a ind\u00fastria de iGaming. CoinGaming.io \u00e9 um enorme cassino online que oferece mais de 30 jogos, com slots, blackjack, p\u00f4quer, rummy, loteria e roleta.<\/p>\n\n\n\n<p>Os jogadores recebem um b\u00f4nus de dep\u00f3sito 100% de at\u00e9 1 BTC e um b\u00f4nus de recarga para dep\u00f3sitos subsequentes. O site distribui mais de 18.000 BTC de ganhos do jackpot. Al\u00e9m disso, \u00e9 conhecido por ter processos de dep\u00f3sito e retirada relativamente r\u00e1pidos.<\/p>\n\n\n\n<p>A CoinGaming, um membro prata desta Bitcoin Foundation, oferece um sistema completo de cassino de marca branca acess\u00edvel a jogadores de todo o mundo. A plataforma inclui uma sele\u00e7\u00e3o de slots de cassino (mais de 700) e dealers para jogos de mesa e craps.<\/p>\n\n\n\n<p>Os traders ao vivo agora est\u00e3o dispon\u00edveis 24 horas por dia, 7 dias por semana e s\u00e3o transmitidos de est\u00fadios especializados usando tecnologia de streaming de \u00faltima gera\u00e7\u00e3o. Os usu\u00e1rios podem depositar e sacar instantaneamente usando Bitcoin, e as carteiras dos jogadores s\u00e3o atualizadas em tempo real.<\/p>\n\n\n\n<h2 id=\"h-why-use-bitcoin-crypo-in-esports-betting-sites\"><span id=\"why_use_bitcoincrypo_in_esports_betting_sites\">Por que usar Bitcoin\/Crypo em sites de apostas em eSports?<\/span><\/h2>\n\n\n\n<p>O Bitcoin\/Crypo \u00e9 r\u00e1pido e simples de usar quando voc\u00ea come\u00e7a a fazer dep\u00f3sitos em apostas esportivas online. As taxas de transa\u00e7\u00e3o podem variar de 0% a 2%, ocultas ou n\u00e3o, ao contr\u00e1rio das taxas cobradas pelos m\u00e9todos de pagamento tradicionais, como cart\u00f5es de cr\u00e9dito ou transfer\u00eancias banc\u00e1rias diretas.<\/p>\n\n\n\n<p>V\u00e1rias casas de apostas que t\u00eam op\u00e7\u00f5es de dep\u00f3sito e retirada de Bitcoin tamb\u00e9m tornam as transa\u00e7\u00f5es BTC a maneira mais barata de financiar sua conta de apostas, com muitos b\u00f4nus espec\u00edficos de Bitcoin em inscri\u00e7\u00f5es e promo\u00e7\u00f5es para aumentar o saldo de sua conta de apostas.<\/p>\n\n\n\n<p>Se voc\u00ea usar o Bitcoin para depositar apostas em sua conta de apostas esportivas e retirar seus ganhos potenciais, o site de apostas n\u00e3o ter\u00e1 a posse de suas informa\u00e7\u00f5es pessoais e financeiras.<\/p>\n\n\n\n<p>Sempre jogue o que voc\u00ea est\u00e1 disposto a perder. Boa sorte!<\/p>\n\n\n\n<h3 id=\"h-the-most-popular-game-to-bet-in-2023\"><span id=\"the_most_popular_game_to_bet_in_2023\">O jogo mais popular para apostar em 2023<\/span><\/h3>\n\n\n\n<p>CS:GO, Dota 2, League of Legends, Smite, Battlegrounds, Call of Duty, StarCraft 2, Hearthstone, World of Tanks, Halo, FIFA, NBA 2K18, Overwatch, Heroes of the Storm, Vainglory, Fortnite, Valorant<\/p>\n\n\n\n<p><\/p>\n<div id=\"toc_container\" class=\"no_bullets\"><p class=\"toc_title\">Conte\u00fado<\/p><ul class=\"toc_list\"><ul><li><a href=\"#the_revolution_of_e-sport_bet\"><span class=\"toc_number toc_depth_2\">0.1<\/span> A Revolu\u00e7\u00e3o das Apostas E-Sport<\/a><\/li><\/ul><\/li><li><a href=\"#how_to_use_bitcoincrypto_to_bet_on_esports\"><span class=\"toc_number toc_depth_1\">1<\/span> Como usar Bitcoin\/Crypto para apostar em eSports<\/a><\/li><li><a href=\"#the_best_esports_betting_sites_accept_bitcoincrypo\"><span class=\"toc_number toc_depth_1\">2<\/span> Os melhores sites de apostas em eSports aceitam Bitcoin\/Crypo:<\/a><ul><li><a href=\"#1xbit\"><span class=\"toc_number toc_depth_2\">2.1<\/span> 1xBit<\/a><\/li><li><a href=\"#cloudbet\"><span class=\"toc_number toc_depth_2\">2.2<\/span> Cloudbet<\/a><\/li><li><a href=\"#coinbet24\"><span class=\"toc_number toc_depth_2\">2.3<\/span> Coinbet24<\/a><\/li><li><a href=\"#coingaming\"><span class=\"toc_number toc_depth_2\">2.4<\/span> jogos de moedas<\/a><\/li><\/ul><\/li><li><a href=\"#why_use_bitcoincrypo_in_esports_betting_sites\"><span class=\"toc_number toc_depth_1\">3<\/span> Por que usar Bitcoin\/Crypo em sites de apostas em eSports?<\/a><ul><li><a href=\"#the_most_popular_game_to_bet_in_2023\"><span class=\"toc_number toc_depth_2\">3.1<\/span> O jogo mais popular para apostar em 2023<\/a><\/li><\/ul><\/li><\/ul><\/div>","protected":false},"excerpt":{"rendered":"<p>A Revolu\u00e7\u00e3o das Apostas E-sport As apostas eSports cresceram em popularidade hoje em dia e o n\u00famero de jogos em que voc\u00ea pode apostar como em outros esportes tradicionais como o Futebol. Embora os MOBAs (DOTA, League of Legends, etc.) e os jogos de tiro em primeira pessoa (CS:GO, Overwatch, etc.)<\/p>","protected":false},"author":1,"featured_media":0,"parent":0,"menu_order":0,"comment_status":"closed","ping_status":"closed","template":"page-nosidebar.php","meta":[],"yoast_head":"<!-- This site is optimized with the Yoast SEO Premium plugin v19.5 (Yoast SEO v19.11) - https:\/\/yoast.com\/wordpress\/plugins\/seo\/ -->\n<title>eSports, Betting Sites that accept Bitcoin and Crypto - Final FIFA World Cup 2022 in Qatar<\/title>\n<meta name=\"description\" content=\"Best crypto E-Sports betting sites : Analysis, Odd and Exclusive Bonus. Choose the right Bitcoin\/Crypto eGaming bookmaker!\" \/>\n<meta name=\"robots\" content=\"index, follow, max-snippet:-1, max-image-preview:large, max-video-preview:-1\" \/>\n<link rel=\"canonical\" href=\"https:\/\/wiki-crypto.net\/pt\/apostas-esport-bitcoin-crypto\/\" \/>\n<meta property=\"og:locale\" content=\"pt_PT\" \/>\n<meta property=\"og:type\" content=\"article\" \/>\n<meta property=\"og:title\" content=\"eSports, Betting Sites that accept Bitcoin and Crypto\" \/>\n<meta property=\"og:description\" content=\"Best crypto E-Sports betting sites : Analysis, Odd and Exclusive Bonus. Choose the right Bitcoin\/Crypto eGaming bookmaker!\" \/>\n<meta property=\"og:url\" content=\"https:\/\/wiki-crypto.net\/pt\/apostas-esport-bitcoin-crypto\/\" \/>\n<meta property=\"og:site_name\" content=\"Best Crypto Betting Sites | Bitcoin Bet On Football\" \/>\n<meta property=\"article:modified_time\" content=\"2022-12-04T17:25:58+00:00\" \/>\n<meta property=\"og:image\" content=\"https:\/\/wiki-crypto.net\/wp-content\/uploads\/2022\/12\/betting-esport-bitcoin-crypto-1024x683.jpg\" \/>\n<meta name=\"twitter:card\" content=\"summary_large_image\" \/>\n<meta name=\"twitter:label1\" content=\"Tempo estimado de leitura\" \/>\n\t<meta name=\"twitter:data1\" content=\"6 minutos\" \/>\n<script type=\"application\/ld+json\" class=\"yoast-schema-graph\">{\"@context\":\"https:\/\/schema.org\",\"@graph\":[{\"@type\":\"WebPage\",\"@id\":\"https:\/\/wiki-crypto.net\/betting-esport-bitcoin-crypto\/\",\"url\":\"https:\/\/wiki-crypto.net\/betting-esport-bitcoin-crypto\/\",\"name\":\"eSports, Betting Sites that accept Bitcoin and Crypto - Final FIFA World Cup 2022 in Qatar\",\"isPartOf\":{\"@id\":\"https:\/\/wiki-crypto.net\/#website\"},\"datePublished\":\"2022-12-04T16:08:49+00:00\",\"dateModified\":\"2022-12-04T17:25:58+00:00\",\"description\":\"Best crypto E-Sports betting sites : Analysis, Odd and Exclusive Bonus. Choose the right Bitcoin\/Crypto eGaming bookmaker!\",\"breadcrumb\":{\"@id\":\"https:\/\/wiki-crypto.net\/betting-esport-bitcoin-crypto\/#breadcrumb\"},\"inLanguage\":\"pt-PT\",\"potentialAction\":[{\"@type\":\"ReadAction\",\"target\":[\"https:\/\/wiki-crypto.net\/betting-esport-bitcoin-crypto\/\"]}]},{\"@type\":\"BreadcrumbList\",\"@id\":\"https:\/\/wiki-crypto.net\/betting-esport-bitcoin-crypto\/#breadcrumb\",\"itemListElement\":[{\"@type\":\"ListItem\",\"position\":1,\"name\":\"Home\",\"item\":\"https:\/\/wiki-crypto.net\/\"},{\"@type\":\"ListItem\",\"position\":2,\"name\":\"eSports, Betting Sites that accept Bitcoin and Crypto\"}]},{\"@type\":\"WebSite\",\"@id\":\"https:\/\/wiki-crypto.net\/#website\",\"url\":\"https:\/\/wiki-crypto.net\/\",\"name\":\"Best Crypto Betting Sites | Bitcoin Bet On Football\",\"description\":\"Guide and Analysis of the best crypto betting sites, bookmaker for bonus, tips, odds, pronostics to bet online with Cloudbet, 1Xbit, Sportsbet, Trusdice, bc.game\",\"publisher\":{\"@id\":\"https:\/\/wiki-crypto.net\/#organization\"},\"potentialAction\":[{\"@type\":\"SearchAction\",\"target\":{\"@type\":\"EntryPoint\",\"urlTemplate\":\"https:\/\/wiki-crypto.net\/?s={search_term_string}\"},\"query-input\":\"required name=search_term_string\"}],\"inLanguage\":\"pt-PT\"},{\"@type\":\"Organization\",\"@id\":\"https:\/\/wiki-crypto.net\/#organization\",\"name\":\"Best Crypto Betting Sites | Bitcoin Bet On Football\",\"url\":\"https:\/\/wiki-crypto.net\/\",\"logo\":{\"@type\":\"ImageObject\",\"inLanguage\":\"pt-PT\",\"@id\":\"https:\/\/wiki-crypto.net\/#\/schema\/logo\/image\/\",\"url\":\"https:\/\/wiki-crypto.net\/wp-content\/uploads\/2022\/12\/cropped-10-juillet-2019-337-2.jpg\",\"contentUrl\":\"https:\/\/wiki-crypto.net\/wp-content\/uploads\/2022\/12\/cropped-10-juillet-2019-337-2.jpg\",\"width\":1600,\"height\":301,\"caption\":\"Best Crypto Betting Sites | Bitcoin Bet On Football\"},\"image\":{\"@id\":\"https:\/\/wiki-crypto.net\/#\/schema\/logo\/image\/\"}}]}<\/script>\n<!-- \/ Yoast SEO Premium plugin. -->","yoast_head_json":{"title":"eSports, Betting Sites that accept Bitcoin and Crypto - Final FIFA World Cup 2022 in Qatar","description":"Best crypto E-Sports betting sites : Analysis, Odd and Exclusive Bonus. Choose the right Bitcoin\/Crypto eGaming bookmaker!","robots":{"index":"index","follow":"follow","max-snippet":"max-snippet:-1","max-image-preview":"max-image-preview:large","max-video-preview":"max-video-preview:-1"},"canonical":"https:\/\/wiki-crypto.net\/pt\/apostas-esport-bitcoin-crypto\/","og_locale":"pt_PT","og_type":"article","og_title":"eSports, Betting Sites that accept Bitcoin and Crypto","og_description":"Best crypto E-Sports betting sites : Analysis, Odd and Exclusive Bonus. Choose the right Bitcoin\/Crypto eGaming bookmaker!","og_url":"https:\/\/wiki-crypto.net\/pt\/apostas-esport-bitcoin-crypto\/","og_site_name":"Best Crypto Betting Sites | Bitcoin Bet On Football","article_modified_time":"2022-12-04T17:25:58+00:00","og_image":[{"url":"https:\/\/wiki-crypto.net\/wp-content\/uploads\/2022\/12\/betting-esport-bitcoin-crypto-1024x683.jpg"}],"twitter_card":"summary_large_image","twitter_misc":{"Tempo estimado de leitura":"6 minutos"},"schema":{"@context":"https:\/\/schema.org","@graph":[{"@type":"WebPage","@id":"https:\/\/wiki-crypto.net\/betting-esport-bitcoin-crypto\/","url":"https:\/\/wiki-crypto.net\/betting-esport-bitcoin-crypto\/","name":"eSports, Betting Sites that accept Bitcoin and Crypto - Final FIFA World Cup 2022 in Qatar","isPartOf":{"@id":"https:\/\/wiki-crypto.net\/#website"},"datePublished":"2022-12-04T16:08:49+00:00","dateModified":"2022-12-04T17:25:58+00:00","description":"Best crypto E-Sports betting sites : Analysis, Odd and Exclusive Bonus. Choose the right Bitcoin\/Crypto eGaming bookmaker!","breadcrumb":{"@id":"https:\/\/wiki-crypto.net\/betting-esport-bitcoin-crypto\/#breadcrumb"},"inLanguage":"pt-PT","potentialAction":[{"@type":"ReadAction","target":["https:\/\/wiki-crypto.net\/betting-esport-bitcoin-crypto\/"]}]},{"@type":"BreadcrumbList","@id":"https:\/\/wiki-crypto.net\/betting-esport-bitcoin-crypto\/#breadcrumb","itemListElement":[{"@type":"ListItem","position":1,"name":"Home","item":"https:\/\/wiki-crypto.net\/"},{"@type":"ListItem","position":2,"name":"eSports, Betting Sites that accept Bitcoin and Crypto"}]},{"@type":"WebSite","@id":"https:\/\/wiki-crypto.net\/#website","url":"https:\/\/wiki-crypto.net\/","name":"Best Crypto Betting Sites | Bitcoin Bet On Football","description":"Guide and Analysis of the best crypto betting sites, bookmaker for bonus, tips, odds, pronostics to bet online with Cloudbet, 1Xbit, Sportsbet, Trusdice, bc.game","publisher":{"@id":"https:\/\/wiki-crypto.net\/#organization"},"potentialAction":[{"@type":"SearchAction","target":{"@type":"EntryPoint","urlTemplate":"https:\/\/wiki-crypto.net\/?s={search_term_string}"},"query-input":"required name=search_term_string"}],"inLanguage":"pt-PT"},{"@type":"Organization","@id":"https:\/\/wiki-crypto.net\/#organization","name":"Best Crypto Betting Sites | Bitcoin Bet On Football","url":"https:\/\/wiki-crypto.net\/","logo":{"@type":"ImageObject","inLanguage":"pt-PT","@id":"https:\/\/wiki-crypto.net\/#\/schema\/logo\/image\/","url":"https:\/\/wiki-crypto.net\/wp-content\/uploads\/2022\/12\/cropped-10-juillet-2019-337-2.jpg","contentUrl":"https:\/\/wiki-crypto.net\/wp-content\/uploads\/2022\/12\/cropped-10-juillet-2019-337-2.jpg","width":1600,"height":301,"caption":"Best Crypto Betting Sites | Bitcoin Bet On Football"},"image":{"@id":"https:\/\/wiki-crypto.net\/#\/schema\/logo\/image\/"}}]}},"_links":{"self":[{"href":"https:\/\/wiki-crypto.net\/pt\/wp-json\/wp\/v2\/pages\/75"}],"collection":[{"href":"https:\/\/wiki-crypto.net\/pt\/wp-json\/wp\/v2\/pages"}],"about":[{"href":"https:\/\/wiki-crypto.net\/pt\/wp-json\/wp\/v2\/types\/page"}],"author":[{"embeddable":true,"href":"https:\/\/wiki-crypto.net\/pt\/wp-json\/wp\/v2\/users\/1"}],"replies":[{"embeddable":true,"href":"https:\/\/wiki-crypto.net\/pt\/wp-json\/wp\/v2\/comments?post=75"}],"version-history":[{"count":11,"href":"https:\/\/wiki-crypto.net\/pt\/wp-json\/wp\/v2\/pages\/75\/revisions"}],"predecessor-version":[{"id":177,"href":"https:\/\/wiki-crypto.net\/pt\/wp-json\/wp\/v2\/pages\/75\/revisions\/177"}],"wp:attachment":[{"href":"https:\/\/wiki-crypto.net\/pt\/wp-json\/wp\/v2\/media?parent=75"}],"curies":[{"name":"wp","href":"https:\/\/api.w.org\/{rel}","templated":true}]}}