{"id":21,"date":"2022-11-30T21:18:21","date_gmt":"2022-11-30T21:18:21","guid":{"rendered":"https:\/\/wiki-crypto.net\/?page_id=21"},"modified":"2022-12-04T17:08:03","modified_gmt":"2022-12-04T17:08:03","slug":"bitcoin-history","status":"publish","type":"page","link":"https:\/\/wiki-crypto.net\/pt\/historia-do-bitcoin\/","title":{"rendered":"Hist\u00f3ria do Bitcoin"},"content":{"rendered":"<div class=\"wp-block-image\">\n<figure class=\"alignleft size-large is-resized\"><img decoding=\"async\" loading=\"lazy\" src=\"https:\/\/wiki-crypto.net\/wp-content\/uploads\/2022\/12\/bitcoin-history-1024x1024.jpg\" alt=\"Hist\u00f3ria do Bitcoin\" class=\"wp-image-155\" width=\"272\" height=\"272\" srcset=\"https:\/\/wiki-crypto.net\/wp-content\/uploads\/2022\/12\/bitcoin-history-1024x1024.jpg 1024w, https:\/\/wiki-crypto.net\/wp-content\/uploads\/2022\/12\/bitcoin-history-300x300.jpg 300w, https:\/\/wiki-crypto.net\/wp-content\/uploads\/2022\/12\/bitcoin-history-150x150.jpg 150w, https:\/\/wiki-crypto.net\/wp-content\/uploads\/2022\/12\/bitcoin-history-768x768.jpg 768w, https:\/\/wiki-crypto.net\/wp-content\/uploads\/2022\/12\/bitcoin-history-1536x1536.jpg 1536w, https:\/\/wiki-crypto.net\/wp-content\/uploads\/2022\/12\/bitcoin-history-12x12.jpg 12w, https:\/\/wiki-crypto.net\/wp-content\/uploads\/2022\/12\/bitcoin-history.jpg 1600w\" sizes=\"(max-width: 272px) 100vw, 272px\" \/><\/figure><\/div>\n\n\n<p><em>Bitcoin \u00e9 uma das tecnologias financeiras mais revolucion\u00e1rias lan\u00e7adas na \u00faltima d\u00e9cada. Mas qual \u00e9 a hist\u00f3ria por tr\u00e1s dessa moeda digital? Como surgiu o Bitcoin e por que \u00e9 t\u00e3o popular? Nesta p\u00e1gina, exploraremos a hist\u00f3ria do Bitcoin, desde seu in\u00edcio misterioso at\u00e9 seu status atual como um fen\u00f4meno global. Vamos entender a tecnologia que torna isso poss\u00edvel, as pessoas que moldaram seu desenvolvimento e o impacto que teve no mundo das finan\u00e7as. Ent\u00e3o, vamos come\u00e7ar com a hist\u00f3ria do Bitcoin.<\/em><\/p>\n\n\n\n<p><\/p>\n\n\n\n<h3 id=\"h-cryptocurrency-the-beginning-of-the-saga\"><span id=\"cryptocurrency_the_beginning_of_the_saga\">Criptomoeda: o come\u00e7o da saga<\/span><\/h3>\n\n\n\n<p>Para come\u00e7ar, a hist\u00f3ria da criptomoeda mais famosa agora \u00e9 mais conhecida: o Bitcoin.\u00a0<strong>Em 2008, Satoshi Nakamoto publicou o protocolo Bitcoin<\/strong>\u00a0no The Cryptography Mailing list na internet, para ent\u00e3o distribuir a primeira vers\u00e3o do software cliente no ano seguinte e contribuir junto com outros desenvolvedores para expandir o projeto, apenas para se retirar da comunidade Bitcoin em 2010, deixando a execu\u00e7\u00e3o do programa em nas m\u00e3os de Gavin Andersen.<\/p>\n\n\n\n<p>Ainda hoje se discute a verdadeira identidade por tr\u00e1s do pseud\u00f4nimo japon\u00eas do criador da criptomoeda e nenhuma das teorias elaboradas at\u00e9 agora encontrou confirma\u00e7\u00e3o na realidade.&nbsp;<strong>O valor do Bitcoin continuou a crescer<\/strong>&nbsp;ao longo dos anos desde ent\u00e3o, embora n\u00e3o de forma constante ao longo do tempo.<\/p>\n\n\n\n<p>No in\u00edcio de 2012, um Bitcoin era negociado por 13 d\u00f3lares, no final de 2016 valia 850. Em dezembro de 2017, a Chicago Board of Trade (CBOT), a bolsa da cidade de Illinois, come\u00e7ou a&nbsp;<strong>permitir a negocia\u00e7\u00e3o de t\u00edtulos futuros em<\/strong>&nbsp;o mais conhecido, uma esp\u00e9cie de contrato que permite \u00e0s operadoras apostar no valor futuro de um ativo, ajudando a elevar o valor da moeda virtual.<\/p>\n\n\n\n<p>ent\u00e3o&nbsp;<strong>Bitcoin atinge $20.000 no final de 2017, antes de uma queda repentina para $12.000<\/strong>&nbsp;, fechando o ano em $14.600. Atualmente, o hype em torno dessa criptomoeda diminuiu um pouco e, ao mesmo tempo, outras criptomoedas como Ethereum ou Litecoin entraram no mercado e conquistaram uma fatia do setor, mesmo que os Bitcoins, como os primeiros a chegar, continuem sendo definidos como o arqu\u00e9tipo desse tipo de transa\u00e7\u00e3o.<\/p>\n\n\n\n<h2 id=\"h-cryptocurrency-history-volatility-and-fluctuations\"><span id=\"cryptocurrency_history_volatility_and_fluctuations\">Volatilidade e flutua\u00e7\u00f5es do hist\u00f3rico de criptomoedas <\/span><\/h2>\n\n\n\n<p>Entre os principais riscos associados aos Bitcoins, certamente voc\u00ea j\u00e1 deve ter ouvido falar da volatilidade e flutua\u00e7\u00e3o da moeda. Mas a que exatamente esses dois termos se referem? Sem querer entrar em quest\u00f5es excessivamente econ\u00f4micas, vamos nos limitar a algumas defini\u00e7\u00f5es. A volatilidade \u00e9 uma medida da&nbsp;<strong>mudan\u00e7a no pre\u00e7o de uma moeda durante um determinado per\u00edodo de tempo<\/strong>&nbsp;. \u00c9 importante porque quanto maior a volatilidade, mais arriscado \u00e9 manter um ativo financeiro como o Bitcoin, j\u00e1 que seu pre\u00e7o pode aumentar ou diminuir repentinamente.<\/p>\n\n\n\n<p>Para contextualizar, vamos\u00a0<strong>Dizem que o Bitcoin tem um \u00edndice de volatilidade de 4,60%, enquanto o das principais moedas tradicionais, como o euro ou o d\u00f3lar, oscila entre 0,5% e 1%<\/strong>\u00a0. A principal diferen\u00e7a \u00e9 que na realidade, como j\u00e1 explicamos, o Bitcoin \u00e9 um algoritmo e n\u00e3o uma moeda e, portanto, nem deve ser considerado como tal. Portanto, a quantidade de Bitcoins \u00e9 fixada em 21 milh\u00f5es e n\u00e3o pode ser alterada, ao contr\u00e1rio das moedas tradicionais. \u00c0 medida que cresce em popularidade e aceita\u00e7\u00e3o entre as pessoas, o valor da criptomoeda s\u00f3 cresce de forma constante.<\/p>\n\n\n\n<h2 id=\"h-are-bitcoins-the-future-of-betting\"><span id=\"are_bitcoins_the_future_of_betting\">Bitcoins s\u00e3o o futuro das apostas?<\/span><\/h2>\n\n\n\n<p>Como vimos nesta an\u00e1lise, a hist\u00f3ria do Bitcoin se presta muito bem para ser usada para apostas online. Muito\u00a0<strong>tempos r\u00e1pidos de dep\u00f3sito e retirada<\/strong>\u00a0, excelente em particular para apostas ao vivo , pagamentos n\u00e3o sujeitos a comiss\u00f5es e impostos e a capacidade de manter os seus dados financeiros e pessoais seguros s\u00e3o caracter\u00edsticas que todos os apostadores gostam.<\/p>\n\n\n\n<p><strong>Cura\u00e7ao e a Ilha de Man foram as primeiras autoridades a legalizar o uso do Bitcoin<\/strong>\u00a0para jogos on-line. No final de 2016, a English Gambling Commission, uma das concession\u00e1rias mais regulamentadas do mundo, equiparou as criptomoedas aos m\u00e9todos de pagamento tradicionais, como cart\u00f5es de cr\u00e9dito e transfer\u00eancias eletr\u00f4nicas, seguida de perto pela Direcci\u00f3n General de Ordenaci\u00f3n del Juego da Espanha. Uma abertura para o uso de moedas virtuais tamb\u00e9m est\u00e1 sendo estudada pela Malta Gaming Authority.\u00a0<\/p>\n\n\n\n<p>Existe, portanto, uma grande probabilidade de que as criptomoedas representem o futuro das apostas e a hist\u00f3ria do Bitcoin, o Crypto apenas come\u00e7ou!<\/p>\n<div id=\"toc_container\" class=\"no_bullets\"><p class=\"toc_title\">Conte\u00fado<\/p><ul class=\"toc_list\"><ul><li><a href=\"#cryptocurrency_the_beginning_of_the_saga\"><span class=\"toc_number toc_depth_2\">0.1<\/span> Criptomoeda: o come\u00e7o da saga<\/a><\/li><\/ul><\/li><li><a href=\"#cryptocurrency_history_volatility_and_fluctuations\"><span class=\"toc_number toc_depth_1\">1<\/span> Volatilidade e flutua\u00e7\u00f5es do hist\u00f3rico de criptomoedas <\/a><\/li><li><a href=\"#are_bitcoins_the_future_of_betting\"><span class=\"toc_number toc_depth_1\">2<\/span> Bitcoins s\u00e3o o futuro das apostas?<\/a><\/li><\/ul><\/div>","protected":false},"excerpt":{"rendered":"<p>Bitcoin is one of the most revolutionary financial technologies to come out in the last decade. But what is the history behind this digital currency? How did Bitcoin come to be and why is it so popular? In this page, we will explore the history of Bitcoin, from its mysterious beginnings to its current status &#8230;<\/p>","protected":false},"author":1,"featured_media":0,"parent":0,"menu_order":0,"comment_status":"closed","ping_status":"closed","template":"page-nosidebar.php","meta":[],"yoast_head":"<!-- This site is optimized with the Yoast SEO Premium plugin v19.5 (Yoast SEO v19.11) - https:\/\/yoast.com\/wordpress\/plugins\/seo\/ -->\n<title>Bitcoin History - Final FIFA World Cup 2022 in Qatar<\/title>\n<meta name=\"description\" content=\"The History of Bitcoin is an intriguing one. it has become one of the most revolutionary financial technologies of the last decade!\" \/>\n<meta name=\"robots\" content=\"index, follow, max-snippet:-1, max-image-preview:large, max-video-preview:-1\" \/>\n<link rel=\"canonical\" href=\"https:\/\/wiki-crypto.net\/pt\/\u0431\u0438\u0442\u043a\u043e\u0439\u043d-\u0438\u0441\u0442\u043e\u0440\u0438\u044f\/\" \/>\n<meta property=\"og:locale\" content=\"pt_PT\" \/>\n<meta property=\"og:type\" content=\"article\" \/>\n<meta property=\"og:title\" content=\"Bitcoin History\" \/>\n<meta property=\"og:description\" content=\"The History of Bitcoin is an intriguing one. it has become one of the most revolutionary financial technologies of the last decade!\" \/>\n<meta property=\"og:url\" content=\"https:\/\/wiki-crypto.net\/pt\/\u0431\u0438\u0442\u043a\u043e\u0439\u043d-\u0438\u0441\u0442\u043e\u0440\u0438\u044f\/\" \/>\n<meta property=\"og:site_name\" content=\"Best Crypto Betting Sites | Bitcoin Bet On Football\" \/>\n<meta property=\"article:modified_time\" content=\"2022-12-04T17:08:03+00:00\" \/>\n<meta property=\"og:image\" content=\"https:\/\/wiki-crypto.net\/wp-content\/uploads\/2022\/12\/bitcoin-history-1024x1024.jpg\" \/>\n<meta name=\"twitter:card\" content=\"summary_large_image\" \/>\n<meta name=\"twitter:label1\" content=\"Tempo estimado de leitura\" \/>\n\t<meta name=\"twitter:data1\" content=\"4 minutos\" \/>\n<script type=\"application\/ld+json\" class=\"yoast-schema-graph\">{\"@context\":\"https:\/\/schema.org\",\"@graph\":[{\"@type\":\"WebPage\",\"@id\":\"https:\/\/wiki-crypto.net\/ru\/%d0%b1%d0%b8%d1%82%d0%ba%d0%be%d0%b9%d0%bd-%d0%b8%d1%81%d1%82%d0%be%d1%80%d0%b8%d1%8f\/\",\"url\":\"https:\/\/wiki-crypto.net\/ru\/%d0%b1%d0%b8%d1%82%d0%ba%d0%be%d0%b9%d0%bd-%d0%b8%d1%81%d1%82%d0%be%d1%80%d0%b8%d1%8f\/\",\"name\":\"Bitcoin History - Final FIFA World Cup 2022 in Qatar\",\"isPartOf\":{\"@id\":\"https:\/\/wiki-crypto.net\/#website\"},\"datePublished\":\"2022-11-30T21:18:21+00:00\",\"dateModified\":\"2022-12-04T17:08:03+00:00\",\"description\":\"The History of Bitcoin is an intriguing one. it has become one of the most revolutionary financial technologies of the last decade!\",\"breadcrumb\":{\"@id\":\"https:\/\/wiki-crypto.net\/ru\/%d0%b1%d0%b8%d1%82%d0%ba%d0%be%d0%b9%d0%bd-%d0%b8%d1%81%d1%82%d0%be%d1%80%d0%b8%d1%8f\/#breadcrumb\"},\"inLanguage\":\"pt-PT\",\"potentialAction\":[{\"@type\":\"ReadAction\",\"target\":[\"https:\/\/wiki-crypto.net\/ru\/%d0%b1%d0%b8%d1%82%d0%ba%d0%be%d0%b9%d0%bd-%d0%b8%d1%81%d1%82%d0%be%d1%80%d0%b8%d1%8f\/\"]}]},{\"@type\":\"BreadcrumbList\",\"@id\":\"https:\/\/wiki-crypto.net\/ru\/%d0%b1%d0%b8%d1%82%d0%ba%d0%be%d0%b9%d0%bd-%d0%b8%d1%81%d1%82%d0%be%d1%80%d0%b8%d1%8f\/#breadcrumb\",\"itemListElement\":[{\"@type\":\"ListItem\",\"position\":1,\"name\":\"Home\",\"item\":\"https:\/\/wiki-crypto.net\/\"},{\"@type\":\"ListItem\",\"position\":2,\"name\":\"Bitcoin History\"}]},{\"@type\":\"WebSite\",\"@id\":\"https:\/\/wiki-crypto.net\/#website\",\"url\":\"https:\/\/wiki-crypto.net\/\",\"name\":\"Best Crypto Betting Sites | Bitcoin Bet On Football\",\"description\":\"Guide and Analysis of the best crypto betting sites, bookmaker for bonus, tips, odds, pronostics to bet online with Cloudbet, 1Xbit, Sportsbet, Trusdice, bc.game\",\"publisher\":{\"@id\":\"https:\/\/wiki-crypto.net\/#organization\"},\"potentialAction\":[{\"@type\":\"SearchAction\",\"target\":{\"@type\":\"EntryPoint\",\"urlTemplate\":\"https:\/\/wiki-crypto.net\/?s={search_term_string}\"},\"query-input\":\"required name=search_term_string\"}],\"inLanguage\":\"pt-PT\"},{\"@type\":\"Organization\",\"@id\":\"https:\/\/wiki-crypto.net\/#organization\",\"name\":\"Best Crypto Betting Sites | Bitcoin Bet On Football\",\"url\":\"https:\/\/wiki-crypto.net\/\",\"logo\":{\"@type\":\"ImageObject\",\"inLanguage\":\"pt-PT\",\"@id\":\"https:\/\/wiki-crypto.net\/#\/schema\/logo\/image\/\",\"url\":\"https:\/\/wiki-crypto.net\/wp-content\/uploads\/2022\/12\/cropped-10-juillet-2019-337-2.jpg\",\"contentUrl\":\"https:\/\/wiki-crypto.net\/wp-content\/uploads\/2022\/12\/cropped-10-juillet-2019-337-2.jpg\",\"width\":1600,\"height\":301,\"caption\":\"Best Crypto Betting Sites | Bitcoin Bet On Football\"},\"image\":{\"@id\":\"https:\/\/wiki-crypto.net\/#\/schema\/logo\/image\/\"}}]}<\/script>\n<!-- \/ Yoast SEO Premium plugin. -->","yoast_head_json":{"title":"Bitcoin History - Final FIFA World Cup 2022 in Qatar","description":"The History of Bitcoin is an intriguing one. it has become one of the most revolutionary financial technologies of the last decade!","robots":{"index":"index","follow":"follow","max-snippet":"max-snippet:-1","max-image-preview":"max-image-preview:large","max-video-preview":"max-video-preview:-1"},"canonical":"https:\/\/wiki-crypto.net\/pt\/\u0431\u0438\u0442\u043a\u043e\u0439\u043d-\u0438\u0441\u0442\u043e\u0440\u0438\u044f\/","og_locale":"pt_PT","og_type":"article","og_title":"Bitcoin History","og_description":"The History of Bitcoin is an intriguing one. it has become one of the most revolutionary financial technologies of the last decade!","og_url":"https:\/\/wiki-crypto.net\/pt\/\u0431\u0438\u0442\u043a\u043e\u0439\u043d-\u0438\u0441\u0442\u043e\u0440\u0438\u044f\/","og_site_name":"Best Crypto Betting Sites | Bitcoin Bet On Football","article_modified_time":"2022-12-04T17:08:03+00:00","og_image":[{"url":"https:\/\/wiki-crypto.net\/wp-content\/uploads\/2022\/12\/bitcoin-history-1024x1024.jpg"}],"twitter_card":"summary_large_image","twitter_misc":{"Tempo estimado de leitura":"4 minutos"},"schema":{"@context":"https:\/\/schema.org","@graph":[{"@type":"WebPage","@id":"https:\/\/wiki-crypto.net\/ru\/%d0%b1%d0%b8%d1%82%d0%ba%d0%be%d0%b9%d0%bd-%d0%b8%d1%81%d1%82%d0%be%d1%80%d0%b8%d1%8f\/","url":"https:\/\/wiki-crypto.net\/ru\/%d0%b1%d0%b8%d1%82%d0%ba%d0%be%d0%b9%d0%bd-%d0%b8%d1%81%d1%82%d0%be%d1%80%d0%b8%d1%8f\/","name":"Bitcoin History - Final FIFA World Cup 2022 in Qatar","isPartOf":{"@id":"https:\/\/wiki-crypto.net\/#website"},"datePublished":"2022-11-30T21:18:21+00:00","dateModified":"2022-12-04T17:08:03+00:00","description":"The History of Bitcoin is an intriguing one. it has become one of the most revolutionary financial technologies of the last decade!","breadcrumb":{"@id":"https:\/\/wiki-crypto.net\/ru\/%d0%b1%d0%b8%d1%82%d0%ba%d0%be%d0%b9%d0%bd-%d0%b8%d1%81%d1%82%d0%be%d1%80%d0%b8%d1%8f\/#breadcrumb"},"inLanguage":"pt-PT","potentialAction":[{"@type":"ReadAction","target":["https:\/\/wiki-crypto.net\/ru\/%d0%b1%d0%b8%d1%82%d0%ba%d0%be%d0%b9%d0%bd-%d0%b8%d1%81%d1%82%d0%be%d1%80%d0%b8%d1%8f\/"]}]},{"@type":"BreadcrumbList","@id":"https:\/\/wiki-crypto.net\/ru\/%d0%b1%d0%b8%d1%82%d0%ba%d0%be%d0%b9%d0%bd-%d0%b8%d1%81%d1%82%d0%be%d1%80%d0%b8%d1%8f\/#breadcrumb","itemListElement":[{"@type":"ListItem","position":1,"name":"Home","item":"https:\/\/wiki-crypto.net\/"},{"@type":"ListItem","position":2,"name":"Bitcoin History"}]},{"@type":"WebSite","@id":"https:\/\/wiki-crypto.net\/#website","url":"https:\/\/wiki-crypto.net\/","name":"Best Crypto Betting Sites | Bitcoin Bet On Football","description":"Guide and Analysis of the best crypto betting sites, bookmaker for bonus, tips, odds, pronostics to bet online with Cloudbet, 1Xbit, Sportsbet, Trusdice, bc.game","publisher":{"@id":"https:\/\/wiki-crypto.net\/#organization"},"potentialAction":[{"@type":"SearchAction","target":{"@type":"EntryPoint","urlTemplate":"https:\/\/wiki-crypto.net\/?s={search_term_string}"},"query-input":"required name=search_term_string"}],"inLanguage":"pt-PT"},{"@type":"Organization","@id":"https:\/\/wiki-crypto.net\/#organization","name":"Best Crypto Betting Sites | Bitcoin Bet On Football","url":"https:\/\/wiki-crypto.net\/","logo":{"@type":"ImageObject","inLanguage":"pt-PT","@id":"https:\/\/wiki-crypto.net\/#\/schema\/logo\/image\/","url":"https:\/\/wiki-crypto.net\/wp-content\/uploads\/2022\/12\/cropped-10-juillet-2019-337-2.jpg","contentUrl":"https:\/\/wiki-crypto.net\/wp-content\/uploads\/2022\/12\/cropped-10-juillet-2019-337-2.jpg","width":1600,"height":301,"caption":"Best Crypto Betting Sites | Bitcoin Bet On Football"},"image":{"@id":"https:\/\/wiki-crypto.net\/#\/schema\/logo\/image\/"}}]}},"_links":{"self":[{"href":"https:\/\/wiki-crypto.net\/pt\/wp-json\/wp\/v2\/pages\/21"}],"collection":[{"href":"https:\/\/wiki-crypto.net\/pt\/wp-json\/wp\/v2\/pages"}],"about":[{"href":"https:\/\/wiki-crypto.net\/pt\/wp-json\/wp\/v2\/types\/page"}],"author":[{"embeddable":true,"href":"https:\/\/wiki-crypto.net\/pt\/wp-json\/wp\/v2\/users\/1"}],"replies":[{"embeddable":true,"href":"https:\/\/wiki-crypto.net\/pt\/wp-json\/wp\/v2\/comments?post=21"}],"version-history":[{"count":8,"href":"https:\/\/wiki-crypto.net\/pt\/wp-json\/wp\/v2\/pages\/21\/revisions"}],"predecessor-version":[{"id":164,"href":"https:\/\/wiki-crypto.net\/pt\/wp-json\/wp\/v2\/pages\/21\/revisions\/164"}],"wp:attachment":[{"href":"https:\/\/wiki-crypto.net\/pt\/wp-json\/wp\/v2\/media?parent=21"}],"curies":[{"name":"wp","href":"https:\/\/api.w.org\/{rel}","templated":true}]}}