{"id":195,"date":"2022-12-11T22:00:34","date_gmt":"2022-12-11T22:00:34","guid":{"rendered":"https:\/\/wiki-crypto.net\/?page_id=195"},"modified":"2022-12-17T14:41:10","modified_gmt":"2022-12-17T14:41:10","slug":"argentina-france-bet-final-world-cup-bitcoin-and-crypto","status":"publish","type":"page","link":"https:\/\/wiki-crypto.net\/pt\/argentina-franca-aposta-final-copa-do-mundo-bitcoin-e-cripto\/","title":{"rendered":"Argentina \u2013 Fran\u00e7a aposta na final da Copa do Mundo com Bitcoin e Criptomoedas"},"content":{"rendered":"<p><\/p>\n\n\n\n<figure class=\"wp-block-image is-resized\" id=\"block-48ddfce2-9a29-4787-a4b3-773c1e8cdf65\"><img decoding=\"async\" loading=\"lazy\" src=\"https:\/\/wiki-crypto.net\/wp-content\/uploads\/2022\/12\/finale-france-argentine-1024x683.jpg\" alt=\"Argentina - Fran\u00e7a\" width=\"512\" height=\"342\"\/><\/figure>\n\n\n\n<p id=\"block-6b333855-6f93-4d60-ae90-ff060941cbc3\">Prepare-se para o jogo mais esperado da Copa do Mundo FIFA 2022 no Catar \u2013 Fran\u00e7a x Argentina para a grande final com Cloudbet, 1Xbit, Sportsbet, Trusdice, bc.game! Ambas as equipes trabalharam duro para chegar \u00e0 final, e agora se trata de uma partida para determinar o campe\u00e3o. Com pr\u00e9vias, recapitula\u00e7\u00f5es, previs\u00f5es, not\u00edcias e muito mais, com certeza ser\u00e1 um jogo emocionante. Prepare-se para uma emocionante luta at\u00e9 o fim, com Fran\u00e7a e Argentina trazendo seus talentos para o campo, e esperemos que o melhor time saia vitorioso!<\/p>\n\n\n\n<p id=\"block-bd8dc85e-e7cf-4483-815b-2e7a42c2441f\">Argentina \u2013 Fran\u00e7a Aposte na final da Copa do Mundo com Bitcoin e Criptomoedas. Quando se trata da Copa do Mundo FIFA, sempre h\u00e1 muita emo\u00e7\u00e3o e expectativa em torno do evento. F\u00e3s de todo o mundo se re\u00fanem para apoiar seus times e jogadores favoritos. A atmosfera \u00e9 el\u00e9trica e os jogos s\u00e3o sempre emocionantes. Este ano, a Copa do Mundo da FIFA ser\u00e1 realizada no Catar, e os torcedores j\u00e1 est\u00e3o ansiosos por isso.<br><br>Existem algumas sele\u00e7\u00f5es favoritas para vencer a Copa do Mundo este ano, incluindo Fran\u00e7a e Argentina. No entanto, sempre h\u00e1 surpresas reservadas e qualquer equipe pode sair por cima. Deve ser um torneio emocionante, e os f\u00e3s ficar\u00e3o grudados nas telas de suas televis\u00f5es para ver quem sai por cima.<br><br>Portanto, seja voc\u00ea torcedor da Fran\u00e7a, da Argentina ou de qualquer outro time, n\u00e3o deixe de acompanhar de perto a Copa do Mundo FIFA 2022 no Catar. Com certeza ser\u00e1 um evento que ficar\u00e1 para a hist\u00f3ria.<\/p>\n\n\n\n<p id=\"block-76133bb1-c770-477f-82b9-b21af37af578\">Apostar usando uma criptomoeda \u00e9, de fato, uma maneira absolutamente \u00fanica de vivenciar essa experi\u00eancia se voc\u00ea. Enquanto a Copa do Mundo \u00e9 sempre um evento emocionante, o torneio deste ano no Catar certamente ser\u00e1 especialmente interessante. Com tantas grandes equipes e jogadores competindo, ningu\u00e9m sabe quem sair\u00e1 por cima. Certifique-se de acompanhar a a\u00e7\u00e3o de perto e torcer pelo seu time favorito! voc\u00ea aproveita ao m\u00e1ximo.<\/p>\n\n\n\n<p id=\"block-e53f59a6-4df1-4c3e-a498-0a33fb783004\">Continue lendo para descobrir como fazer isso.<br><br>Se voc\u00ea est\u00e1 procurando uma maneira de adicionar emo\u00e7\u00e3o \u00e0 sua experi\u00eancia de assistir \u00e0 Copa do Mundo, apostar nos jogos \u00e9 uma \u00f3tima op\u00e7\u00e3o. E, se voc\u00ea quiser apostar usando criptomoeda, h\u00e1 algumas coisas que voc\u00ea precisa saber. Neste artigo, vamos orient\u00e1-lo no processo de apostar na Copa do Mundo da FIFA usando Bitcoin.<br><br>Primeiro, Argentina \u2013 Fran\u00e7a Aposte na final da Copa do Mundo com Bitcoin e Crypto voc\u00ea precisar\u00e1 adquirir algum Bitcoin para sua primeira aposta com Cloudbet, 1Xbit, Sportsbet, Trusdice, bc.game. Se voc\u00ea ainda n\u00e3o tem nenhum, pode compr\u00e1-lo em v\u00e1rias bolsas. Depois de ter seu Bitcoin, voc\u00ea precisar\u00e1 encontrar um site de apostas respeit\u00e1vel que aceite criptomoeda. Ao encontrar um site, voc\u00ea pode criar uma conta e depositar seu Bitcoin.<br><br>Ent\u00e3o, voc\u00ea pode come\u00e7ar a apostar nos jogos da Copa do Mundo. Voc\u00ea pode apostar em quem acha que vencer\u00e1 cada partida ou pode fazer apostas mais gerais no resultado do torneio. Seja qual for a maneira que voc\u00ea escolher para apostar, voc\u00ea certamente se divertir\u00e1 muito.<br><br>E, se voc\u00ea ganhar alguma aposta, poder\u00e1 sacar seus ganhos em Bitcoin. Portanto, apostar na Copa do Mundo n\u00e3o \u00e9 apenas uma maneira divertida de adicionar emo\u00e7\u00e3o \u00e0 sua experi\u00eancia de visualiza\u00e7\u00e3o de<\/p>\n\n\n\n<h2 id=\"block-5a3071be-1f73-4dc4-8fa0-27cdf5b9c46d\"><strong>Continue lendo para descobrir como fazer isso; Cloudbet, 1Xbit, Sportsbet, Trusdice, bc.game<\/strong><\/h2>\n\n\n\n<p id=\"block-5a3071be-1f73-4dc4-8fa0-27cdf5b9c46d\"><br>Se voc\u00ea est\u00e1 procurando uma maneira de adicionar emo\u00e7\u00e3o \u00e0 sua experi\u00eancia de assistir \u00e0 Copa do Mundo, apostar nos jogos \u00e9 uma \u00f3tima op\u00e7\u00e3o. E, se voc\u00ea quiser apostar usando criptomoeda, h\u00e1 algumas coisas que voc\u00ea precisa saber. Neste artigo, vamos orient\u00e1-lo no processo de apostar na Copa do Mundo da FIFA usando Bitcoin.<br><br>Primeiro, Argentina \u2013 Fran\u00e7a Aposte na final da Copa do Mundo com Bitcoin e Crypto voc\u00ea precisar\u00e1 adquirir alguns Bitcoins. Se voc\u00ea ainda n\u00e3o tem nenhum, pode compr\u00e1-lo em v\u00e1rias bolsas. Depois de ter seu Bitcoin, voc\u00ea precisar\u00e1 encontrar um site de apostas respeit\u00e1vel que aceite criptomoeda. Ao encontrar um site, voc\u00ea pode criar uma conta e depositar seu Bitcoin.<br><br>Ent\u00e3o, voc\u00ea pode come\u00e7ar a apostar nos jogos da Copa do Mundo. Voc\u00ea pode apostar em quem acha que vencer\u00e1 cada partida ou pode fazer apostas mais gerais no resultado do torneio. Seja qual for a maneira que voc\u00ea escolher para apostar, voc\u00ea certamente se divertir\u00e1 muito.<br><br>E, se voc\u00ea ganhar alguma aposta, poder\u00e1 sacar seus ganhos em Bitcoin. Portanto, apostar na Copa do Mundo n\u00e3o \u00e9 apenas uma maneira divertida de adicionar emo\u00e7\u00e3o \u00e0 sua experi\u00eancia de visualiza\u00e7\u00e3o de<\/p>\n\n\n\n<p id=\"block-89bc6860-124f-408f-aa4e-10cfd1526ca0\">Continue lendo para descobrir como fazer isso no Cloudbet, 1Xbit, Sportsbet, Trusdice, bc.game.<br><br>Se voc\u00ea est\u00e1 procurando uma maneira de adicionar emo\u00e7\u00e3o \u00e0 sua experi\u00eancia de assistir \u00e0 Copa do Mundo, apostar nos jogos \u00e9 uma \u00f3tima op\u00e7\u00e3o. E, se voc\u00ea quiser apostar usando criptomoeda, h\u00e1 algumas coisas que voc\u00ea precisa saber. Neste artigo, vamos orient\u00e1-lo no processo de apostar na Copa do Mundo da FIFA usando Bitcoin.<br><br>Primeiro, Argentina \u2013 Fran\u00e7a Aposte na final da Copa do Mundo com Bitcoin e Crypto voc\u00ea precisar\u00e1 adquirir alguns Bitcoins. Se voc\u00ea ainda n\u00e3o tem nenhum, pode compr\u00e1-lo em v\u00e1rias bolsas. Depois de ter seu Bitcoin, voc\u00ea precisar\u00e1 encontrar um site de apostas respeit\u00e1vel que aceite criptomoeda. Ao encontrar um site, voc\u00ea pode criar uma conta e depositar seu Bitcoin.<br><br>Ent\u00e3o, voc\u00ea pode come\u00e7ar a apostar nos jogos da Copa do Mundo. Voc\u00ea pode apostar em quem acha que vencer\u00e1 cada partida ou pode fazer apostas mais gerais no resultado do torneio. Seja qual for a maneira que voc\u00ea escolher para apostar, voc\u00ea certamente se divertir\u00e1 muito.<br><br>E, se voc\u00ea ganhar alguma aposta, poder\u00e1 sacar seus ganhos em Bitcoin. Portanto, apostar na Copa do Mundo n\u00e3o \u00e9 apenas uma maneira divertida de adicionar emo\u00e7\u00e3o \u00e0 sua experi\u00eancia de visualiza\u00e7\u00e3o de<\/p>\n\n\n\n<p id=\"block-e4f44931-e789-4577-99c2-f8338de10a3e\">Continue lendo para descobrir como fazer isso.<br><br>Se voc\u00ea est\u00e1 procurando uma maneira de adicionar emo\u00e7\u00e3o \u00e0 sua experi\u00eancia de assistir \u00e0 Copa do Mundo, apostar nos jogos \u00e9 uma \u00f3tima op\u00e7\u00e3o. E, se voc\u00ea quiser apostar usando criptomoeda, h\u00e1 algumas coisas que voc\u00ea precisa saber. Neste artigo, vamos orient\u00e1-lo no processo de apostar na Copa do Mundo da FIFA usando Bitcoin.<br><br>Primeiro, Argentina \u2013 Fran\u00e7a Aposte na final da Copa do Mundo com Bitcoin e Crypto voc\u00ea precisar\u00e1 adquirir alguns Bitcoins. Se voc\u00ea ainda n\u00e3o tem nenhum, pode compr\u00e1-lo em v\u00e1rias bolsas. Depois de ter seu Bitcoin, voc\u00ea precisar\u00e1 encontrar um site de apostas respeit\u00e1vel que aceite criptomoeda. Ao encontrar um site, voc\u00ea pode criar uma conta e depositar seu Bitcoin.<\/p>\n\n\n\n<h2 id=\"h-crypto-bookmaker-or-traditional-betting-site\">Casa de apostas cripto ou site de apostas tradicional?<\/h2>\n\n\n\n<p id=\"block-e4f44931-e789-4577-99c2-f8338de10a3e\"><br><br>Ent\u00e3o, voc\u00ea pode come\u00e7ar a apostar nos jogos da Copa do Mundo. Voc\u00ea pode apostar em quem acha que vencer\u00e1 cada partida ou pode fazer apostas mais gerais no resultado do torneio. Seja qual for a maneira que voc\u00ea escolher para apostar, voc\u00ea certamente se divertir\u00e1 muito.<br><br>E, se voc\u00ea ganhar alguma aposta, poder\u00e1 sacar seus ganhos em Bitcoin. Portanto, apostar na Copa do Mundo n\u00e3o \u00e9 apenas uma maneira divertida de adicionar emo\u00e7\u00e3o \u00e0 sua experi\u00eancia de visualiza\u00e7\u00e3o da Argentina \u2013 Fran\u00e7a Aposte na final da Copa do Mundo com Bitcoin e Crypto com Cloudbet, 1Xbit, Sportsbet, Trusdice, bc.game<\/p>","protected":false},"excerpt":{"rendered":"<p>Get ready for the most anticipated game of the FIFA World Cup 2022 in Qatar &#8211; France vs Argentina for the grand finale with Cloudbet, 1Xbit, Sportsbet, Trusdice, bc.game! Both teams have worked hard to make it to the final, and now it comes down to one match to determine the champion. With previews, recaps, &#8230;<\/p>","protected":false},"author":1,"featured_media":0,"parent":0,"menu_order":0,"comment_status":"closed","ping_status":"closed","template":"page-nosidebar.php","meta":[],"yoast_head":"<!-- This site is optimized with the Yoast SEO Premium plugin v19.5 (Yoast SEO v19.11) - https:\/\/yoast.com\/wordpress\/plugins\/seo\/ -->\n<title>Argentina - France Bet on the Final of the World Cup with Bitcoin and Crypto - Final FIFA World Cup 2022 in Qatar<\/title>\n<meta name=\"robots\" content=\"index, follow, max-snippet:-1, max-image-preview:large, max-video-preview:-1\" \/>\n<link rel=\"canonical\" href=\"https:\/\/wiki-crypto.net\/pt\/argentina-franca-aposta-final-copa-do-mundo-bitcoin-e-cripto\/\" \/>\n<meta property=\"og:locale\" content=\"pt_PT\" \/>\n<meta property=\"og:type\" content=\"article\" \/>\n<meta property=\"og:title\" content=\"Argentina - France Bet on the Final of the World Cup with Bitcoin and Crypto\" \/>\n<meta property=\"og:description\" content=\"Get ready for the most anticipated game of the FIFA World Cup 2022 in Qatar &#8211; France vs Argentina for the grand finale with Cloudbet, 1Xbit, Sportsbet, Trusdice, bc.game! Both teams have worked hard to make it to the final, and now it comes down to one match to determine the champion. With previews, recaps, ...\" \/>\n<meta property=\"og:url\" content=\"https:\/\/wiki-crypto.net\/pt\/argentina-franca-aposta-final-copa-do-mundo-bitcoin-e-cripto\/\" \/>\n<meta property=\"og:site_name\" content=\"Best Crypto Betting Sites | Bitcoin Bet On Football\" \/>\n<meta property=\"article:modified_time\" content=\"2022-12-17T14:41:10+00:00\" \/>\n<meta property=\"og:image\" content=\"https:\/\/wiki-crypto.net\/wp-content\/uploads\/2022\/12\/finale-france-argentine-1024x683.jpg\" \/>\n<meta name=\"twitter:card\" content=\"summary_large_image\" \/>\n<meta name=\"twitter:label1\" content=\"Tempo estimado de leitura\" \/>\n\t<meta name=\"twitter:data1\" content=\"7 minutos\" \/>\n<script type=\"application\/ld+json\" class=\"yoast-schema-graph\">{\"@context\":\"https:\/\/schema.org\",\"@graph\":[{\"@type\":\"WebPage\",\"@id\":\"https:\/\/wiki-crypto.net\/argentina-france-bet-final-world-cup-bitcoin-and-crypto\/\",\"url\":\"https:\/\/wiki-crypto.net\/argentina-france-bet-final-world-cup-bitcoin-and-crypto\/\",\"name\":\"Argentina - France Bet on the Final of the World Cup with Bitcoin and Crypto - Final FIFA World Cup 2022 in Qatar\",\"isPartOf\":{\"@id\":\"https:\/\/wiki-crypto.net\/#website\"},\"datePublished\":\"2022-12-11T22:00:34+00:00\",\"dateModified\":\"2022-12-17T14:41:10+00:00\",\"breadcrumb\":{\"@id\":\"https:\/\/wiki-crypto.net\/argentina-france-bet-final-world-cup-bitcoin-and-crypto\/#breadcrumb\"},\"inLanguage\":\"pt-PT\",\"potentialAction\":[{\"@type\":\"ReadAction\",\"target\":[\"https:\/\/wiki-crypto.net\/argentina-france-bet-final-world-cup-bitcoin-and-crypto\/\"]}]},{\"@type\":\"BreadcrumbList\",\"@id\":\"https:\/\/wiki-crypto.net\/argentina-france-bet-final-world-cup-bitcoin-and-crypto\/#breadcrumb\",\"itemListElement\":[{\"@type\":\"ListItem\",\"position\":1,\"name\":\"Home\",\"item\":\"https:\/\/wiki-crypto.net\/\"},{\"@type\":\"ListItem\",\"position\":2,\"name\":\"Argentina &#8211; France Bet on the Final of the World Cup with Bitcoin and Crypto\"}]},{\"@type\":\"WebSite\",\"@id\":\"https:\/\/wiki-crypto.net\/#website\",\"url\":\"https:\/\/wiki-crypto.net\/\",\"name\":\"Best Crypto Betting Sites | Bitcoin Bet On Football\",\"description\":\"Guide and Analysis of the best crypto betting sites, bookmaker for bonus, tips, odds, pronostics to bet online with Cloudbet, 1Xbit, Sportsbet, Trusdice, bc.game\",\"publisher\":{\"@id\":\"https:\/\/wiki-crypto.net\/#organization\"},\"potentialAction\":[{\"@type\":\"SearchAction\",\"target\":{\"@type\":\"EntryPoint\",\"urlTemplate\":\"https:\/\/wiki-crypto.net\/?s={search_term_string}\"},\"query-input\":\"required name=search_term_string\"}],\"inLanguage\":\"pt-PT\"},{\"@type\":\"Organization\",\"@id\":\"https:\/\/wiki-crypto.net\/#organization\",\"name\":\"Best Crypto Betting Sites | Bitcoin Bet On Football\",\"url\":\"https:\/\/wiki-crypto.net\/\",\"logo\":{\"@type\":\"ImageObject\",\"inLanguage\":\"pt-PT\",\"@id\":\"https:\/\/wiki-crypto.net\/#\/schema\/logo\/image\/\",\"url\":\"https:\/\/wiki-crypto.net\/wp-content\/uploads\/2022\/12\/cropped-10-juillet-2019-337-2.jpg\",\"contentUrl\":\"https:\/\/wiki-crypto.net\/wp-content\/uploads\/2022\/12\/cropped-10-juillet-2019-337-2.jpg\",\"width\":1600,\"height\":301,\"caption\":\"Best Crypto Betting Sites | Bitcoin Bet On Football\"},\"image\":{\"@id\":\"https:\/\/wiki-crypto.net\/#\/schema\/logo\/image\/\"}}]}<\/script>\n<!-- \/ Yoast SEO Premium plugin. -->","yoast_head_json":{"title":"Argentina - France Bet on the Final of the World Cup with Bitcoin and Crypto - Final FIFA World Cup 2022 in Qatar","robots":{"index":"index","follow":"follow","max-snippet":"max-snippet:-1","max-image-preview":"max-image-preview:large","max-video-preview":"max-video-preview:-1"},"canonical":"https:\/\/wiki-crypto.net\/pt\/argentina-franca-aposta-final-copa-do-mundo-bitcoin-e-cripto\/","og_locale":"pt_PT","og_type":"article","og_title":"Argentina - France Bet on the Final of the World Cup with Bitcoin and Crypto","og_description":"Get ready for the most anticipated game of the FIFA World Cup 2022 in Qatar &#8211; France vs Argentina for the grand finale with Cloudbet, 1Xbit, Sportsbet, Trusdice, bc.game! Both teams have worked hard to make it to the final, and now it comes down to one match to determine the champion. With previews, recaps, ...","og_url":"https:\/\/wiki-crypto.net\/pt\/argentina-franca-aposta-final-copa-do-mundo-bitcoin-e-cripto\/","og_site_name":"Best Crypto Betting Sites | Bitcoin Bet On Football","article_modified_time":"2022-12-17T14:41:10+00:00","og_image":[{"url":"https:\/\/wiki-crypto.net\/wp-content\/uploads\/2022\/12\/finale-france-argentine-1024x683.jpg"}],"twitter_card":"summary_large_image","twitter_misc":{"Tempo estimado de leitura":"7 minutos"},"schema":{"@context":"https:\/\/schema.org","@graph":[{"@type":"WebPage","@id":"https:\/\/wiki-crypto.net\/argentina-france-bet-final-world-cup-bitcoin-and-crypto\/","url":"https:\/\/wiki-crypto.net\/argentina-france-bet-final-world-cup-bitcoin-and-crypto\/","name":"Argentina - France Bet on the Final of the World Cup with Bitcoin and Crypto - Final FIFA World Cup 2022 in Qatar","isPartOf":{"@id":"https:\/\/wiki-crypto.net\/#website"},"datePublished":"2022-12-11T22:00:34+00:00","dateModified":"2022-12-17T14:41:10+00:00","breadcrumb":{"@id":"https:\/\/wiki-crypto.net\/argentina-france-bet-final-world-cup-bitcoin-and-crypto\/#breadcrumb"},"inLanguage":"pt-PT","potentialAction":[{"@type":"ReadAction","target":["https:\/\/wiki-crypto.net\/argentina-france-bet-final-world-cup-bitcoin-and-crypto\/"]}]},{"@type":"BreadcrumbList","@id":"https:\/\/wiki-crypto.net\/argentina-france-bet-final-world-cup-bitcoin-and-crypto\/#breadcrumb","itemListElement":[{"@type":"ListItem","position":1,"name":"Home","item":"https:\/\/wiki-crypto.net\/"},{"@type":"ListItem","position":2,"name":"Argentina &#8211; France Bet on the Final of the World Cup with Bitcoin and Crypto"}]},{"@type":"WebSite","@id":"https:\/\/wiki-crypto.net\/#website","url":"https:\/\/wiki-crypto.net\/","name":"Best Crypto Betting Sites | Bitcoin Bet On Football","description":"Guide and Analysis of the best crypto betting sites, bookmaker for bonus, tips, odds, pronostics to bet online with Cloudbet, 1Xbit, Sportsbet, Trusdice, bc.game","publisher":{"@id":"https:\/\/wiki-crypto.net\/#organization"},"potentialAction":[{"@type":"SearchAction","target":{"@type":"EntryPoint","urlTemplate":"https:\/\/wiki-crypto.net\/?s={search_term_string}"},"query-input":"required name=search_term_string"}],"inLanguage":"pt-PT"},{"@type":"Organization","@id":"https:\/\/wiki-crypto.net\/#organization","name":"Best Crypto Betting Sites | Bitcoin Bet On Football","url":"https:\/\/wiki-crypto.net\/","logo":{"@type":"ImageObject","inLanguage":"pt-PT","@id":"https:\/\/wiki-crypto.net\/#\/schema\/logo\/image\/","url":"https:\/\/wiki-crypto.net\/wp-content\/uploads\/2022\/12\/cropped-10-juillet-2019-337-2.jpg","contentUrl":"https:\/\/wiki-crypto.net\/wp-content\/uploads\/2022\/12\/cropped-10-juillet-2019-337-2.jpg","width":1600,"height":301,"caption":"Best Crypto Betting Sites | Bitcoin Bet On Football"},"image":{"@id":"https:\/\/wiki-crypto.net\/#\/schema\/logo\/image\/"}}]}},"_links":{"self":[{"href":"https:\/\/wiki-crypto.net\/pt\/wp-json\/wp\/v2\/pages\/195"}],"collection":[{"href":"https:\/\/wiki-crypto.net\/pt\/wp-json\/wp\/v2\/pages"}],"about":[{"href":"https:\/\/wiki-crypto.net\/pt\/wp-json\/wp\/v2\/types\/page"}],"author":[{"embeddable":true,"href":"https:\/\/wiki-crypto.net\/pt\/wp-json\/wp\/v2\/users\/1"}],"replies":[{"embeddable":true,"href":"https:\/\/wiki-crypto.net\/pt\/wp-json\/wp\/v2\/comments?post=195"}],"version-history":[{"count":3,"href":"https:\/\/wiki-crypto.net\/pt\/wp-json\/wp\/v2\/pages\/195\/revisions"}],"predecessor-version":[{"id":218,"href":"https:\/\/wiki-crypto.net\/pt\/wp-json\/wp\/v2\/pages\/195\/revisions\/218"}],"wp:attachment":[{"href":"https:\/\/wiki-crypto.net\/pt\/wp-json\/wp\/v2\/media?parent=195"}],"curies":[{"name":"wp","href":"https:\/\/api.w.org\/{rel}","templated":true}]}}