{"id":114,"date":"2022-12-04T13:07:10","date_gmt":"2022-12-04T13:07:10","guid":{"rendered":"https:\/\/wiki-crypto.net\/?page_id=114"},"modified":"2022-12-09T10:01:35","modified_gmt":"2022-12-09T10:01:35","slug":"esport-faq-questions","status":"publish","type":"page","link":"https:\/\/wiki-crypto.net\/pt\/esport-faq-questions\/","title":{"rendered":"Esport FAQ: Perguntas frequentes antes de apostar"},"content":{"rendered":"<figure class=\"wp-block-image size-full\"><img decoding=\"async\" loading=\"lazy\" width=\"645\" height=\"300\" src=\"https:\/\/wiki-crypto.net\/wp-content\/uploads\/2022\/12\/esport-faq.jpg\" alt=\"\" class=\"wp-image-124\" srcset=\"https:\/\/wiki-crypto.net\/wp-content\/uploads\/2022\/12\/esport-faq.jpg 645w, https:\/\/wiki-crypto.net\/wp-content\/uploads\/2022\/12\/esport-faq-300x140.jpg 300w, https:\/\/wiki-crypto.net\/wp-content\/uploads\/2022\/12\/esport-faq-18x8.jpg 18w\" sizes=\"(max-width: 645px) 100vw, 645px\" \/><\/figure>\n\n\n\n<h2 id=\"h-question-who-created-esports-and-what-is-the-first-esport-game\"><span id=\"question_who_created_esports_and_what_is_the_first_esport_game\">Pergunta : Quem criou eSports e qual \u00e9 o primeiro jogo de eSport?<\/span><\/h2>\n\n\n\n<p>O primeiro jogo de eSport foi o Quake, criado por John Carmack em 1996, ele organizou o \u201cRed Annihilation\u201d, torneio de Quake em que colocou em jogo sua Ferrari 328, vencida pelo americano Dennis \u201cThresh\u201d Fong.<\/p>\n\n\n\n<p>Na verdade, Quake \u00e9 um videogame de tiro em primeira pessoa lan\u00e7ado em 1996 pela id Software. \u00c9 amplamente considerado o progenitor do g\u00eanero multiplayer online battle arena (MOBA) e um dos jogos mais populares em eSports.<\/p>\n\n\n\n<p>Desde ent\u00e3o, o fen\u00f4meno Esport cresceu enormemente. Al\u00e9m de serem transmitidos ao vivo pelo Twitch e YouTube, os torneios tamb\u00e9m s\u00e3o transmitidos pelo Facebook e outras redes sociais. Por esta raz\u00e3o, os melhores jogadores ganham sal\u00e1rios de seis d\u00edgitos por ano de patroc\u00ednio e pr\u00eamios em dinheiro.<\/p>\n\n\n\n<h2><span id=\"question_which_country_was_the_first_to_recognize_esport_as_a_real_sporting_discipline\">Pergunta : Qual pa\u00eds foi o primeiro a reconhecer o eSport como uma verdadeira disciplina esportiva?<\/span><\/h2>\n\n\n\n<p>o <a href=\"https:\/\/wiki-crypto.net\/pt\/esport-historia\/\">hist\u00f3ria dos esportes eletr\u00f4nicos<\/a> teve in\u00edcio no final dos anos 1990 e in\u00edcio dos anos 2000, e alguns pa\u00edses, primeiramente Estados Unidos e Coreia do Sul, foram pioneiros. Mas o primeiro pa\u00eds a reconhecer o eSport como uma verdadeira disciplina esportiva foi a Holanda. Em 2017, o governo holand\u00eas aprovou uma lei que possibilitou que os eSports fossem reconhecidos como esporte oficial.<\/p>\n\n\n\n<p>Assim, o governo holand\u00eas tem apoiado muito essa nova cultura de jogo. Visto que eles viram como os eSports ajudaram a impulsionar a economia e criar empregos na Holanda.<\/p>\n\n\n\n<p>Na verdade, eles chegaram ao ponto de fornecer financiamento para eventos de jogos e locais de eSports, algo que outros pa\u00edses est\u00e3o apenas come\u00e7ando a fazer agora.<\/p>\n\n\n\n<h2><span id=\"question_how_did_esports_get_popular\">Pergunta: Como os esports se tornaram populares?<\/span><\/h2>\n\n\n\n<p>A receita global de jogos deve ultrapassar $320 bilh\u00f5es at\u00e9 2026. Imagem: PwC. Os jogos sociais e casuais impulsionar\u00e3o a expans\u00e3o \u00e0 medida que milh\u00f5es pegarem seus controladores para escapar do t\u00e9dio e do isolamento dos bloqueios do COVID-19 Uma grande fonte de entretenimento. Talvez a raz\u00e3o mais \u00f3bvia pela qual o e-sports seja t\u00e3o popular hoje em dia \u00e9 que \u00e9 muito divertido para todos os envolvidos. Seja voc\u00ea um espectador ou um participante ativo, voc\u00ea certamente n\u00e3o ficar\u00e1 entediado<\/p>\n\n\n\n<p><\/p>\n\n\n\n<h2><span id=\"question_how_to_bet_on_e-sport\">Pergunta Como apostar no E-Sport?<\/span><\/h2>\n\n\n\n<p>Embora voc\u00ea possa jogar antes dos eventos de e-sports, as apostas ao vivo se tornam muito populares durante os jogos. <\/p>\n\n\n\n<p>Algumas casas de apostas s\u00e3o especializadas em jogos espec\u00edficos, como CSGO, League of Legends, FIFA e DOTA2. Por exemplo, algu\u00e9m pode apostar em quem ter\u00e1 a \u201cprimeira morte\u201d em uma determinada partida. Outras apostas podem ser feitas em: <\/p>\n\n\n\n<ul>\n<li>Quem ganha a partida<\/li>\n\n\n\n<li>Quem ganha o torneio<\/li>\n\n\n\n<li>a pontua\u00e7\u00e3o final<\/li>\n<\/ul>\n\n\n\n<p>Apostas \u00cdmpar\/Par \u2013 Aqui voc\u00ea pode adivinhar se o jogo ganhou, o jogador morto ou o n\u00famero de rodadas jogadas foi par ou \u00edmpar. Apostas Over\/Under \u2013 Voc\u00ea pode apostar se uma equipe de esports ganhar\u00e1 mais ou menos do que um valor definido pelo site de apostas online.<\/p>\n<div id=\"toc_container\" class=\"no_bullets\"><p class=\"toc_title\">Conte\u00fado<\/p><ul class=\"toc_list\"><li><a href=\"#question_who_created_esports_and_what_is_the_first_esport_game\"><span class=\"toc_number toc_depth_1\">1<\/span> Pergunta : Quem criou eSports e qual \u00e9 o primeiro jogo de eSport?<\/a><\/li><li><a href=\"#question_which_country_was_the_first_to_recognize_esport_as_a_real_sporting_discipline\"><span class=\"toc_number toc_depth_1\">2<\/span> Pergunta : Qual pa\u00eds foi o primeiro a reconhecer o eSport como uma verdadeira disciplina esportiva?<\/a><\/li><li><a href=\"#question_how_did_esports_get_popular\"><span class=\"toc_number toc_depth_1\">3<\/span> Pergunta: Como os esports se tornaram populares?<\/a><\/li><li><a href=\"#question_how_to_bet_on_e-sport\"><span class=\"toc_number toc_depth_1\">4<\/span> Pergunta Como apostar no E-Sport?<\/a><\/li><\/ul><\/div>","protected":false},"excerpt":{"rendered":"<p>Pergunta : Quem criou eSports e qual \u00e9 o primeiro jogo de eSport? O primeiro jogo de eSport foi o Quake, criado por John Carmack em 1996, ele organizou o \u201cRed Annihilation\u201d, torneio de Quake em que colocou em jogo sua Ferrari 328, vencida pelo americano Dennis \u201cThresh\u201d Fong. Na verdade, Quake \u00e9 um v\u00eddeo de tiro em primeira pessoa \u2026<\/p>","protected":false},"author":1,"featured_media":0,"parent":0,"menu_order":0,"comment_status":"closed","ping_status":"closed","template":"page-nosidebar.php","meta":[],"yoast_head":"<!-- This site is optimized with the Yoast SEO Premium plugin v19.5 (Yoast SEO v19.11) - https:\/\/yoast.com\/wordpress\/plugins\/seo\/ -->\n<title>Esport FAQ : Frequently Asked Questions before Betting - Final FIFA World Cup 2022 in Qatar<\/title>\n<meta name=\"description\" content=\"Esport FAQ : answering all the questions you have before placing your first bets on game with Bicoin and Cryptocurrency\" \/>\n<meta name=\"robots\" content=\"index, follow, max-snippet:-1, max-image-preview:large, max-video-preview:-1\" \/>\n<link rel=\"canonical\" href=\"https:\/\/wiki-crypto.net\/pt\/esport-faq-fragen\/\" \/>\n<meta property=\"og:locale\" content=\"pt_PT\" \/>\n<meta property=\"og:type\" content=\"article\" \/>\n<meta property=\"og:title\" content=\"Esport FAQ : Frequently Asked Questions before Betting\" \/>\n<meta property=\"og:description\" content=\"Esport FAQ : answering all the questions you have before placing your first bets on game with Bicoin and Cryptocurrency\" \/>\n<meta property=\"og:url\" content=\"https:\/\/wiki-crypto.net\/pt\/esport-faq-fragen\/\" \/>\n<meta property=\"og:site_name\" content=\"Best Crypto Betting Sites | Bitcoin Bet On Football\" \/>\n<meta property=\"article:modified_time\" content=\"2022-12-09T10:01:35+00:00\" \/>\n<meta property=\"og:image\" content=\"https:\/\/wiki-crypto.net\/wp-content\/uploads\/2022\/12\/esport-faq.jpg\" \/>\n<meta name=\"twitter:card\" content=\"summary_large_image\" \/>\n<meta name=\"twitter:label1\" content=\"Tempo estimado de leitura\" \/>\n\t<meta name=\"twitter:data1\" content=\"3 minutos\" \/>\n<script type=\"application\/ld+json\" class=\"yoast-schema-graph\">{\"@context\":\"https:\/\/schema.org\",\"@graph\":[{\"@type\":\"WebPage\",\"@id\":\"https:\/\/wiki-crypto.net\/de\/esport-faq-fragen\/\",\"url\":\"https:\/\/wiki-crypto.net\/de\/esport-faq-fragen\/\",\"name\":\"Esport FAQ : Frequently Asked Questions before Betting - Final FIFA World Cup 2022 in Qatar\",\"isPartOf\":{\"@id\":\"https:\/\/wiki-crypto.net\/#website\"},\"datePublished\":\"2022-12-04T13:07:10+00:00\",\"dateModified\":\"2022-12-09T10:01:35+00:00\",\"description\":\"Esport FAQ : answering all the questions you have before placing your first bets on game with Bicoin and Cryptocurrency\",\"breadcrumb\":{\"@id\":\"https:\/\/wiki-crypto.net\/de\/esport-faq-fragen\/#breadcrumb\"},\"inLanguage\":\"pt-PT\",\"potentialAction\":[{\"@type\":\"ReadAction\",\"target\":[\"https:\/\/wiki-crypto.net\/de\/esport-faq-fragen\/\"]}]},{\"@type\":\"BreadcrumbList\",\"@id\":\"https:\/\/wiki-crypto.net\/de\/esport-faq-fragen\/#breadcrumb\",\"itemListElement\":[{\"@type\":\"ListItem\",\"position\":1,\"name\":\"Home\",\"item\":\"https:\/\/wiki-crypto.net\/\"},{\"@type\":\"ListItem\",\"position\":2,\"name\":\"Esport FAQ : Frequently Asked Questions before Betting\"}]},{\"@type\":\"WebSite\",\"@id\":\"https:\/\/wiki-crypto.net\/#website\",\"url\":\"https:\/\/wiki-crypto.net\/\",\"name\":\"Best Crypto Betting Sites | Bitcoin Bet On Football\",\"description\":\"Guide and Analysis of the best crypto betting sites, bookmaker for bonus, tips, odds, pronostics to bet online with Cloudbet, 1Xbit, Sportsbet, Trusdice, bc.game\",\"publisher\":{\"@id\":\"https:\/\/wiki-crypto.net\/#organization\"},\"potentialAction\":[{\"@type\":\"SearchAction\",\"target\":{\"@type\":\"EntryPoint\",\"urlTemplate\":\"https:\/\/wiki-crypto.net\/?s={search_term_string}\"},\"query-input\":\"required name=search_term_string\"}],\"inLanguage\":\"pt-PT\"},{\"@type\":\"Organization\",\"@id\":\"https:\/\/wiki-crypto.net\/#organization\",\"name\":\"Best Crypto Betting Sites | Bitcoin Bet On Football\",\"url\":\"https:\/\/wiki-crypto.net\/\",\"logo\":{\"@type\":\"ImageObject\",\"inLanguage\":\"pt-PT\",\"@id\":\"https:\/\/wiki-crypto.net\/#\/schema\/logo\/image\/\",\"url\":\"https:\/\/wiki-crypto.net\/wp-content\/uploads\/2022\/12\/cropped-10-juillet-2019-337-2.jpg\",\"contentUrl\":\"https:\/\/wiki-crypto.net\/wp-content\/uploads\/2022\/12\/cropped-10-juillet-2019-337-2.jpg\",\"width\":1600,\"height\":301,\"caption\":\"Best Crypto Betting Sites | Bitcoin Bet On Football\"},\"image\":{\"@id\":\"https:\/\/wiki-crypto.net\/#\/schema\/logo\/image\/\"}}]}<\/script>\n<!-- \/ Yoast SEO Premium plugin. -->","yoast_head_json":{"title":"Esport FAQ : Frequently Asked Questions before Betting - Final FIFA World Cup 2022 in Qatar","description":"Esport FAQ : answering all the questions you have before placing your first bets on game with Bicoin and Cryptocurrency","robots":{"index":"index","follow":"follow","max-snippet":"max-snippet:-1","max-image-preview":"max-image-preview:large","max-video-preview":"max-video-preview:-1"},"canonical":"https:\/\/wiki-crypto.net\/pt\/esport-faq-fragen\/","og_locale":"pt_PT","og_type":"article","og_title":"Esport FAQ : Frequently Asked Questions before Betting","og_description":"Esport FAQ : answering all the questions you have before placing your first bets on game with Bicoin and Cryptocurrency","og_url":"https:\/\/wiki-crypto.net\/pt\/esport-faq-fragen\/","og_site_name":"Best Crypto Betting Sites | Bitcoin Bet On Football","article_modified_time":"2022-12-09T10:01:35+00:00","og_image":[{"url":"https:\/\/wiki-crypto.net\/wp-content\/uploads\/2022\/12\/esport-faq.jpg"}],"twitter_card":"summary_large_image","twitter_misc":{"Tempo estimado de leitura":"3 minutos"},"schema":{"@context":"https:\/\/schema.org","@graph":[{"@type":"WebPage","@id":"https:\/\/wiki-crypto.net\/de\/esport-faq-fragen\/","url":"https:\/\/wiki-crypto.net\/de\/esport-faq-fragen\/","name":"Esport FAQ : Frequently Asked Questions before Betting - Final FIFA World Cup 2022 in Qatar","isPartOf":{"@id":"https:\/\/wiki-crypto.net\/#website"},"datePublished":"2022-12-04T13:07:10+00:00","dateModified":"2022-12-09T10:01:35+00:00","description":"Esport FAQ : answering all the questions you have before placing your first bets on game with Bicoin and Cryptocurrency","breadcrumb":{"@id":"https:\/\/wiki-crypto.net\/de\/esport-faq-fragen\/#breadcrumb"},"inLanguage":"pt-PT","potentialAction":[{"@type":"ReadAction","target":["https:\/\/wiki-crypto.net\/de\/esport-faq-fragen\/"]}]},{"@type":"BreadcrumbList","@id":"https:\/\/wiki-crypto.net\/de\/esport-faq-fragen\/#breadcrumb","itemListElement":[{"@type":"ListItem","position":1,"name":"Home","item":"https:\/\/wiki-crypto.net\/"},{"@type":"ListItem","position":2,"name":"Esport FAQ : Frequently Asked Questions before Betting"}]},{"@type":"WebSite","@id":"https:\/\/wiki-crypto.net\/#website","url":"https:\/\/wiki-crypto.net\/","name":"Best Crypto Betting Sites | Bitcoin Bet On Football","description":"Guide and Analysis of the best crypto betting sites, bookmaker for bonus, tips, odds, pronostics to bet online with Cloudbet, 1Xbit, Sportsbet, Trusdice, bc.game","publisher":{"@id":"https:\/\/wiki-crypto.net\/#organization"},"potentialAction":[{"@type":"SearchAction","target":{"@type":"EntryPoint","urlTemplate":"https:\/\/wiki-crypto.net\/?s={search_term_string}"},"query-input":"required name=search_term_string"}],"inLanguage":"pt-PT"},{"@type":"Organization","@id":"https:\/\/wiki-crypto.net\/#organization","name":"Best Crypto Betting Sites | Bitcoin Bet On Football","url":"https:\/\/wiki-crypto.net\/","logo":{"@type":"ImageObject","inLanguage":"pt-PT","@id":"https:\/\/wiki-crypto.net\/#\/schema\/logo\/image\/","url":"https:\/\/wiki-crypto.net\/wp-content\/uploads\/2022\/12\/cropped-10-juillet-2019-337-2.jpg","contentUrl":"https:\/\/wiki-crypto.net\/wp-content\/uploads\/2022\/12\/cropped-10-juillet-2019-337-2.jpg","width":1600,"height":301,"caption":"Best Crypto Betting Sites | Bitcoin Bet On Football"},"image":{"@id":"https:\/\/wiki-crypto.net\/#\/schema\/logo\/image\/"}}]}},"_links":{"self":[{"href":"https:\/\/wiki-crypto.net\/pt\/wp-json\/wp\/v2\/pages\/114"}],"collection":[{"href":"https:\/\/wiki-crypto.net\/pt\/wp-json\/wp\/v2\/pages"}],"about":[{"href":"https:\/\/wiki-crypto.net\/pt\/wp-json\/wp\/v2\/types\/page"}],"author":[{"embeddable":true,"href":"https:\/\/wiki-crypto.net\/pt\/wp-json\/wp\/v2\/users\/1"}],"replies":[{"embeddable":true,"href":"https:\/\/wiki-crypto.net\/pt\/wp-json\/wp\/v2\/comments?post=114"}],"version-history":[{"count":9,"href":"https:\/\/wiki-crypto.net\/pt\/wp-json\/wp\/v2\/pages\/114\/revisions"}],"predecessor-version":[{"id":146,"href":"https:\/\/wiki-crypto.net\/pt\/wp-json\/wp\/v2\/pages\/114\/revisions\/146"}],"wp:attachment":[{"href":"https:\/\/wiki-crypto.net\/pt\/wp-json\/wp\/v2\/media?parent=114"}],"curies":[{"name":"wp","href":"https:\/\/api.w.org\/{rel}","templated":true}]}}