{"id":75,"date":"2022-12-04T16:08:49","date_gmt":"2022-12-04T16:08:49","guid":{"rendered":"https:\/\/wiki-crypto.net\/?page_id=75"},"modified":"2022-12-04T17:25:58","modified_gmt":"2022-12-04T17:25:58","slug":"betting-esport-bitcoin-crypto","status":"publish","type":"page","link":"https:\/\/wiki-crypto.net\/fr\/paris-esport-bitcoin-crypto\/","title":{"rendered":"eSports, sites de paris acceptant Bitcoin et Crypto"},"content":{"rendered":"<figure class=\"wp-block-image size-large\"><img decoding=\"async\" loading=\"lazy\" width=\"1024\" height=\"683\" src=\"https:\/\/wiki-crypto.net\/wp-content\/uploads\/2022\/12\/betting-esport-bitcoin-crypto-1024x683.jpg\" alt=\"eSports, sites de paris acceptant Bitcoin et Crypto\" class=\"wp-image-165\" srcset=\"https:\/\/wiki-crypto.net\/wp-content\/uploads\/2022\/12\/betting-esport-bitcoin-crypto-1024x683.jpg 1024w, https:\/\/wiki-crypto.net\/wp-content\/uploads\/2022\/12\/betting-esport-bitcoin-crypto-300x200.jpg 300w, https:\/\/wiki-crypto.net\/wp-content\/uploads\/2022\/12\/betting-esport-bitcoin-crypto-768x512.jpg 768w, https:\/\/wiki-crypto.net\/wp-content\/uploads\/2022\/12\/betting-esport-bitcoin-crypto-18x12.jpg 18w, https:\/\/wiki-crypto.net\/wp-content\/uploads\/2022\/12\/betting-esport-bitcoin-crypto.jpg 1200w\" sizes=\"(max-width: 1024px) 100vw, 1024px\" \/><\/figure>\n\n\n\n<p><\/p>\n\n\n\n<h3><span id=\"the_revolution_of_e-sport_bet\">La r\u00e9volution du pari e-sport<\/span><\/h3>\n\n\n\n<p>Les paris eSports ont gagn\u00e9 en popularit\u00e9 de nos jours et le nombre de jeux sur lesquels vous pouvez parier comme d&#039;autres sports traditionnels comme sur le <a href=\"https:\/\/www.foot-bookmaker.com\/\">Football<\/a>. M\u00eame si les MOBA (DOTA, League of Legends, etc.) et les jeux de tir \u00e0 la premi\u00e8re personne (CS:GO, Overwatch, etc.) sont plus populaires, vous pouvez parier sur presque tous les jeux permettant aux \u00e9quipes ou aux joueurs de s&#039;affronter.<\/p>\n\n\n\n<p>Comme d&#039;autres sites de jeu, le principe est le m\u00eame, mais <strong>\u00e0 la place, vous pouvez utiliser Bitcoin pour placer votre pari.\u00a0<\/strong>En cons\u00e9quence, le nombre de sites de paris Bitcoin eSports augmente r\u00e9guli\u00e8rement, et ces sites combinent les avantages de l&#039;exp\u00e9rience de pari traditionnelle avec ceux de BTC.<\/p>\n\n\n\n<p>Pour cette raison, Bitcoin a permis aux paris sportifs de devenir plus accessibles aux personnes du monde entier, en particulier dans certains pays et juridictions o\u00f9 les paris sur des \u00e9v\u00e9nements sportifs en argent r\u00e9el sont restreints, ill\u00e9gaux ou soumis \u00e0 des taxes.<\/p>\n\n\n\n<p>C&#039;est pourquoi le principal avantage ici est que vous n&#039;enfreignez aucunement les lois en faisant des paris avec Bitcoin, car dans la plupart des pays, le BTC n&#039;est pas consid\u00e9r\u00e9 comme ill\u00e9gal, sachant qu&#039;il n&#039;est pas reconnu comme une monnaie.<\/p>\n\n\n\n<h2 id=\"h-how-to-use-bitcoin-crypto-to-bet-on-esports\"><span id=\"how_to_use_bitcoincrypto_to_bet_on_esports\">Comment utiliser Bitcoin\/Crypto pour parier sur l&#039;eSport<\/span><\/h2>\n\n\n\n<p>Afin de placer un pari, vous devez d&#039;abord cr\u00e9er un portefeuille Bitcoin pour stocker et envoyer vos Bitcoins. Si vous avez d\u00e9j\u00e0 un portefeuille Bitcoin, vous pouvez ignorer cette \u00e9tape.<\/p>\n\n\n\n<p>Une fois que le Bitcoin que vous avez achet\u00e9 sur l&#039;\u00e9change a \u00e9t\u00e9 envoy\u00e9 dans votre portefeuille, vous pouvez vous rendre dans la section ATM\/caissier des paris sportifs en ligne o\u00f9 vous souhaitez placer votre pari.<\/p>\n\n\n\n<p>S\u00e9lectionnez l&#039;option Bitcoin dans la liste des d\u00e9p\u00f4ts (lors du d\u00e9p\u00f4t de l&#039;argent du pari) ou dans la liste des retraits (lors du tirage des gains Bitcoin) et sp\u00e9cifiez le montant que vous souhaitez d\u00e9poser ou retirer.<\/p>\n\n\n\n<h2 id=\"h-the-best-esports-betting-sites-accept-bitcoin-crypo\"><span id=\"the_best_esports_betting_sites_accept_bitcoincrypo\">Les meilleurs sites de paris eSports acceptent Bitcoin\/Crypo :<\/span><\/h2>\n\n\n\n<h3 id=\"h-1xbit\"><span id=\"1xbit\"><strong>1xBit<\/strong><\/span><\/h3>\n\n\n\n<p>1xBit est un site Web Bitcoin Sportback et Bitcoin qui a \u00e9t\u00e9 lanc\u00e9 pour la premi\u00e8re fois en 2011. Cette plate-forme de jeu et de casino Bitcoin simple offre une gamme d&#039;actifs sur lesquels parier et une vari\u00e9t\u00e9 de jeux.<\/p>\n\n\n\n<p>Des paris en direct peuvent \u00eatre effectu\u00e9s sur le basket-ball, le hockey sur glace, les matchs de football\/football, le cricket, le baseball, les courses de rugby, la Formule 1 et plus encore, gr\u00e2ce \u00e0 l&#039;utilisation d&#039;une installation de t\u00e9l\u00e9vision virtuelle int\u00e9gr\u00e9e. Il existe de nombreux jeux auxquels vous pouvez penser. La plateforme en ligne fonctionne parfaitement, permettant au joueur de parier rapidement sans aucun probl\u00e8me. Examinons les diff\u00e9rents aspects de 1xBit pour d\u00e9terminer o\u00f9 il se situe parmi les autres sites de paris en ligne Bitcoin.<\/p>\n\n\n\n<p>1xBit est un site de paris Bitcoin mais accepte les d\u00e9p\u00f4ts et les retraits dans 18 crypto-monnaies, dont Ethereum, Dogecoin, Dash, Monero, Verge, Ethereum Classic, Bitcoin Cash, Bitcoin Gold, Zcash, Sibcoin, NEM et quelques autres. La plupart des paiements effectu\u00e9s via Bitcoin n&#039;entra\u00eenent aucun frais. Les cartes de cr\u00e9dit\/d\u00e9bit et les virements bancaires ne sont pas pris en charge pour les d\u00e9p\u00f4ts ou les retraits.<\/p>\n\n\n\n<h3 id=\"h-cloudbet\"><span id=\"cloudbet\">Cloudbet<\/span><\/h3>\n\n\n\n<p>Le c\u00e9l\u00e8bre Cloudbet est une vaste plateforme de paris en ligne et de casino en ligne fond\u00e9e en 2013, qui offre des fonctionnalit\u00e9s int\u00e9ressantes pour les joueurs de casino et les parieurs sportifs.<\/p>\n\n\n\n<p>Cloudbet Casino and Sports Betting est autoris\u00e9 par E-Gambling Montenegro, ce qui montre qu&#039;il est enti\u00e8rement autoris\u00e9 et autoris\u00e9 \u00e0 op\u00e9rer dans cette industrie. Pour effectuer des d\u00e9p\u00f4ts, vous devez cliquer sur le bouton D\u00e9p\u00f4t disponible dans le tableau de bord de votre compte, copier l&#039;adresse Bitcoin nouvellement g\u00e9n\u00e9r\u00e9e pour lancer la transaction et la coller dans votre portefeuille \u00e9lectronique pour d\u00e9poser des Bitcoins. Le montant minimum de d\u00e9p\u00f4t de Bitcoin est de 0,001 BTC et il n&#039;y a pas de limite maximale.<\/p>\n\n\n\n<p>\u00c9norme : Cloudbet propose aux utilisateurs en direct des sports tels que le badminton, le football am\u00e9ricain, le baseball, le bandy, la boxe, le cyclisme, le cricket, le floorball, les fl\u00e9chettes, le golf, le futsal, le hockey sur glace, le handball, les arts martiaux mixtes (MMA), le rugby, les sports m\u00e9caniques Football, billard, tennis, ping-pong, sports d&#039;hiver, water-polo et volley-ball.<\/p>\n\n\n\n<p>Les parieurs peuvent \u00e9galement parier sur des matchs en direct dans des cat\u00e9gories telles que le basket-ball, le tennis, le football, le cricket, le handball, le badminton, le volley-ball, le tennis de table et le hockey sur glace.<\/p>\n\n\n\n<h3 id=\"h-coinbet24\"><span id=\"coinbet24\"><strong>Coinbet24<\/strong><\/span><\/h3>\n\n\n\n<p>Coinbet24 est un site de pari Bitcoin qui permet aux utilisateurs de parier sur les sports et les jeux de casino. Coinbet24 n\u00e9cessite un compte pour parier et offre des bonus de d\u00e9p\u00f4t et un programme d&#039;affiliation (bien qu&#039;une demande \u00e9crite doive \u00eatre faite). Les utilisateurs disposent de diff\u00e9rentes m\u00e9thodes pour d\u00e9poser leurs fonds\u00a0:<\/p>\n\n\n\n<ul>\n<li>bitcoins<\/li>\n\n\n\n<li>Autres crypto-monnaies (ShapeShift)<\/li>\n\n\n\n<li>Carte de cr\u00e9dit<\/li>\n\n\n\n<li>Virement<\/li>\n\n\n\n<li>argent parfaite<\/li>\n\n\n\n<li>EcoPayz<\/li>\n<\/ul>\n\n\n\n<h3 id=\"h-coingaming\"><span id=\"coingaming\"><strong>CoinGaming<\/strong><\/span><\/h3>\n\n\n\n<p>CoinGaming est une plate-forme sp\u00e9cialis\u00e9e dans la fourniture d&#039;options de devise Bitcoin pour l&#039;industrie iGaming. CoinGaming.io est un immense casino en ligne qui propose plus de 30 jeux, avec des machines \u00e0 sous, du blackjack, du poker, du rami, de la loterie et de la roulette.<\/p>\n\n\n\n<p>Les joueurs re\u00e7oivent un bonus de d\u00e9p\u00f4t de 100% jusqu&#039;\u00e0 1 BTC et un bonus de recharge pour les d\u00e9p\u00f4ts ult\u00e9rieurs. Le site offre plus de 18 000 BTC \u00e0 partir des gains du jackpot. De plus, il est connu pour avoir des processus de d\u00e9p\u00f4t et de retrait relativement rapides.<\/p>\n\n\n\n<p>CoinGaming, membre Silver de cette fondation Bitcoin, propose un syst\u00e8me complet de casino en marque blanche accessible aux joueurs du monde entier. La plate-forme comprend une s\u00e9lection de machines \u00e0 sous de casino (plus de 700) et des croupiers pour les jeux de table et de craps.<\/p>\n\n\n\n<p>Les traders en direct sont d\u00e9sormais disponibles 24h\/24 et 7j\/7 et sont diffus\u00e9s \u00e0 partir de studios sp\u00e9cialis\u00e9s utilisant une technologie de streaming de pointe. Les utilisateurs peuvent d\u00e9poser et retirer instantan\u00e9ment en utilisant Bitcoin, et les portefeuilles des joueurs sont mis \u00e0 jour en temps r\u00e9el.<\/p>\n\n\n\n<h2 id=\"h-why-use-bitcoin-crypo-in-esports-betting-sites\"><span id=\"why_use_bitcoincrypo_in_esports_betting_sites\">Pourquoi utiliser Bitcoin\/Crypo sur les sites de paris eSports ?<\/span><\/h2>\n\n\n\n<p>Bitcoin\/Crypo est rapide et simple \u00e0 utiliser une fois que vous commencez \u00e0 faire des d\u00e9p\u00f4ts sur les paris sportifs en ligne. Les frais de transaction peuvent aller de 0% \u00e0 2%, cach\u00e9s ou non, contrairement aux frais factur\u00e9s par les moyens de paiement traditionnels comme les cartes de cr\u00e9dit ou les virements bancaires directs.<\/p>\n\n\n\n<p>Plusieurs bookmakers qui ont des options de d\u00e9p\u00f4t et de retrait Bitcoin font \u00e9galement des transactions BTC le moyen le moins cher de financer votre compte de pari, avec de nombreux bonus sp\u00e9cifiques \u00e0 Bitcoin sur les inscriptions et les promotions pour augmenter le solde de votre compte de pari.<\/p>\n\n\n\n<p>Si vous utilisez Bitcoin pour d\u00e9poser des paris sur votre compte de paris sportifs et retirer vos gains potentiels, le site de paris ne sera pas en possession de vos informations personnelles et financi\u00e8res.<\/p>\n\n\n\n<p>Jouez toujours ce que vous \u00eates pr\u00eat \u00e0 perdre. Bonne chance!<\/p>\n\n\n\n<h3 id=\"h-the-most-popular-game-to-bet-in-2023\"><span id=\"the_most_popular_game_to_bet_in_2023\">Le jeu le plus populaire pour parier en 2023<\/span><\/h3>\n\n\n\n<p>CS:GO, Dota 2, League of Legends, Smite, Battlegrounds, Call of Duty, StarCraft 2, Hearthstone, World of Tanks, Halo, FIFA, NBA 2K18, Overwatch, Heroes of the Storm, Vainglory, Fortnite, Valorant<\/p>\n\n\n\n<p><\/p>\n<div id=\"toc_container\" class=\"no_bullets\"><p class=\"toc_title\">Contenu<\/p><ul class=\"toc_list\"><ul><li><a href=\"#the_revolution_of_e-sport_bet\"><span class=\"toc_number toc_depth_2\">0.1<\/span> La r\u00e9volution du pari e-sport<\/a><\/li><\/ul><\/li><li><a href=\"#how_to_use_bitcoincrypto_to_bet_on_esports\"><span class=\"toc_number toc_depth_1\">1<\/span> Comment utiliser Bitcoin\/Crypto pour parier sur l&#039;eSport<\/a><\/li><li><a href=\"#the_best_esports_betting_sites_accept_bitcoincrypo\"><span class=\"toc_number toc_depth_1\">2<\/span> Les meilleurs sites de paris eSports acceptent Bitcoin\/Crypo :<\/a><ul><li><a href=\"#1xbit\"><span class=\"toc_number toc_depth_2\">2.1<\/span> 1xBit<\/a><\/li><li><a href=\"#cloudbet\"><span class=\"toc_number toc_depth_2\">2.2<\/span> Cloudbet<\/a><\/li><li><a href=\"#coinbet24\"><span class=\"toc_number toc_depth_2\">2.3<\/span> Coinbet24<\/a><\/li><li><a href=\"#coingaming\"><span class=\"toc_number toc_depth_2\">2.4<\/span> CoinGaming<\/a><\/li><\/ul><\/li><li><a href=\"#why_use_bitcoincrypo_in_esports_betting_sites\"><span class=\"toc_number toc_depth_1\">3<\/span> Pourquoi utiliser Bitcoin\/Crypo sur les sites de paris eSports ?<\/a><ul><li><a href=\"#the_most_popular_game_to_bet_in_2023\"><span class=\"toc_number toc_depth_2\">3.1<\/span> Le jeu le plus populaire pour parier en 2023<\/a><\/li><\/ul><\/li><\/ul><\/div>","protected":false},"excerpt":{"rendered":"<p>The Revolution of E-sport Bet eSports betting has grown in popularity nowadays and the number of games you can bet on it like other traditional sport as on the Football.\u00a0Even though MOBAs (DOTA, League of Legends, etc.) and first-person shooters (CS:GO, Overwatch, etc.) are more popular, you can bet on almost any game that allows &#8230;<\/p>","protected":false},"author":1,"featured_media":0,"parent":0,"menu_order":0,"comment_status":"closed","ping_status":"closed","template":"page-nosidebar.php","meta":[],"yoast_head":"<!-- This site is optimized with the Yoast SEO Premium plugin v19.5 (Yoast SEO v19.11) - https:\/\/yoast.com\/wordpress\/plugins\/seo\/ -->\n<title>eSports, Betting Sites that accept Bitcoin and Crypto - Final FIFA World Cup 2022 in Qatar<\/title>\n<meta name=\"description\" content=\"Best crypto E-Sports betting sites : Analysis, Odd and Exclusive Bonus. Choose the right Bitcoin\/Crypto eGaming bookmaker!\" \/>\n<meta name=\"robots\" content=\"index, follow, max-snippet:-1, max-image-preview:large, max-video-preview:-1\" \/>\n<link rel=\"canonical\" href=\"https:\/\/wiki-crypto.net\/fr\/paris-esport-bitcoin-crypto\/\" \/>\n<meta property=\"og:locale\" content=\"fr_FR\" \/>\n<meta property=\"og:type\" content=\"article\" \/>\n<meta property=\"og:title\" content=\"eSports, Betting Sites that accept Bitcoin and Crypto\" \/>\n<meta property=\"og:description\" content=\"Best crypto E-Sports betting sites : Analysis, Odd and Exclusive Bonus. Choose the right Bitcoin\/Crypto eGaming bookmaker!\" \/>\n<meta property=\"og:url\" content=\"https:\/\/wiki-crypto.net\/fr\/paris-esport-bitcoin-crypto\/\" \/>\n<meta property=\"og:site_name\" content=\"Best Crypto Betting Sites | Bitcoin Bet On Football\" \/>\n<meta property=\"article:modified_time\" content=\"2022-12-04T17:25:58+00:00\" \/>\n<meta property=\"og:image\" content=\"https:\/\/wiki-crypto.net\/wp-content\/uploads\/2022\/12\/betting-esport-bitcoin-crypto-1024x683.jpg\" \/>\n<meta name=\"twitter:card\" content=\"summary_large_image\" \/>\n<meta name=\"twitter:label1\" content=\"Dur\u00e9e de lecture estim\u00e9e\" \/>\n\t<meta name=\"twitter:data1\" content=\"6 minutes\" \/>\n<script type=\"application\/ld+json\" class=\"yoast-schema-graph\">{\"@context\":\"https:\/\/schema.org\",\"@graph\":[{\"@type\":\"WebPage\",\"@id\":\"https:\/\/wiki-crypto.net\/betting-esport-bitcoin-crypto\/\",\"url\":\"https:\/\/wiki-crypto.net\/betting-esport-bitcoin-crypto\/\",\"name\":\"eSports, Betting Sites that accept Bitcoin and Crypto - Final FIFA World Cup 2022 in Qatar\",\"isPartOf\":{\"@id\":\"https:\/\/wiki-crypto.net\/#website\"},\"datePublished\":\"2022-12-04T16:08:49+00:00\",\"dateModified\":\"2022-12-04T17:25:58+00:00\",\"description\":\"Best crypto E-Sports betting sites : Analysis, Odd and Exclusive Bonus. Choose the right Bitcoin\/Crypto eGaming bookmaker!\",\"breadcrumb\":{\"@id\":\"https:\/\/wiki-crypto.net\/betting-esport-bitcoin-crypto\/#breadcrumb\"},\"inLanguage\":\"fr-FR\",\"potentialAction\":[{\"@type\":\"ReadAction\",\"target\":[\"https:\/\/wiki-crypto.net\/betting-esport-bitcoin-crypto\/\"]}]},{\"@type\":\"BreadcrumbList\",\"@id\":\"https:\/\/wiki-crypto.net\/betting-esport-bitcoin-crypto\/#breadcrumb\",\"itemListElement\":[{\"@type\":\"ListItem\",\"position\":1,\"name\":\"Home\",\"item\":\"https:\/\/wiki-crypto.net\/\"},{\"@type\":\"ListItem\",\"position\":2,\"name\":\"eSports, Betting Sites that accept Bitcoin and Crypto\"}]},{\"@type\":\"WebSite\",\"@id\":\"https:\/\/wiki-crypto.net\/#website\",\"url\":\"https:\/\/wiki-crypto.net\/\",\"name\":\"Best Crypto Betting Sites | Bitcoin Bet On Football\",\"description\":\"Guide and Analysis of the best crypto betting sites, bookmaker for bonus, tips, odds, pronostics to bet online with Cloudbet, 1Xbit, Sportsbet, Trusdice, bc.game\",\"publisher\":{\"@id\":\"https:\/\/wiki-crypto.net\/#organization\"},\"potentialAction\":[{\"@type\":\"SearchAction\",\"target\":{\"@type\":\"EntryPoint\",\"urlTemplate\":\"https:\/\/wiki-crypto.net\/?s={search_term_string}\"},\"query-input\":\"required name=search_term_string\"}],\"inLanguage\":\"fr-FR\"},{\"@type\":\"Organization\",\"@id\":\"https:\/\/wiki-crypto.net\/#organization\",\"name\":\"Best Crypto Betting Sites | Bitcoin Bet On Football\",\"url\":\"https:\/\/wiki-crypto.net\/\",\"logo\":{\"@type\":\"ImageObject\",\"inLanguage\":\"fr-FR\",\"@id\":\"https:\/\/wiki-crypto.net\/#\/schema\/logo\/image\/\",\"url\":\"https:\/\/wiki-crypto.net\/wp-content\/uploads\/2022\/12\/cropped-10-juillet-2019-337-2.jpg\",\"contentUrl\":\"https:\/\/wiki-crypto.net\/wp-content\/uploads\/2022\/12\/cropped-10-juillet-2019-337-2.jpg\",\"width\":1600,\"height\":301,\"caption\":\"Best Crypto Betting Sites | Bitcoin Bet On Football\"},\"image\":{\"@id\":\"https:\/\/wiki-crypto.net\/#\/schema\/logo\/image\/\"}}]}<\/script>\n<!-- \/ Yoast SEO Premium plugin. -->","yoast_head_json":{"title":"eSports, Betting Sites that accept Bitcoin and Crypto - Final FIFA World Cup 2022 in Qatar","description":"Best crypto E-Sports betting sites : Analysis, Odd and Exclusive Bonus. Choose the right Bitcoin\/Crypto eGaming bookmaker!","robots":{"index":"index","follow":"follow","max-snippet":"max-snippet:-1","max-image-preview":"max-image-preview:large","max-video-preview":"max-video-preview:-1"},"canonical":"https:\/\/wiki-crypto.net\/fr\/paris-esport-bitcoin-crypto\/","og_locale":"fr_FR","og_type":"article","og_title":"eSports, Betting Sites that accept Bitcoin and Crypto","og_description":"Best crypto E-Sports betting sites : Analysis, Odd and Exclusive Bonus. Choose the right Bitcoin\/Crypto eGaming bookmaker!","og_url":"https:\/\/wiki-crypto.net\/fr\/paris-esport-bitcoin-crypto\/","og_site_name":"Best Crypto Betting Sites | Bitcoin Bet On Football","article_modified_time":"2022-12-04T17:25:58+00:00","og_image":[{"url":"https:\/\/wiki-crypto.net\/wp-content\/uploads\/2022\/12\/betting-esport-bitcoin-crypto-1024x683.jpg"}],"twitter_card":"summary_large_image","twitter_misc":{"Dur\u00e9e de lecture estim\u00e9e":"6 minutes"},"schema":{"@context":"https:\/\/schema.org","@graph":[{"@type":"WebPage","@id":"https:\/\/wiki-crypto.net\/betting-esport-bitcoin-crypto\/","url":"https:\/\/wiki-crypto.net\/betting-esport-bitcoin-crypto\/","name":"eSports, Betting Sites that accept Bitcoin and Crypto - Final FIFA World Cup 2022 in Qatar","isPartOf":{"@id":"https:\/\/wiki-crypto.net\/#website"},"datePublished":"2022-12-04T16:08:49+00:00","dateModified":"2022-12-04T17:25:58+00:00","description":"Best crypto E-Sports betting sites : Analysis, Odd and Exclusive Bonus. Choose the right Bitcoin\/Crypto eGaming bookmaker!","breadcrumb":{"@id":"https:\/\/wiki-crypto.net\/betting-esport-bitcoin-crypto\/#breadcrumb"},"inLanguage":"fr-FR","potentialAction":[{"@type":"ReadAction","target":["https:\/\/wiki-crypto.net\/betting-esport-bitcoin-crypto\/"]}]},{"@type":"BreadcrumbList","@id":"https:\/\/wiki-crypto.net\/betting-esport-bitcoin-crypto\/#breadcrumb","itemListElement":[{"@type":"ListItem","position":1,"name":"Home","item":"https:\/\/wiki-crypto.net\/"},{"@type":"ListItem","position":2,"name":"eSports, Betting Sites that accept Bitcoin and Crypto"}]},{"@type":"WebSite","@id":"https:\/\/wiki-crypto.net\/#website","url":"https:\/\/wiki-crypto.net\/","name":"Best Crypto Betting Sites | Bitcoin Bet On Football","description":"Guide and Analysis of the best crypto betting sites, bookmaker for bonus, tips, odds, pronostics to bet online with Cloudbet, 1Xbit, Sportsbet, Trusdice, bc.game","publisher":{"@id":"https:\/\/wiki-crypto.net\/#organization"},"potentialAction":[{"@type":"SearchAction","target":{"@type":"EntryPoint","urlTemplate":"https:\/\/wiki-crypto.net\/?s={search_term_string}"},"query-input":"required name=search_term_string"}],"inLanguage":"fr-FR"},{"@type":"Organization","@id":"https:\/\/wiki-crypto.net\/#organization","name":"Best Crypto Betting Sites | Bitcoin Bet On Football","url":"https:\/\/wiki-crypto.net\/","logo":{"@type":"ImageObject","inLanguage":"fr-FR","@id":"https:\/\/wiki-crypto.net\/#\/schema\/logo\/image\/","url":"https:\/\/wiki-crypto.net\/wp-content\/uploads\/2022\/12\/cropped-10-juillet-2019-337-2.jpg","contentUrl":"https:\/\/wiki-crypto.net\/wp-content\/uploads\/2022\/12\/cropped-10-juillet-2019-337-2.jpg","width":1600,"height":301,"caption":"Best Crypto Betting Sites | Bitcoin Bet On Football"},"image":{"@id":"https:\/\/wiki-crypto.net\/#\/schema\/logo\/image\/"}}]}},"_links":{"self":[{"href":"https:\/\/wiki-crypto.net\/fr\/wp-json\/wp\/v2\/pages\/75"}],"collection":[{"href":"https:\/\/wiki-crypto.net\/fr\/wp-json\/wp\/v2\/pages"}],"about":[{"href":"https:\/\/wiki-crypto.net\/fr\/wp-json\/wp\/v2\/types\/page"}],"author":[{"embeddable":true,"href":"https:\/\/wiki-crypto.net\/fr\/wp-json\/wp\/v2\/users\/1"}],"replies":[{"embeddable":true,"href":"https:\/\/wiki-crypto.net\/fr\/wp-json\/wp\/v2\/comments?post=75"}],"version-history":[{"count":11,"href":"https:\/\/wiki-crypto.net\/fr\/wp-json\/wp\/v2\/pages\/75\/revisions"}],"predecessor-version":[{"id":177,"href":"https:\/\/wiki-crypto.net\/fr\/wp-json\/wp\/v2\/pages\/75\/revisions\/177"}],"wp:attachment":[{"href":"https:\/\/wiki-crypto.net\/fr\/wp-json\/wp\/v2\/media?parent=75"}],"curies":[{"name":"wp","href":"https:\/\/api.w.org\/{rel}","templated":true}]}}