{"id":21,"date":"2022-11-30T21:18:21","date_gmt":"2022-11-30T21:18:21","guid":{"rendered":"https:\/\/wiki-crypto.net\/?page_id=21"},"modified":"2022-12-04T17:08:03","modified_gmt":"2022-12-04T17:08:03","slug":"bitcoin-history","status":"publish","type":"page","link":"https:\/\/wiki-crypto.net\/fr\/histoire-bitcoin\/","title":{"rendered":"Historique des bitcoins"},"content":{"rendered":"<div class=\"wp-block-image\">\n<figure class=\"alignleft size-large is-resized\"><img decoding=\"async\" loading=\"lazy\" src=\"https:\/\/wiki-crypto.net\/wp-content\/uploads\/2022\/12\/bitcoin-history-1024x1024.jpg\" alt=\"Historique des bitcoins\" class=\"wp-image-155\" width=\"272\" height=\"272\" srcset=\"https:\/\/wiki-crypto.net\/wp-content\/uploads\/2022\/12\/bitcoin-history-1024x1024.jpg 1024w, https:\/\/wiki-crypto.net\/wp-content\/uploads\/2022\/12\/bitcoin-history-300x300.jpg 300w, https:\/\/wiki-crypto.net\/wp-content\/uploads\/2022\/12\/bitcoin-history-150x150.jpg 150w, https:\/\/wiki-crypto.net\/wp-content\/uploads\/2022\/12\/bitcoin-history-768x768.jpg 768w, https:\/\/wiki-crypto.net\/wp-content\/uploads\/2022\/12\/bitcoin-history-1536x1536.jpg 1536w, https:\/\/wiki-crypto.net\/wp-content\/uploads\/2022\/12\/bitcoin-history-12x12.jpg 12w, https:\/\/wiki-crypto.net\/wp-content\/uploads\/2022\/12\/bitcoin-history.jpg 1600w\" sizes=\"(max-width: 272px) 100vw, 272px\" \/><\/figure><\/div>\n\n\n<p><em>Bitcoin est l&#039;une des technologies financi\u00e8res les plus r\u00e9volutionnaires de la derni\u00e8re d\u00e9cennie. Mais quelle est l&#039;histoire derri\u00e8re cette monnaie num\u00e9rique ? Comment Bitcoin est-il n\u00e9 et pourquoi est-il si populaire ? Dans cette page, nous explorerons l&#039;histoire de Bitcoin, de ses d\u00e9buts myst\u00e9rieux \u00e0 son statut actuel de ph\u00e9nom\u00e8ne mondial. Nous comprendrons la technologie qui le rend possible, les personnes qui ont fa\u00e7onn\u00e9 son d\u00e9veloppement et l&#039;impact qu&#039;il a eu sur le monde de la finance. Alors, commen\u00e7ons par l&#039;histoire de Bitcoin.<\/em><\/p>\n\n\n\n<p><\/p>\n\n\n\n<h3 id=\"h-cryptocurrency-the-beginning-of-the-saga\"><span id=\"cryptocurrency_the_beginning_of_the_saga\">Crypto-monnaie : le d\u00e9but de la saga<\/span><\/h3>\n\n\n\n<p>Commen\u00e7ons par L&#039;histoire de la plus c\u00e9l\u00e8bre des crypto-monnaies est d\u00e9sormais connue de tous : Le Bitcoin.\u00a0<strong>En 2008, Satoshi Nakamoto a publi\u00e9 le protocole Bitcoin<\/strong>\u00a0sur la liste de diffusion The Cryptography sur Internet, pour ensuite distribuer la premi\u00e8re version du logiciel client l&#039;ann\u00e9e suivante et contribuer avec d&#039;autres d\u00e9veloppeurs \u00e0 \u00e9tendre le projet, pour se retirer de la communaut\u00e9 Bitcoin en 2010, laissant le fonctionnement du programme en entre les mains de Gavin Andersen.<\/p>\n\n\n\n<p>Aujourd&#039;hui encore, on discute de la v\u00e9ritable identit\u00e9 derri\u00e8re le pseudonyme japonais du cr\u00e9ateur de la crypto-monnaie et aucune des th\u00e9ories \u00e9labor\u00e9es jusqu&#039;\u00e0 pr\u00e9sent n&#039;a trouv\u00e9 de confirmation dans la r\u00e9alit\u00e9.&nbsp;<strong>La valeur de Bitcoin a continu\u00e9 de cro\u00eetre<\/strong>&nbsp;au fil des ans depuis lors, mais pas r\u00e9guli\u00e8rement au fil du temps.<\/p>\n\n\n\n<p>D\u00e9but 2012, un Bitcoin s&#039;\u00e9changeait pour 13 dollars, fin 2016 il en valait 850. En d\u00e9cembre 2017, le Chicago Board of Trade (CBOT), la bourse de la ville de l&#039;Illinois, a commenc\u00e9 \u00e0&nbsp;<strong>permettre la n\u00e9gociation de titres \u00e0 terme sur<\/strong>&nbsp;le plus connu, une sorte de contrat qui permet aux op\u00e9rateurs de parier sur la valeur future d&#039;un actif, contribuant \u00e0 faire monter en fl\u00e8che la valeur de la monnaie virtuelle.<\/p>\n\n\n\n<p>Alors&nbsp;<strong>Le bitcoin atteint $20 000 fin 2017, avant une chute brutale \u00e0 $12 000<\/strong>&nbsp;, puis cl\u00f4turant l&#039;ann\u00e9e \u00e0 $14 600. Actuellement, le battage m\u00e9diatique autour de cette crypto-monnaie a un peu diminu\u00e9, et dans le m\u00eame temps d&#039;autres crypto-monnaies telles que Ethereum ou Litecoin sont entr\u00e9es sur le march\u00e9 et se sont empar\u00e9es d&#039;une tranche du secteur, m\u00eame si les Bitcoins, en tant que premiers arriv\u00e9s, continuent d&#039;\u00eatre d\u00e9finis. comme l&#039;arch\u00e9type de ce type de transaction.<\/p>\n\n\n\n<h2 id=\"h-cryptocurrency-history-volatility-and-fluctuations\"><span id=\"cryptocurrency_history_volatility_and_fluctuations\">Volatilit\u00e9 et fluctuations de l&#039;historique des crypto-monnaies <\/span><\/h2>\n\n\n\n<p>Parmi les risques majeurs li\u00e9s aux Bitcoins, vous aurez s\u00fbrement entendu parler de la volatilit\u00e9 et de la fluctuation de la devise. Mais \u00e0 quoi correspondent exactement ces deux termes ? Sans vouloir rentrer dans des probl\u00e9matiques trop \u00e9conomiques, limitons-nous \u00e0 quelques d\u00e9finitions. La volatilit\u00e9 est une mesure de la&nbsp;<strong>variation du cours d&#039;une devise sur une p\u00e9riode donn\u00e9e<\/strong>&nbsp;. C&#039;est important car plus la volatilit\u00e9 est \u00e9lev\u00e9e, plus il est risqu\u00e9 de d\u00e9tenir un actif financier comme les Bitcoins, \u00e9tant donn\u00e9 que son prix peut soudainement augmenter ou diminuer.<\/p>\n\n\n\n<p>Pour le mettre en contexte, laissons\u00a0<strong>disons que Bitcoin a un indice de volatilit\u00e9 de 4.60%, alors que celui des principales monnaies traditionnelles, comme l&#039;euro ou le dollar, fluctue entre 0.5% et 1%<\/strong>\u00a0. La principale diff\u00e9rence est qu&#039;en r\u00e9alit\u00e9, comme nous l&#039;avons d\u00e9j\u00e0 expliqu\u00e9, le Bitcoin est un algorithme et non une monnaie, et ne devrait donc m\u00eame pas \u00eatre consid\u00e9r\u00e9 comme tel. Par cons\u00e9quent, le montant de Bitcoins est fix\u00e9 \u00e0 21 millions et ne peut \u00eatre modifi\u00e9, contrairement aux monnaies traditionnelles. Au fur et \u00e0 mesure qu&#039;elle gagne en popularit\u00e9 et en acceptation parmi les gens, la valeur de la crypto-monnaie ne fera qu&#039;augmenter r\u00e9guli\u00e8rement.<\/p>\n\n\n\n<h2 id=\"h-are-bitcoins-the-future-of-betting\"><span id=\"are_bitcoins_the_future_of_betting\">Les Bitcoins sont-ils l&#039;avenir des paris ?<\/span><\/h2>\n\n\n\n<p>Comme nous l&#039;avons vu dans cette revue, l&#039;histoire de Bitcoin se pr\u00eate tr\u00e8s bien \u00e0 \u00eatre utilis\u00e9e pour les paris en ligne. Tr\u00e8s\u00a0<strong>d\u00e9lais de d\u00e9p\u00f4t et de retrait rapides<\/strong>\u00a0, excellent en particulier pour les paris en direct , les paiements non soumis \u00e0 commission et \u00e0 la fiscalit\u00e9 et la possibilit\u00e9 de prot\u00e9ger vos donn\u00e9es financi\u00e8res et personnelles sont des caract\u00e9ristiques que tous les parieurs appr\u00e9cient.<\/p>\n\n\n\n<p><strong>Cura\u00e7ao et l&#039;\u00eele de Man ont \u00e9t\u00e9 les premi\u00e8res autorit\u00e9s \u00e0 l\u00e9galiser l&#039;utilisation du Bitcoin<\/strong>\u00a0pour les jeux en ligne. Fin 2016, la Commission anglaise des jeux de hasard, l&#039;un des concessionnaires les plus r\u00e9glement\u00e9s au monde, a assimil\u00e9 les crypto-monnaies aux m\u00e9thodes de paiement traditionnelles telles que les cartes de cr\u00e9dit et les virements bancaires, suivie de pr\u00e8s par la Direcci\u00f3n General de Ordenaci\u00f3n del Juego espagnole. Une ouverture \u00e0 l&#039;utilisation des monnaies virtuelles est \u00e9galement \u00e9tudi\u00e9e par la Malta Gaming Authority.\u00a0<\/p>\n\n\n\n<p>Il y a donc une forte probabilit\u00e9 que les cryptomonnaies repr\u00e9sentent l&#039;avenir du pari et l&#039;histoire du Bitcoin, la Crypto ne fait que commencer !<\/p>\n<div id=\"toc_container\" class=\"no_bullets\"><p class=\"toc_title\">Contenu<\/p><ul class=\"toc_list\"><ul><li><a href=\"#cryptocurrency_the_beginning_of_the_saga\"><span class=\"toc_number toc_depth_2\">0.1<\/span> Crypto-monnaie : le d\u00e9but de la saga<\/a><\/li><\/ul><\/li><li><a href=\"#cryptocurrency_history_volatility_and_fluctuations\"><span class=\"toc_number toc_depth_1\">1<\/span> Volatilit\u00e9 et fluctuations de l&#039;historique des crypto-monnaies <\/a><\/li><li><a href=\"#are_bitcoins_the_future_of_betting\"><span class=\"toc_number toc_depth_1\">2<\/span> Les Bitcoins sont-ils l&#039;avenir des paris ?<\/a><\/li><\/ul><\/div>","protected":false},"excerpt":{"rendered":"<p>Bitcoin est l&#039;une des technologies financi\u00e8res les plus r\u00e9volutionnaires de la derni\u00e8re d\u00e9cennie. Mais quelle est l&#039;histoire derri\u00e8re cette monnaie num\u00e9rique ? Comment Bitcoin est-il n\u00e9 et pourquoi est-il si populaire ? Dans cette page, nous allons explorer l&#039;histoire du Bitcoin, de ses myst\u00e9rieux d\u00e9buts \u00e0 son statut actuel...<\/p>","protected":false},"author":1,"featured_media":0,"parent":0,"menu_order":0,"comment_status":"closed","ping_status":"closed","template":"page-nosidebar.php","meta":[],"yoast_head":"<!-- This site is optimized with the Yoast SEO Premium plugin v19.5 (Yoast SEO v19.11) - https:\/\/yoast.com\/wordpress\/plugins\/seo\/ -->\n<title>Bitcoin History - Final FIFA World Cup 2022 in Qatar<\/title>\n<meta name=\"description\" content=\"The History of Bitcoin is an intriguing one. it has become one of the most revolutionary financial technologies of the last decade!\" \/>\n<meta name=\"robots\" content=\"index, follow, max-snippet:-1, max-image-preview:large, max-video-preview:-1\" \/>\n<link rel=\"canonical\" href=\"https:\/\/wiki-crypto.net\/fr\/\u0431\u0438\u0442\u043a\u043e\u0439\u043d-\u0438\u0441\u0442\u043e\u0440\u0438\u044f\/\" \/>\n<meta property=\"og:locale\" content=\"fr_FR\" \/>\n<meta property=\"og:type\" content=\"article\" \/>\n<meta property=\"og:title\" content=\"Bitcoin History\" \/>\n<meta property=\"og:description\" content=\"The History of Bitcoin is an intriguing one. it has become one of the most revolutionary financial technologies of the last decade!\" \/>\n<meta property=\"og:url\" content=\"https:\/\/wiki-crypto.net\/fr\/\u0431\u0438\u0442\u043a\u043e\u0439\u043d-\u0438\u0441\u0442\u043e\u0440\u0438\u044f\/\" \/>\n<meta property=\"og:site_name\" content=\"Best Crypto Betting Sites | Bitcoin Bet On Football\" \/>\n<meta property=\"article:modified_time\" content=\"2022-12-04T17:08:03+00:00\" \/>\n<meta property=\"og:image\" content=\"https:\/\/wiki-crypto.net\/wp-content\/uploads\/2022\/12\/bitcoin-history-1024x1024.jpg\" \/>\n<meta name=\"twitter:card\" content=\"summary_large_image\" \/>\n<meta name=\"twitter:label1\" content=\"Dur\u00e9e de lecture estim\u00e9e\" \/>\n\t<meta name=\"twitter:data1\" content=\"4 minutes\" \/>\n<script type=\"application\/ld+json\" class=\"yoast-schema-graph\">{\"@context\":\"https:\/\/schema.org\",\"@graph\":[{\"@type\":\"WebPage\",\"@id\":\"https:\/\/wiki-crypto.net\/ru\/%d0%b1%d0%b8%d1%82%d0%ba%d0%be%d0%b9%d0%bd-%d0%b8%d1%81%d1%82%d0%be%d1%80%d0%b8%d1%8f\/\",\"url\":\"https:\/\/wiki-crypto.net\/ru\/%d0%b1%d0%b8%d1%82%d0%ba%d0%be%d0%b9%d0%bd-%d0%b8%d1%81%d1%82%d0%be%d1%80%d0%b8%d1%8f\/\",\"name\":\"Bitcoin History - Final FIFA World Cup 2022 in Qatar\",\"isPartOf\":{\"@id\":\"https:\/\/wiki-crypto.net\/#website\"},\"datePublished\":\"2022-11-30T21:18:21+00:00\",\"dateModified\":\"2022-12-04T17:08:03+00:00\",\"description\":\"The History of Bitcoin is an intriguing one. it has become one of the most revolutionary financial technologies of the last decade!\",\"breadcrumb\":{\"@id\":\"https:\/\/wiki-crypto.net\/ru\/%d0%b1%d0%b8%d1%82%d0%ba%d0%be%d0%b9%d0%bd-%d0%b8%d1%81%d1%82%d0%be%d1%80%d0%b8%d1%8f\/#breadcrumb\"},\"inLanguage\":\"fr-FR\",\"potentialAction\":[{\"@type\":\"ReadAction\",\"target\":[\"https:\/\/wiki-crypto.net\/ru\/%d0%b1%d0%b8%d1%82%d0%ba%d0%be%d0%b9%d0%bd-%d0%b8%d1%81%d1%82%d0%be%d1%80%d0%b8%d1%8f\/\"]}]},{\"@type\":\"BreadcrumbList\",\"@id\":\"https:\/\/wiki-crypto.net\/ru\/%d0%b1%d0%b8%d1%82%d0%ba%d0%be%d0%b9%d0%bd-%d0%b8%d1%81%d1%82%d0%be%d1%80%d0%b8%d1%8f\/#breadcrumb\",\"itemListElement\":[{\"@type\":\"ListItem\",\"position\":1,\"name\":\"Home\",\"item\":\"https:\/\/wiki-crypto.net\/\"},{\"@type\":\"ListItem\",\"position\":2,\"name\":\"Bitcoin History\"}]},{\"@type\":\"WebSite\",\"@id\":\"https:\/\/wiki-crypto.net\/#website\",\"url\":\"https:\/\/wiki-crypto.net\/\",\"name\":\"Best Crypto Betting Sites | Bitcoin Bet On Football\",\"description\":\"Guide and Analysis of the best crypto betting sites, bookmaker for bonus, tips, odds, pronostics to bet online with Cloudbet, 1Xbit, Sportsbet, Trusdice, bc.game\",\"publisher\":{\"@id\":\"https:\/\/wiki-crypto.net\/#organization\"},\"potentialAction\":[{\"@type\":\"SearchAction\",\"target\":{\"@type\":\"EntryPoint\",\"urlTemplate\":\"https:\/\/wiki-crypto.net\/?s={search_term_string}\"},\"query-input\":\"required name=search_term_string\"}],\"inLanguage\":\"fr-FR\"},{\"@type\":\"Organization\",\"@id\":\"https:\/\/wiki-crypto.net\/#organization\",\"name\":\"Best Crypto Betting Sites | Bitcoin Bet On Football\",\"url\":\"https:\/\/wiki-crypto.net\/\",\"logo\":{\"@type\":\"ImageObject\",\"inLanguage\":\"fr-FR\",\"@id\":\"https:\/\/wiki-crypto.net\/#\/schema\/logo\/image\/\",\"url\":\"https:\/\/wiki-crypto.net\/wp-content\/uploads\/2022\/12\/cropped-10-juillet-2019-337-2.jpg\",\"contentUrl\":\"https:\/\/wiki-crypto.net\/wp-content\/uploads\/2022\/12\/cropped-10-juillet-2019-337-2.jpg\",\"width\":1600,\"height\":301,\"caption\":\"Best Crypto Betting Sites | Bitcoin Bet On Football\"},\"image\":{\"@id\":\"https:\/\/wiki-crypto.net\/#\/schema\/logo\/image\/\"}}]}<\/script>\n<!-- \/ Yoast SEO Premium plugin. -->","yoast_head_json":{"title":"Bitcoin History - Final FIFA World Cup 2022 in Qatar","description":"The History of Bitcoin is an intriguing one. it has become one of the most revolutionary financial technologies of the last decade!","robots":{"index":"index","follow":"follow","max-snippet":"max-snippet:-1","max-image-preview":"max-image-preview:large","max-video-preview":"max-video-preview:-1"},"canonical":"https:\/\/wiki-crypto.net\/fr\/\u0431\u0438\u0442\u043a\u043e\u0439\u043d-\u0438\u0441\u0442\u043e\u0440\u0438\u044f\/","og_locale":"fr_FR","og_type":"article","og_title":"Bitcoin History","og_description":"The History of Bitcoin is an intriguing one. it has become one of the most revolutionary financial technologies of the last decade!","og_url":"https:\/\/wiki-crypto.net\/fr\/\u0431\u0438\u0442\u043a\u043e\u0439\u043d-\u0438\u0441\u0442\u043e\u0440\u0438\u044f\/","og_site_name":"Best Crypto Betting Sites | Bitcoin Bet On Football","article_modified_time":"2022-12-04T17:08:03+00:00","og_image":[{"url":"https:\/\/wiki-crypto.net\/wp-content\/uploads\/2022\/12\/bitcoin-history-1024x1024.jpg"}],"twitter_card":"summary_large_image","twitter_misc":{"Dur\u00e9e de lecture estim\u00e9e":"4 minutes"},"schema":{"@context":"https:\/\/schema.org","@graph":[{"@type":"WebPage","@id":"https:\/\/wiki-crypto.net\/ru\/%d0%b1%d0%b8%d1%82%d0%ba%d0%be%d0%b9%d0%bd-%d0%b8%d1%81%d1%82%d0%be%d1%80%d0%b8%d1%8f\/","url":"https:\/\/wiki-crypto.net\/ru\/%d0%b1%d0%b8%d1%82%d0%ba%d0%be%d0%b9%d0%bd-%d0%b8%d1%81%d1%82%d0%be%d1%80%d0%b8%d1%8f\/","name":"Bitcoin History - Final FIFA World Cup 2022 in Qatar","isPartOf":{"@id":"https:\/\/wiki-crypto.net\/#website"},"datePublished":"2022-11-30T21:18:21+00:00","dateModified":"2022-12-04T17:08:03+00:00","description":"The History of Bitcoin is an intriguing one. it has become one of the most revolutionary financial technologies of the last decade!","breadcrumb":{"@id":"https:\/\/wiki-crypto.net\/ru\/%d0%b1%d0%b8%d1%82%d0%ba%d0%be%d0%b9%d0%bd-%d0%b8%d1%81%d1%82%d0%be%d1%80%d0%b8%d1%8f\/#breadcrumb"},"inLanguage":"fr-FR","potentialAction":[{"@type":"ReadAction","target":["https:\/\/wiki-crypto.net\/ru\/%d0%b1%d0%b8%d1%82%d0%ba%d0%be%d0%b9%d0%bd-%d0%b8%d1%81%d1%82%d0%be%d1%80%d0%b8%d1%8f\/"]}]},{"@type":"BreadcrumbList","@id":"https:\/\/wiki-crypto.net\/ru\/%d0%b1%d0%b8%d1%82%d0%ba%d0%be%d0%b9%d0%bd-%d0%b8%d1%81%d1%82%d0%be%d1%80%d0%b8%d1%8f\/#breadcrumb","itemListElement":[{"@type":"ListItem","position":1,"name":"Home","item":"https:\/\/wiki-crypto.net\/"},{"@type":"ListItem","position":2,"name":"Bitcoin History"}]},{"@type":"WebSite","@id":"https:\/\/wiki-crypto.net\/#website","url":"https:\/\/wiki-crypto.net\/","name":"Best Crypto Betting Sites | Bitcoin Bet On Football","description":"Guide and Analysis of the best crypto betting sites, bookmaker for bonus, tips, odds, pronostics to bet online with Cloudbet, 1Xbit, Sportsbet, Trusdice, bc.game","publisher":{"@id":"https:\/\/wiki-crypto.net\/#organization"},"potentialAction":[{"@type":"SearchAction","target":{"@type":"EntryPoint","urlTemplate":"https:\/\/wiki-crypto.net\/?s={search_term_string}"},"query-input":"required name=search_term_string"}],"inLanguage":"fr-FR"},{"@type":"Organization","@id":"https:\/\/wiki-crypto.net\/#organization","name":"Best Crypto Betting Sites | Bitcoin Bet On Football","url":"https:\/\/wiki-crypto.net\/","logo":{"@type":"ImageObject","inLanguage":"fr-FR","@id":"https:\/\/wiki-crypto.net\/#\/schema\/logo\/image\/","url":"https:\/\/wiki-crypto.net\/wp-content\/uploads\/2022\/12\/cropped-10-juillet-2019-337-2.jpg","contentUrl":"https:\/\/wiki-crypto.net\/wp-content\/uploads\/2022\/12\/cropped-10-juillet-2019-337-2.jpg","width":1600,"height":301,"caption":"Best Crypto Betting Sites | Bitcoin Bet On Football"},"image":{"@id":"https:\/\/wiki-crypto.net\/#\/schema\/logo\/image\/"}}]}},"_links":{"self":[{"href":"https:\/\/wiki-crypto.net\/fr\/wp-json\/wp\/v2\/pages\/21"}],"collection":[{"href":"https:\/\/wiki-crypto.net\/fr\/wp-json\/wp\/v2\/pages"}],"about":[{"href":"https:\/\/wiki-crypto.net\/fr\/wp-json\/wp\/v2\/types\/page"}],"author":[{"embeddable":true,"href":"https:\/\/wiki-crypto.net\/fr\/wp-json\/wp\/v2\/users\/1"}],"replies":[{"embeddable":true,"href":"https:\/\/wiki-crypto.net\/fr\/wp-json\/wp\/v2\/comments?post=21"}],"version-history":[{"count":8,"href":"https:\/\/wiki-crypto.net\/fr\/wp-json\/wp\/v2\/pages\/21\/revisions"}],"predecessor-version":[{"id":164,"href":"https:\/\/wiki-crypto.net\/fr\/wp-json\/wp\/v2\/pages\/21\/revisions\/164"}],"wp:attachment":[{"href":"https:\/\/wiki-crypto.net\/fr\/wp-json\/wp\/v2\/media?parent=21"}],"curies":[{"name":"wp","href":"https:\/\/api.w.org\/{rel}","templated":true}]}}