{"id":195,"date":"2022-12-11T22:00:34","date_gmt":"2022-12-11T22:00:34","guid":{"rendered":"https:\/\/wiki-crypto.net\/?page_id=195"},"modified":"2022-12-17T14:41:10","modified_gmt":"2022-12-17T14:41:10","slug":"argentina-france-bet-final-world-cup-bitcoin-and-crypto","status":"publish","type":"page","link":"https:\/\/wiki-crypto.net\/fr\/argentine-france-parier-finale-coupe-du-monde-bitcoin-et-crypto\/","title":{"rendered":"Argentine \u2013 France Pariez sur la Finale de la Coupe du Monde avec Bitcoin et Crypto"},"content":{"rendered":"<p><\/p>\n\n\n\n<figure class=\"wp-block-image is-resized\" id=\"block-48ddfce2-9a29-4787-a4b3-773c1e8cdf65\"><img decoding=\"async\" loading=\"lazy\" src=\"https:\/\/wiki-crypto.net\/wp-content\/uploads\/2022\/12\/finale-france-argentine-1024x683.jpg\" alt=\"Argentine - France\" width=\"512\" height=\"342\"\/><\/figure>\n\n\n\n<p id=\"block-6b333855-6f93-4d60-ae90-ff060941cbc3\">Pr\u00e9parez-vous pour le match le plus attendu de la Coupe du Monde de la FIFA 2022 au Qatar \u2013 France vs Argentine pour la grande finale avec Cloudbet, 1Xbit, Sportsbet, Trusdice, bc.game ! Les deux \u00e9quipes ont travaill\u00e9 dur pour se qualifier pour la finale, et maintenant il ne reste plus qu&#039;un match pour d\u00e9terminer le champion. Avec des aper\u00e7us, des r\u00e9capitulatifs, des pr\u00e9dictions, des nouvelles et plus encore, ce sera certainement un jeu passionnant. Pr\u00e9parez-vous pour un combat palpitant jusqu&#039;\u00e0 l&#039;arriv\u00e9e alors que la France et l&#039;Argentine apportent leurs talents sur le terrain, et esp\u00e9rons que la meilleure \u00e9quipe sortira victorieuse !<\/p>\n\n\n\n<p id=\"block-bd8dc85e-e7cf-4483-815b-2e7a42c2441f\">Argentine - France Pariez sur la finale de la Coupe du monde avec Bitcoin et Crypto, En ce qui concerne la Coupe du monde de la FIFA, il y a toujours beaucoup d&#039;excitation et d&#039;anticipation autour de l&#039;\u00e9v\u00e9nement. Les fans du monde entier se r\u00e9unissent pour soutenir leurs \u00e9quipes et joueurs pr\u00e9f\u00e9r\u00e9s. L&#039;ambiance est \u00e9lectrique et les parties toujours palpitantes. Cette ann\u00e9e, la Coupe du Monde de la FIFA aura lieu au Qatar, et les fans l&#039;attendent d\u00e9j\u00e0 avec impatience.<br><br>Il y a quelques \u00e9quipes qui sont favoris\u00e9es pour remporter la Coupe du monde cette ann\u00e9e, dont la France et l&#039;Argentine. Cependant, il y a toujours des surprises en magasin, et n&#039;importe quelle \u00e9quipe peut s&#039;en sortir. Ce devrait \u00eatre un tournoi passionnant, et les fans seront coll\u00e9s \u00e0 leurs \u00e9crans de t\u00e9l\u00e9vision pour voir qui sortira vainqueur.<br><br>Alors, que vous soyez fan de la France, de l&#039;Argentine ou de toute autre \u00e9quipe, assurez-vous de suivre de pr\u00e8s la Coupe du Monde de la FIFA 2022 au Qatar. C&#039;est s\u00fbr que ce sera un \u00e9v\u00e9nement qui restera dans l&#039;histoire.<\/p>\n\n\n\n<p id=\"block-76133bb1-c770-477f-82b9-b21af37af578\">Parier en utilisant une crypto-monnaie est en fait une fa\u00e7on absolument unique de vivre cette exp\u00e9rience si vous \u00eates Si la Coupe du monde est toujours un \u00e9v\u00e9nement passionnant, le tournoi de cette ann\u00e9e au Qatar sera certainement particuli\u00e8rement int\u00e9ressant. Avec autant d&#039;\u00e9quipes et de joueurs formidables en comp\u00e9tition, chacun devine qui sortira vainqueur. Assurez-vous de suivre l&#039;action de pr\u00e8s et encouragez votre \u00e9quipe pr\u00e9f\u00e9r\u00e9e\u00a0! tu en profites au maximum.<\/p>\n\n\n\n<p id=\"block-e53f59a6-4df1-4c3e-a498-0a33fb783004\">Continuez \u00e0 lire pour savoir comment le faire.<br><br>Si vous cherchez un moyen d&#039;ajouter de l&#039;excitation \u00e0 votre exp\u00e9rience de visionnage de la Coupe du monde, parier sur les matchs est une excellente option. Et, si vous voulez parier en utilisant la crypto-monnaie, il y a quelques choses que vous devez savoir. Dans cet article, nous vous expliquerons le processus de pari sur la Coupe du Monde de la FIFA en utilisant Bitcoin.<br><br>Tout d&#039;abord, Argentine \u2013 France Pariez sur la Finale de la Coupe du Monde avec Bitcoin et Crypto vous devrez acqu\u00e9rir du Bitcoin pour votre premier pari avec Cloudbet, 1Xbit, Sportsbet, Trusdice, bc.game. Si vous n&#039;en avez pas d\u00e9j\u00e0, vous pouvez l&#039;acheter sur un certain nombre d&#039;\u00e9changes. Une fois que vous avez votre Bitcoin, vous devrez trouver un site de pari r\u00e9put\u00e9 qui accepte la crypto-monnaie. Lorsque vous avez trouv\u00e9 un site, vous pouvez cr\u00e9er un compte et d\u00e9poser vos Bitcoins.<br><br>Ensuite, vous pouvez commencer \u00e0 placer des paris sur les matchs de la Coupe du monde. Vous pouvez parier sur qui, selon vous, gagnera chaque match, ou vous pouvez placer des paris plus g\u00e9n\u00e9raux sur le r\u00e9sultat du tournoi. Quelle que soit la fa\u00e7on dont vous choisissez de parier, vous \u00eates s\u00fbr d&#039;avoir beaucoup de plaisir.<br><br>Et, s&#039;il vous arrive de gagner des paris, vous pourrez retirer vos gains en Bitcoin. Ainsi, non seulement parier sur la Coupe du monde est une fa\u00e7on amusante d&#039;ajouter de l&#039;excitation \u00e0 votre exp\u00e9rience de visionnage de<\/p>\n\n\n\n<h2 id=\"block-5a3071be-1f73-4dc4-8fa0-27cdf5b9c46d\"><strong>Continuez \u00e0 lire pour savoir comment le faire ; Cloudbet, 1Xbit, Sportsbet, Trusdice, bc.game<\/strong><\/h2>\n\n\n\n<p id=\"block-5a3071be-1f73-4dc4-8fa0-27cdf5b9c46d\"><br>Si vous cherchez un moyen d&#039;ajouter de l&#039;excitation \u00e0 votre exp\u00e9rience de visionnage de la Coupe du monde, parier sur les matchs est une excellente option. Et, si vous voulez parier en utilisant la crypto-monnaie, il y a quelques choses que vous devez savoir. Dans cet article, nous vous expliquerons le processus de pari sur la Coupe du Monde de la FIFA en utilisant Bitcoin.<br><br>Tout d&#039;abord, Argentine \u2013 France Pariez sur la Finale de la Coupe du Monde avec Bitcoin et Crypto dont vous aurez besoin pour acqu\u00e9rir du Bitcoin. Si vous n&#039;en avez pas d\u00e9j\u00e0, vous pouvez l&#039;acheter sur un certain nombre d&#039;\u00e9changes. Une fois que vous avez votre Bitcoin, vous devrez trouver un site de pari r\u00e9put\u00e9 qui accepte la crypto-monnaie. Lorsque vous avez trouv\u00e9 un site, vous pouvez cr\u00e9er un compte et d\u00e9poser vos Bitcoins.<br><br>Ensuite, vous pouvez commencer \u00e0 placer des paris sur les matchs de la Coupe du monde. Vous pouvez parier sur qui, selon vous, gagnera chaque match, ou vous pouvez placer des paris plus g\u00e9n\u00e9raux sur le r\u00e9sultat du tournoi. Quelle que soit la fa\u00e7on dont vous choisissez de parier, vous \u00eates s\u00fbr d&#039;avoir beaucoup de plaisir.<br><br>Et, s&#039;il vous arrive de gagner des paris, vous pourrez retirer vos gains en Bitcoin. Ainsi, non seulement parier sur la Coupe du monde est une fa\u00e7on amusante d&#039;ajouter de l&#039;excitation \u00e0 votre exp\u00e9rience de visionnage de<\/p>\n\n\n\n<p id=\"block-89bc6860-124f-408f-aa4e-10cfd1526ca0\">Continuez \u00e0 lire pour savoir comment le faire sur Cloudbet, 1Xbit, Sportsbet, Trusdice, bc.game.<br><br>Si vous cherchez un moyen d&#039;ajouter de l&#039;excitation \u00e0 votre exp\u00e9rience de visionnage de la Coupe du monde, parier sur les matchs est une excellente option. Et, si vous voulez parier en utilisant la crypto-monnaie, il y a quelques choses que vous devez savoir. Dans cet article, nous vous expliquerons le processus de pari sur la Coupe du Monde de la FIFA en utilisant Bitcoin.<br><br>Tout d&#039;abord, Argentine \u2013 France Pariez sur la Finale de la Coupe du Monde avec Bitcoin et Crypto dont vous aurez besoin pour acqu\u00e9rir du Bitcoin. Si vous n&#039;en avez pas d\u00e9j\u00e0, vous pouvez l&#039;acheter sur un certain nombre d&#039;\u00e9changes. Une fois que vous avez votre Bitcoin, vous devrez trouver un site de pari r\u00e9put\u00e9 qui accepte la crypto-monnaie. Lorsque vous avez trouv\u00e9 un site, vous pouvez cr\u00e9er un compte et d\u00e9poser vos Bitcoins.<br><br>Ensuite, vous pouvez commencer \u00e0 placer des paris sur les matchs de la Coupe du monde. Vous pouvez parier sur qui, selon vous, gagnera chaque match, ou vous pouvez placer des paris plus g\u00e9n\u00e9raux sur le r\u00e9sultat du tournoi. Quelle que soit la fa\u00e7on dont vous choisissez de parier, vous \u00eates s\u00fbr d&#039;avoir beaucoup de plaisir.<br><br>Et, s&#039;il vous arrive de gagner des paris, vous pourrez retirer vos gains en Bitcoin. Ainsi, non seulement parier sur la Coupe du monde est une fa\u00e7on amusante d&#039;ajouter de l&#039;excitation \u00e0 votre exp\u00e9rience de visionnage de<\/p>\n\n\n\n<p id=\"block-e4f44931-e789-4577-99c2-f8338de10a3e\">Continuez \u00e0 lire pour savoir comment le faire.<br><br>Si vous cherchez un moyen d&#039;ajouter de l&#039;excitation \u00e0 votre exp\u00e9rience de visionnage de la Coupe du monde, parier sur les matchs est une excellente option. Et, si vous voulez parier en utilisant la crypto-monnaie, il y a quelques choses que vous devez savoir. Dans cet article, nous vous expliquerons le processus de pari sur la Coupe du Monde de la FIFA en utilisant Bitcoin.<br><br>Tout d&#039;abord, Argentine \u2013 France Pariez sur la Finale de la Coupe du Monde avec Bitcoin et Crypto dont vous aurez besoin pour acqu\u00e9rir du Bitcoin. Si vous n&#039;en avez pas d\u00e9j\u00e0, vous pouvez l&#039;acheter sur un certain nombre d&#039;\u00e9changes. Une fois que vous avez votre Bitcoin, vous devrez trouver un site de pari r\u00e9put\u00e9 qui accepte la crypto-monnaie. Lorsque vous avez trouv\u00e9 un site, vous pouvez cr\u00e9er un compte et d\u00e9poser vos Bitcoins.<\/p>\n\n\n\n<h2 id=\"h-crypto-bookmaker-or-traditional-betting-site\">Bookmaker crypto ou site de pari traditionnel ?<\/h2>\n\n\n\n<p id=\"block-e4f44931-e789-4577-99c2-f8338de10a3e\"><br><br>Ensuite, vous pouvez commencer \u00e0 placer des paris sur les matchs de la Coupe du monde. Vous pouvez parier sur qui, selon vous, gagnera chaque match, ou vous pouvez placer des paris plus g\u00e9n\u00e9raux sur le r\u00e9sultat du tournoi. Quelle que soit la fa\u00e7on dont vous choisissez de parier, vous \u00eates s\u00fbr d&#039;avoir beaucoup de plaisir.<br><br>Et, s&#039;il vous arrive de gagner des paris, vous pourrez retirer vos gains en Bitcoin. Ainsi, parier sur la Coupe du monde n&#039;est pas seulement une fa\u00e7on amusante d&#039;ajouter de l&#039;excitation \u00e0 votre exp\u00e9rience de visionnage d&#039;Argentine - France Pariez sur la finale de la Coupe du monde avec Bitcoin et Crypto avec Cloudbet, 1Xbit, Sportsbet, Trusdice, bc.game<\/p>","protected":false},"excerpt":{"rendered":"<p>Get ready for the most anticipated game of the FIFA World Cup 2022 in Qatar &#8211; France vs Argentina for the grand finale with Cloudbet, 1Xbit, Sportsbet, Trusdice, bc.game! Both teams have worked hard to make it to the final, and now it comes down to one match to determine the champion. With previews, recaps, &#8230;<\/p>","protected":false},"author":1,"featured_media":0,"parent":0,"menu_order":0,"comment_status":"closed","ping_status":"closed","template":"page-nosidebar.php","meta":[],"yoast_head":"<!-- This site is optimized with the Yoast SEO Premium plugin v19.5 (Yoast SEO v19.11) - https:\/\/yoast.com\/wordpress\/plugins\/seo\/ -->\n<title>Argentina - France Bet on the Final of the World Cup with Bitcoin and Crypto - Final FIFA World Cup 2022 in Qatar<\/title>\n<meta name=\"robots\" content=\"index, follow, max-snippet:-1, max-image-preview:large, max-video-preview:-1\" \/>\n<link rel=\"canonical\" href=\"https:\/\/wiki-crypto.net\/fr\/argentine-france-parier-finale-coupe-du-monde-bitcoin-et-crypto\/\" \/>\n<meta property=\"og:locale\" content=\"fr_FR\" \/>\n<meta property=\"og:type\" content=\"article\" \/>\n<meta property=\"og:title\" content=\"Argentina - France Bet on the Final of the World Cup with Bitcoin and Crypto\" \/>\n<meta property=\"og:description\" content=\"Get ready for the most anticipated game of the FIFA World Cup 2022 in Qatar &#8211; France vs Argentina for the grand finale with Cloudbet, 1Xbit, Sportsbet, Trusdice, bc.game! Both teams have worked hard to make it to the final, and now it comes down to one match to determine the champion. With previews, recaps, ...\" \/>\n<meta property=\"og:url\" content=\"https:\/\/wiki-crypto.net\/fr\/argentine-france-parier-finale-coupe-du-monde-bitcoin-et-crypto\/\" \/>\n<meta property=\"og:site_name\" content=\"Best Crypto Betting Sites | Bitcoin Bet On Football\" \/>\n<meta property=\"article:modified_time\" content=\"2022-12-17T14:41:10+00:00\" \/>\n<meta property=\"og:image\" content=\"https:\/\/wiki-crypto.net\/wp-content\/uploads\/2022\/12\/finale-france-argentine-1024x683.jpg\" \/>\n<meta name=\"twitter:card\" content=\"summary_large_image\" \/>\n<meta name=\"twitter:label1\" content=\"Dur\u00e9e de lecture estim\u00e9e\" \/>\n\t<meta name=\"twitter:data1\" content=\"7 minutes\" \/>\n<script type=\"application\/ld+json\" class=\"yoast-schema-graph\">{\"@context\":\"https:\/\/schema.org\",\"@graph\":[{\"@type\":\"WebPage\",\"@id\":\"https:\/\/wiki-crypto.net\/argentina-france-bet-final-world-cup-bitcoin-and-crypto\/\",\"url\":\"https:\/\/wiki-crypto.net\/argentina-france-bet-final-world-cup-bitcoin-and-crypto\/\",\"name\":\"Argentina - France Bet on the Final of the World Cup with Bitcoin and Crypto - Final FIFA World Cup 2022 in Qatar\",\"isPartOf\":{\"@id\":\"https:\/\/wiki-crypto.net\/#website\"},\"datePublished\":\"2022-12-11T22:00:34+00:00\",\"dateModified\":\"2022-12-17T14:41:10+00:00\",\"breadcrumb\":{\"@id\":\"https:\/\/wiki-crypto.net\/argentina-france-bet-final-world-cup-bitcoin-and-crypto\/#breadcrumb\"},\"inLanguage\":\"fr-FR\",\"potentialAction\":[{\"@type\":\"ReadAction\",\"target\":[\"https:\/\/wiki-crypto.net\/argentina-france-bet-final-world-cup-bitcoin-and-crypto\/\"]}]},{\"@type\":\"BreadcrumbList\",\"@id\":\"https:\/\/wiki-crypto.net\/argentina-france-bet-final-world-cup-bitcoin-and-crypto\/#breadcrumb\",\"itemListElement\":[{\"@type\":\"ListItem\",\"position\":1,\"name\":\"Home\",\"item\":\"https:\/\/wiki-crypto.net\/\"},{\"@type\":\"ListItem\",\"position\":2,\"name\":\"Argentina &#8211; France Bet on the Final of the World Cup with Bitcoin and Crypto\"}]},{\"@type\":\"WebSite\",\"@id\":\"https:\/\/wiki-crypto.net\/#website\",\"url\":\"https:\/\/wiki-crypto.net\/\",\"name\":\"Best Crypto Betting Sites | Bitcoin Bet On Football\",\"description\":\"Guide and Analysis of the best crypto betting sites, bookmaker for bonus, tips, odds, pronostics to bet online with Cloudbet, 1Xbit, Sportsbet, Trusdice, bc.game\",\"publisher\":{\"@id\":\"https:\/\/wiki-crypto.net\/#organization\"},\"potentialAction\":[{\"@type\":\"SearchAction\",\"target\":{\"@type\":\"EntryPoint\",\"urlTemplate\":\"https:\/\/wiki-crypto.net\/?s={search_term_string}\"},\"query-input\":\"required name=search_term_string\"}],\"inLanguage\":\"fr-FR\"},{\"@type\":\"Organization\",\"@id\":\"https:\/\/wiki-crypto.net\/#organization\",\"name\":\"Best Crypto Betting Sites | Bitcoin Bet On Football\",\"url\":\"https:\/\/wiki-crypto.net\/\",\"logo\":{\"@type\":\"ImageObject\",\"inLanguage\":\"fr-FR\",\"@id\":\"https:\/\/wiki-crypto.net\/#\/schema\/logo\/image\/\",\"url\":\"https:\/\/wiki-crypto.net\/wp-content\/uploads\/2022\/12\/cropped-10-juillet-2019-337-2.jpg\",\"contentUrl\":\"https:\/\/wiki-crypto.net\/wp-content\/uploads\/2022\/12\/cropped-10-juillet-2019-337-2.jpg\",\"width\":1600,\"height\":301,\"caption\":\"Best Crypto Betting Sites | Bitcoin Bet On Football\"},\"image\":{\"@id\":\"https:\/\/wiki-crypto.net\/#\/schema\/logo\/image\/\"}}]}<\/script>\n<!-- \/ Yoast SEO Premium plugin. -->","yoast_head_json":{"title":"Argentina - France Bet on the Final of the World Cup with Bitcoin and Crypto - Final FIFA World Cup 2022 in Qatar","robots":{"index":"index","follow":"follow","max-snippet":"max-snippet:-1","max-image-preview":"max-image-preview:large","max-video-preview":"max-video-preview:-1"},"canonical":"https:\/\/wiki-crypto.net\/fr\/argentine-france-parier-finale-coupe-du-monde-bitcoin-et-crypto\/","og_locale":"fr_FR","og_type":"article","og_title":"Argentina - France Bet on the Final of the World Cup with Bitcoin and Crypto","og_description":"Get ready for the most anticipated game of the FIFA World Cup 2022 in Qatar &#8211; France vs Argentina for the grand finale with Cloudbet, 1Xbit, Sportsbet, Trusdice, bc.game! Both teams have worked hard to make it to the final, and now it comes down to one match to determine the champion. With previews, recaps, ...","og_url":"https:\/\/wiki-crypto.net\/fr\/argentine-france-parier-finale-coupe-du-monde-bitcoin-et-crypto\/","og_site_name":"Best Crypto Betting Sites | Bitcoin Bet On Football","article_modified_time":"2022-12-17T14:41:10+00:00","og_image":[{"url":"https:\/\/wiki-crypto.net\/wp-content\/uploads\/2022\/12\/finale-france-argentine-1024x683.jpg"}],"twitter_card":"summary_large_image","twitter_misc":{"Dur\u00e9e de lecture estim\u00e9e":"7 minutes"},"schema":{"@context":"https:\/\/schema.org","@graph":[{"@type":"WebPage","@id":"https:\/\/wiki-crypto.net\/argentina-france-bet-final-world-cup-bitcoin-and-crypto\/","url":"https:\/\/wiki-crypto.net\/argentina-france-bet-final-world-cup-bitcoin-and-crypto\/","name":"Argentina - France Bet on the Final of the World Cup with Bitcoin and Crypto - Final FIFA World Cup 2022 in Qatar","isPartOf":{"@id":"https:\/\/wiki-crypto.net\/#website"},"datePublished":"2022-12-11T22:00:34+00:00","dateModified":"2022-12-17T14:41:10+00:00","breadcrumb":{"@id":"https:\/\/wiki-crypto.net\/argentina-france-bet-final-world-cup-bitcoin-and-crypto\/#breadcrumb"},"inLanguage":"fr-FR","potentialAction":[{"@type":"ReadAction","target":["https:\/\/wiki-crypto.net\/argentina-france-bet-final-world-cup-bitcoin-and-crypto\/"]}]},{"@type":"BreadcrumbList","@id":"https:\/\/wiki-crypto.net\/argentina-france-bet-final-world-cup-bitcoin-and-crypto\/#breadcrumb","itemListElement":[{"@type":"ListItem","position":1,"name":"Home","item":"https:\/\/wiki-crypto.net\/"},{"@type":"ListItem","position":2,"name":"Argentina &#8211; France Bet on the Final of the World Cup with Bitcoin and Crypto"}]},{"@type":"WebSite","@id":"https:\/\/wiki-crypto.net\/#website","url":"https:\/\/wiki-crypto.net\/","name":"Best Crypto Betting Sites | Bitcoin Bet On Football","description":"Guide and Analysis of the best crypto betting sites, bookmaker for bonus, tips, odds, pronostics to bet online with Cloudbet, 1Xbit, Sportsbet, Trusdice, bc.game","publisher":{"@id":"https:\/\/wiki-crypto.net\/#organization"},"potentialAction":[{"@type":"SearchAction","target":{"@type":"EntryPoint","urlTemplate":"https:\/\/wiki-crypto.net\/?s={search_term_string}"},"query-input":"required name=search_term_string"}],"inLanguage":"fr-FR"},{"@type":"Organization","@id":"https:\/\/wiki-crypto.net\/#organization","name":"Best Crypto Betting Sites | Bitcoin Bet On Football","url":"https:\/\/wiki-crypto.net\/","logo":{"@type":"ImageObject","inLanguage":"fr-FR","@id":"https:\/\/wiki-crypto.net\/#\/schema\/logo\/image\/","url":"https:\/\/wiki-crypto.net\/wp-content\/uploads\/2022\/12\/cropped-10-juillet-2019-337-2.jpg","contentUrl":"https:\/\/wiki-crypto.net\/wp-content\/uploads\/2022\/12\/cropped-10-juillet-2019-337-2.jpg","width":1600,"height":301,"caption":"Best Crypto Betting Sites | Bitcoin Bet On Football"},"image":{"@id":"https:\/\/wiki-crypto.net\/#\/schema\/logo\/image\/"}}]}},"_links":{"self":[{"href":"https:\/\/wiki-crypto.net\/fr\/wp-json\/wp\/v2\/pages\/195"}],"collection":[{"href":"https:\/\/wiki-crypto.net\/fr\/wp-json\/wp\/v2\/pages"}],"about":[{"href":"https:\/\/wiki-crypto.net\/fr\/wp-json\/wp\/v2\/types\/page"}],"author":[{"embeddable":true,"href":"https:\/\/wiki-crypto.net\/fr\/wp-json\/wp\/v2\/users\/1"}],"replies":[{"embeddable":true,"href":"https:\/\/wiki-crypto.net\/fr\/wp-json\/wp\/v2\/comments?post=195"}],"version-history":[{"count":3,"href":"https:\/\/wiki-crypto.net\/fr\/wp-json\/wp\/v2\/pages\/195\/revisions"}],"predecessor-version":[{"id":218,"href":"https:\/\/wiki-crypto.net\/fr\/wp-json\/wp\/v2\/pages\/195\/revisions\/218"}],"wp:attachment":[{"href":"https:\/\/wiki-crypto.net\/fr\/wp-json\/wp\/v2\/media?parent=195"}],"curies":[{"name":"wp","href":"https:\/\/api.w.org\/{rel}","templated":true}]}}