{"id":114,"date":"2022-12-04T13:07:10","date_gmt":"2022-12-04T13:07:10","guid":{"rendered":"https:\/\/wiki-crypto.net\/?page_id=114"},"modified":"2022-12-09T10:01:35","modified_gmt":"2022-12-09T10:01:35","slug":"esport-faq-questions","status":"publish","type":"page","link":"https:\/\/wiki-crypto.net\/fr\/esport-faq-questions\/","title":{"rendered":"FAQ Esport : Foire aux questions avant de parier"},"content":{"rendered":"<figure class=\"wp-block-image size-full\"><img decoding=\"async\" loading=\"lazy\" width=\"645\" height=\"300\" src=\"https:\/\/wiki-crypto.net\/wp-content\/uploads\/2022\/12\/esport-faq.jpg\" alt=\"\" class=\"wp-image-124\" srcset=\"https:\/\/wiki-crypto.net\/wp-content\/uploads\/2022\/12\/esport-faq.jpg 645w, https:\/\/wiki-crypto.net\/wp-content\/uploads\/2022\/12\/esport-faq-300x140.jpg 300w, https:\/\/wiki-crypto.net\/wp-content\/uploads\/2022\/12\/esport-faq-18x8.jpg 18w\" sizes=\"(max-width: 645px) 100vw, 645px\" \/><\/figure>\n\n\n\n<h2 id=\"h-question-who-created-esports-and-what-is-the-first-esport-game\"><span id=\"question_who_created_esports_and_what_is_the_first_esport_game\">Question : Qui a cr\u00e9\u00e9 l&#039;eSport et quel est le premier jeu eSport ?<\/span><\/h2>\n\n\n\n<p>Le premier jeu eSport fut Quake, cr\u00e9\u00e9 par John Carmack en 1996, il organisa le \u00ab Red Annihilation \u00bb, un tournoi Quake dans lequel il mit en jeu sa Ferrari 328, remport\u00e9 par l&#039;Am\u00e9ricain Dennis \u00ab Thresh \u00bb Fong.<\/p>\n\n\n\n<p>En fait, Quake est un jeu vid\u00e9o de tir \u00e0 la premi\u00e8re personne sorti en 1996 par id Software. Il est largement consid\u00e9r\u00e9 comme l&#039;anc\u00eatre du genre de l&#039;ar\u00e8ne de combat en ligne multijoueur (MOBA) et l&#039;un des jeux les plus populaires de l&#039;eSport.<\/p>\n\n\n\n<p>Ensuite, le ph\u00e9nom\u00e8ne Esport a depuis pris une ampleur consid\u00e9rable. En plus d&#039;\u00eatre diffus\u00e9s en direct sur Twitch et YouTube, les tournois sont \u00e9galement diffus\u00e9s en streaming sur Facebook et d&#039;autres r\u00e9seaux sociaux. Pour cette raison, les meilleurs joueurs gagnent des salaires \u00e0 six chiffres par an gr\u00e2ce au parrainage et aux prix en argent.<\/p>\n\n\n\n<h2><span id=\"question_which_country_was_the_first_to_recognize_esport_as_a_real_sporting_discipline\">Question : Quel pays a \u00e9t\u00e9 le premier \u00e0 reconna\u00eetre l&#039;eSport comme une v\u00e9ritable discipline sportive ?<\/span><\/h2>\n\n\n\n<p>La <a href=\"https:\/\/wiki-crypto.net\/fr\/histoire-esport\/\">histoire de l&#039;e-sport<\/a> a commenc\u00e9 \u00e0 la fin des ann\u00e9es 1990 et au d\u00e9but des ann\u00e9es 2000, et certains pays, en premier lieu les \u00c9tats-Unis et la Cor\u00e9e du Sud, ont \u00e9t\u00e9 des pionniers. Mais le premier pays \u00e0 reconna\u00eetre l&#039;eSport comme une v\u00e9ritable discipline sportive a \u00e9t\u00e9 les Pays-Bas. En 2017, le gouvernement n\u00e9erlandais a adopt\u00e9 une loi permettant \u00e0 l&#039;eSport d&#039;\u00eatre reconnu comme un sport officiel.<\/p>\n\n\n\n<p>En cons\u00e9quence, le gouvernement n\u00e9erlandais a \u00e9t\u00e9 tr\u00e8s favorable \u00e0 cette nouvelle culture du jeu. \u00c9tant donn\u00e9 qu&#039;ils ont vu comment l&#039;eSport a contribu\u00e9 \u00e0 stimuler l&#039;\u00e9conomie et \u00e0 cr\u00e9er des emplois aux Pays-Bas.<\/p>\n\n\n\n<p>En fait, ils sont all\u00e9s jusqu&#039;\u00e0 financer des \u00e9v\u00e9nements de jeux et des sites de sports \u00e9lectroniques, ce que d&#039;autres pays commencent \u00e0 peine \u00e0 faire maintenant.<\/p>\n\n\n\n<h2><span id=\"question_how_did_esports_get_popular\">Question\u00a0: Comment l&#039;esport est-il devenu populaire\u00a0?<\/span><\/h2>\n\n\n\n<p>Le chiffre d&#039;affaires mondial des jeux devrait d\u00e9passer $320 milliards d&#039;ici 2026. Image : PwC. Les jeux sociaux et occasionnels stimuleront l&#039;expansion alors que des millions de personnes prendront leurs contr\u00f4leurs pour \u00e9chapper \u00e0 l&#039;ennui et \u00e0 l&#039;isolement des blocages de COVID-19 Une excellente source de divertissement. La raison la plus \u00e9vidente pour laquelle l&#039;esport est si populaire de nos jours est peut-\u00eatre qu&#039;il est tellement amusant pour toutes les personnes impliqu\u00e9es. Que vous soyez spectateur ou participant actif, vous \u00eates assur\u00e9 de ne pas vous ennuyer<\/p>\n\n\n\n<p><\/p>\n\n\n\n<h2><span id=\"question_how_to_bet_on_e-sport\">Question Comment parier sur E-Sport ?<\/span><\/h2>\n\n\n\n<p>Bien que vous puissiez jouer avant les \u00e9v\u00e9nements d&#039;esports, les paris en direct deviennent tr\u00e8s populaires pendant les matchs. <\/p>\n\n\n\n<p>Ensuite, certains paris sportifs se sp\u00e9cialisent dans des jeux sp\u00e9cifiques tels que CSGO, League of Legends, FIFA et DOTA2. Par exemple, quelqu&#039;un peut parier sur qui aura le &quot;premier tu\u00e9&quot; dans un match donn\u00e9. D&#039;autres paris peuvent \u00eatre plac\u00e9s sur : <\/p>\n\n\n\n<ul>\n<li>Qui gagne le match<\/li>\n\n\n\n<li>Qui remporte le tournoi<\/li>\n\n\n\n<li>La note finale<\/li>\n<\/ul>\n\n\n\n<p>Pari pair\/impair \u2013 Ici, vous pouvez deviner si la partie gagn\u00e9e, le joueur tu\u00e9 ou le nombre de tours jou\u00e9s \u00e9tait pair ou impair. Pari sur \/ sous - Vous pouvez parier sur le fait qu&#039;une \u00e9quipe d&#039;esports gagnera plus ou moins qu&#039;un montant fix\u00e9 par le site de paris en ligne.<\/p>\n<div id=\"toc_container\" class=\"no_bullets\"><p class=\"toc_title\">Contenu<\/p><ul class=\"toc_list\"><li><a href=\"#question_who_created_esports_and_what_is_the_first_esport_game\"><span class=\"toc_number toc_depth_1\">1<\/span> Question : Qui a cr\u00e9\u00e9 l&#039;eSport et quel est le premier jeu eSport ?<\/a><\/li><li><a href=\"#question_which_country_was_the_first_to_recognize_esport_as_a_real_sporting_discipline\"><span class=\"toc_number toc_depth_1\">2<\/span> Question : Quel pays a \u00e9t\u00e9 le premier \u00e0 reconna\u00eetre l&#039;eSport comme une v\u00e9ritable discipline sportive ?<\/a><\/li><li><a href=\"#question_how_did_esports_get_popular\"><span class=\"toc_number toc_depth_1\">3<\/span> Question\u00a0: Comment l&#039;esport est-il devenu populaire\u00a0?<\/a><\/li><li><a href=\"#question_how_to_bet_on_e-sport\"><span class=\"toc_number toc_depth_1\">4<\/span> Question Comment parier sur E-Sport ?<\/a><\/li><\/ul><\/div>","protected":false},"excerpt":{"rendered":"<p>Question : Who created eSports and What is the first eSport game? First eSport game was Quake, created by John Carmack in 1996, he organized the &#8220;Red Annihilation&#8221;, a Quake tournament in which he put his Ferrari 328 into play, won by the American Dennis &#8220;Thresh&#8221; Fong. In fact Quake is a first-person shooter video &#8230;<\/p>","protected":false},"author":1,"featured_media":0,"parent":0,"menu_order":0,"comment_status":"closed","ping_status":"closed","template":"page-nosidebar.php","meta":[],"yoast_head":"<!-- This site is optimized with the Yoast SEO Premium plugin v19.5 (Yoast SEO v19.11) - https:\/\/yoast.com\/wordpress\/plugins\/seo\/ -->\n<title>Esport FAQ : Frequently Asked Questions before Betting - Final FIFA World Cup 2022 in Qatar<\/title>\n<meta name=\"description\" content=\"Esport FAQ : answering all the questions you have before placing your first bets on game with Bicoin and Cryptocurrency\" \/>\n<meta name=\"robots\" content=\"index, follow, max-snippet:-1, max-image-preview:large, max-video-preview:-1\" \/>\n<link rel=\"canonical\" href=\"https:\/\/wiki-crypto.net\/fr\/esport-faq-fragen\/\" \/>\n<meta property=\"og:locale\" content=\"fr_FR\" \/>\n<meta property=\"og:type\" content=\"article\" \/>\n<meta property=\"og:title\" content=\"Esport FAQ : Frequently Asked Questions before Betting\" \/>\n<meta property=\"og:description\" content=\"Esport FAQ : answering all the questions you have before placing your first bets on game with Bicoin and Cryptocurrency\" \/>\n<meta property=\"og:url\" content=\"https:\/\/wiki-crypto.net\/fr\/esport-faq-fragen\/\" \/>\n<meta property=\"og:site_name\" content=\"Best Crypto Betting Sites | Bitcoin Bet On Football\" \/>\n<meta property=\"article:modified_time\" content=\"2022-12-09T10:01:35+00:00\" \/>\n<meta property=\"og:image\" content=\"https:\/\/wiki-crypto.net\/wp-content\/uploads\/2022\/12\/esport-faq.jpg\" \/>\n<meta name=\"twitter:card\" content=\"summary_large_image\" \/>\n<meta name=\"twitter:label1\" content=\"Dur\u00e9e de lecture estim\u00e9e\" \/>\n\t<meta name=\"twitter:data1\" content=\"3 minutes\" \/>\n<script type=\"application\/ld+json\" class=\"yoast-schema-graph\">{\"@context\":\"https:\/\/schema.org\",\"@graph\":[{\"@type\":\"WebPage\",\"@id\":\"https:\/\/wiki-crypto.net\/de\/esport-faq-fragen\/\",\"url\":\"https:\/\/wiki-crypto.net\/de\/esport-faq-fragen\/\",\"name\":\"Esport FAQ : Frequently Asked Questions before Betting - Final FIFA World Cup 2022 in Qatar\",\"isPartOf\":{\"@id\":\"https:\/\/wiki-crypto.net\/#website\"},\"datePublished\":\"2022-12-04T13:07:10+00:00\",\"dateModified\":\"2022-12-09T10:01:35+00:00\",\"description\":\"Esport FAQ : answering all the questions you have before placing your first bets on game with Bicoin and Cryptocurrency\",\"breadcrumb\":{\"@id\":\"https:\/\/wiki-crypto.net\/de\/esport-faq-fragen\/#breadcrumb\"},\"inLanguage\":\"fr-FR\",\"potentialAction\":[{\"@type\":\"ReadAction\",\"target\":[\"https:\/\/wiki-crypto.net\/de\/esport-faq-fragen\/\"]}]},{\"@type\":\"BreadcrumbList\",\"@id\":\"https:\/\/wiki-crypto.net\/de\/esport-faq-fragen\/#breadcrumb\",\"itemListElement\":[{\"@type\":\"ListItem\",\"position\":1,\"name\":\"Home\",\"item\":\"https:\/\/wiki-crypto.net\/\"},{\"@type\":\"ListItem\",\"position\":2,\"name\":\"Esport FAQ : Frequently Asked Questions before Betting\"}]},{\"@type\":\"WebSite\",\"@id\":\"https:\/\/wiki-crypto.net\/#website\",\"url\":\"https:\/\/wiki-crypto.net\/\",\"name\":\"Best Crypto Betting Sites | Bitcoin Bet On Football\",\"description\":\"Guide and Analysis of the best crypto betting sites, bookmaker for bonus, tips, odds, pronostics to bet online with Cloudbet, 1Xbit, Sportsbet, Trusdice, bc.game\",\"publisher\":{\"@id\":\"https:\/\/wiki-crypto.net\/#organization\"},\"potentialAction\":[{\"@type\":\"SearchAction\",\"target\":{\"@type\":\"EntryPoint\",\"urlTemplate\":\"https:\/\/wiki-crypto.net\/?s={search_term_string}\"},\"query-input\":\"required name=search_term_string\"}],\"inLanguage\":\"fr-FR\"},{\"@type\":\"Organization\",\"@id\":\"https:\/\/wiki-crypto.net\/#organization\",\"name\":\"Best Crypto Betting Sites | Bitcoin Bet On Football\",\"url\":\"https:\/\/wiki-crypto.net\/\",\"logo\":{\"@type\":\"ImageObject\",\"inLanguage\":\"fr-FR\",\"@id\":\"https:\/\/wiki-crypto.net\/#\/schema\/logo\/image\/\",\"url\":\"https:\/\/wiki-crypto.net\/wp-content\/uploads\/2022\/12\/cropped-10-juillet-2019-337-2.jpg\",\"contentUrl\":\"https:\/\/wiki-crypto.net\/wp-content\/uploads\/2022\/12\/cropped-10-juillet-2019-337-2.jpg\",\"width\":1600,\"height\":301,\"caption\":\"Best Crypto Betting Sites | Bitcoin Bet On Football\"},\"image\":{\"@id\":\"https:\/\/wiki-crypto.net\/#\/schema\/logo\/image\/\"}}]}<\/script>\n<!-- \/ Yoast SEO Premium plugin. -->","yoast_head_json":{"title":"Esport FAQ : Frequently Asked Questions before Betting - Final FIFA World Cup 2022 in Qatar","description":"Esport FAQ : answering all the questions you have before placing your first bets on game with Bicoin and Cryptocurrency","robots":{"index":"index","follow":"follow","max-snippet":"max-snippet:-1","max-image-preview":"max-image-preview:large","max-video-preview":"max-video-preview:-1"},"canonical":"https:\/\/wiki-crypto.net\/fr\/esport-faq-fragen\/","og_locale":"fr_FR","og_type":"article","og_title":"Esport FAQ : Frequently Asked Questions before Betting","og_description":"Esport FAQ : answering all the questions you have before placing your first bets on game with Bicoin and Cryptocurrency","og_url":"https:\/\/wiki-crypto.net\/fr\/esport-faq-fragen\/","og_site_name":"Best Crypto Betting Sites | Bitcoin Bet On Football","article_modified_time":"2022-12-09T10:01:35+00:00","og_image":[{"url":"https:\/\/wiki-crypto.net\/wp-content\/uploads\/2022\/12\/esport-faq.jpg"}],"twitter_card":"summary_large_image","twitter_misc":{"Dur\u00e9e de lecture estim\u00e9e":"3 minutes"},"schema":{"@context":"https:\/\/schema.org","@graph":[{"@type":"WebPage","@id":"https:\/\/wiki-crypto.net\/de\/esport-faq-fragen\/","url":"https:\/\/wiki-crypto.net\/de\/esport-faq-fragen\/","name":"Esport FAQ : Frequently Asked Questions before Betting - Final FIFA World Cup 2022 in Qatar","isPartOf":{"@id":"https:\/\/wiki-crypto.net\/#website"},"datePublished":"2022-12-04T13:07:10+00:00","dateModified":"2022-12-09T10:01:35+00:00","description":"Esport FAQ : answering all the questions you have before placing your first bets on game with Bicoin and Cryptocurrency","breadcrumb":{"@id":"https:\/\/wiki-crypto.net\/de\/esport-faq-fragen\/#breadcrumb"},"inLanguage":"fr-FR","potentialAction":[{"@type":"ReadAction","target":["https:\/\/wiki-crypto.net\/de\/esport-faq-fragen\/"]}]},{"@type":"BreadcrumbList","@id":"https:\/\/wiki-crypto.net\/de\/esport-faq-fragen\/#breadcrumb","itemListElement":[{"@type":"ListItem","position":1,"name":"Home","item":"https:\/\/wiki-crypto.net\/"},{"@type":"ListItem","position":2,"name":"Esport FAQ : Frequently Asked Questions before Betting"}]},{"@type":"WebSite","@id":"https:\/\/wiki-crypto.net\/#website","url":"https:\/\/wiki-crypto.net\/","name":"Best Crypto Betting Sites | Bitcoin Bet On Football","description":"Guide and Analysis of the best crypto betting sites, bookmaker for bonus, tips, odds, pronostics to bet online with Cloudbet, 1Xbit, Sportsbet, Trusdice, bc.game","publisher":{"@id":"https:\/\/wiki-crypto.net\/#organization"},"potentialAction":[{"@type":"SearchAction","target":{"@type":"EntryPoint","urlTemplate":"https:\/\/wiki-crypto.net\/?s={search_term_string}"},"query-input":"required name=search_term_string"}],"inLanguage":"fr-FR"},{"@type":"Organization","@id":"https:\/\/wiki-crypto.net\/#organization","name":"Best Crypto Betting Sites | Bitcoin Bet On Football","url":"https:\/\/wiki-crypto.net\/","logo":{"@type":"ImageObject","inLanguage":"fr-FR","@id":"https:\/\/wiki-crypto.net\/#\/schema\/logo\/image\/","url":"https:\/\/wiki-crypto.net\/wp-content\/uploads\/2022\/12\/cropped-10-juillet-2019-337-2.jpg","contentUrl":"https:\/\/wiki-crypto.net\/wp-content\/uploads\/2022\/12\/cropped-10-juillet-2019-337-2.jpg","width":1600,"height":301,"caption":"Best Crypto Betting Sites | Bitcoin Bet On Football"},"image":{"@id":"https:\/\/wiki-crypto.net\/#\/schema\/logo\/image\/"}}]}},"_links":{"self":[{"href":"https:\/\/wiki-crypto.net\/fr\/wp-json\/wp\/v2\/pages\/114"}],"collection":[{"href":"https:\/\/wiki-crypto.net\/fr\/wp-json\/wp\/v2\/pages"}],"about":[{"href":"https:\/\/wiki-crypto.net\/fr\/wp-json\/wp\/v2\/types\/page"}],"author":[{"embeddable":true,"href":"https:\/\/wiki-crypto.net\/fr\/wp-json\/wp\/v2\/users\/1"}],"replies":[{"embeddable":true,"href":"https:\/\/wiki-crypto.net\/fr\/wp-json\/wp\/v2\/comments?post=114"}],"version-history":[{"count":9,"href":"https:\/\/wiki-crypto.net\/fr\/wp-json\/wp\/v2\/pages\/114\/revisions"}],"predecessor-version":[{"id":146,"href":"https:\/\/wiki-crypto.net\/fr\/wp-json\/wp\/v2\/pages\/114\/revisions\/146"}],"wp:attachment":[{"href":"https:\/\/wiki-crypto.net\/fr\/wp-json\/wp\/v2\/media?parent=114"}],"curies":[{"name":"wp","href":"https:\/\/api.w.org\/{rel}","templated":true}]}}