{"id":75,"date":"2022-12-04T16:08:49","date_gmt":"2022-12-04T16:08:49","guid":{"rendered":"https:\/\/wiki-crypto.net\/?page_id=75"},"modified":"2022-12-04T17:25:58","modified_gmt":"2022-12-04T17:25:58","slug":"betting-esport-bitcoin-crypto","status":"publish","type":"page","link":"https:\/\/wiki-crypto.net\/es\/apuestas-esport-bitcoin-crypto\/","title":{"rendered":"eSports, sitios de apuestas que aceptan Bitcoin y Crypto"},"content":{"rendered":"<figure class=\"wp-block-image size-large\"><img decoding=\"async\" loading=\"lazy\" width=\"1024\" height=\"683\" src=\"https:\/\/wiki-crypto.net\/wp-content\/uploads\/2022\/12\/betting-esport-bitcoin-crypto-1024x683.jpg\" alt=\"eSports, sitios de apuestas que aceptan Bitcoin y Crypto\" class=\"wp-image-165\" srcset=\"https:\/\/wiki-crypto.net\/wp-content\/uploads\/2022\/12\/betting-esport-bitcoin-crypto-1024x683.jpg 1024w, https:\/\/wiki-crypto.net\/wp-content\/uploads\/2022\/12\/betting-esport-bitcoin-crypto-300x200.jpg 300w, https:\/\/wiki-crypto.net\/wp-content\/uploads\/2022\/12\/betting-esport-bitcoin-crypto-768x512.jpg 768w, https:\/\/wiki-crypto.net\/wp-content\/uploads\/2022\/12\/betting-esport-bitcoin-crypto-18x12.jpg 18w, https:\/\/wiki-crypto.net\/wp-content\/uploads\/2022\/12\/betting-esport-bitcoin-crypto.jpg 1200w\" sizes=\"(max-width: 1024px) 100vw, 1024px\" \/><\/figure>\n\n\n\n<p><\/p>\n\n\n\n<h3><span id=\"the_revolution_of_e-sport_bet\">La revoluci\u00f3n de las apuestas deportivas electr\u00f3nicas<\/span><\/h3>\n\n\n\n<p>Las apuestas de eSports han crecido en popularidad hoy en d\u00eda y la cantidad de juegos en los que puede apostar como en otros deportes tradicionales como en el <a href=\"https:\/\/www.foot-bookmaker.com\/\">F\u00fatbol<\/a>. Aunque los MOBA (DOTA, League of Legends, etc.) y los juegos de disparos en primera persona (CS:GO, Overwatch, etc.) son m\u00e1s populares, puedes apostar en casi cualquier juego que permita competir a equipos o jugadores.<\/p>\n\n\n\n<p>Al igual que otros sitios de apuestas, el principio es el mismo, pero <strong>en su lugar, puede usar Bitcoin para hacer su apuesta.\u00a0<\/strong>Como resultado, la cantidad de sitios de apuestas de Bitcoin eSports aumenta constantemente y estos sitios combinan los beneficios de la experiencia de apuestas tradicional con los de BTC.<\/p>\n\n\n\n<p>Por esta raz\u00f3n, Bitcoin ha permitido que las apuestas deportivas sean m\u00e1s accesibles para personas de todo el mundo, especialmente en ciertos pa\u00edses y jurisdicciones donde las apuestas en eventos deportivos con dinero real est\u00e1n restringidas, son ilegales o est\u00e1n sujetas a impuestos.<\/p>\n\n\n\n<p>Por eso, la principal ventaja aqu\u00ed es que no est\u00e1s violando las leyes de ninguna manera al hacer apuestas con Bitcoin, ya que en la mayor\u00eda de los pa\u00edses BTC no se considera ilegal, teniendo en cuenta que no se reconoce como moneda.<\/p>\n\n\n\n<h2 id=\"h-how-to-use-bitcoin-crypto-to-bet-on-esports\"><span id=\"how_to_use_bitcoincrypto_to_bet_on_esports\">C\u00f3mo usar Bitcoin\/Crypto para apostar en eSports<\/span><\/h2>\n\n\n\n<p>Para realizar una apuesta, primero debe crear una billetera Bitcoin para almacenar y enviar sus Bitcoins. Si ya tiene una billetera Bitcoin, puede omitir este paso.<\/p>\n\n\n\n<p>Despu\u00e9s de que el Bitcoin que compr\u00f3 en el intercambio se haya enviado a su billetera, puede ir a la secci\u00f3n de cajero autom\u00e1tico\/cajero de las casas de apuestas deportivas en l\u00ednea donde desea realizar su apuesta.<\/p>\n\n\n\n<p>Seleccione la opci\u00f3n Bitcoin de la lista de dep\u00f3sitos (al depositar dinero apostado) o de la lista de retiros (al sacar ganancias de Bitcoin) y especifique la cantidad deseada que desea depositar o retirar.<\/p>\n\n\n\n<h2 id=\"h-the-best-esports-betting-sites-accept-bitcoin-crypo\"><span id=\"the_best_esports_betting_sites_accept_bitcoincrypo\">Los mejores sitios de apuestas de eSports aceptan Bitcoin\/Crypo:<\/span><\/h2>\n\n\n\n<h3 id=\"h-1xbit\"><span id=\"1xbit\"><strong>1xBit<\/strong><\/span><\/h3>\n\n\n\n<p>1xBit es un sitio web de Bitcoin Sportback y Bitcoin que se lanz\u00f3 por primera vez en 2011. Esta sencilla plataforma de casino y juegos de Bitcoin ofrece una gama de activos para apostar y una variedad de juegos.<\/p>\n\n\n\n<p>Se pueden realizar apuestas en vivo en baloncesto, hockey sobre hielo, f\u00fatbol\/f\u00fatbol, cricket, b\u00e9isbol, carreras de rugby, F\u00f3rmula 1 y m\u00e1s, mediante el uso de una instalaci\u00f3n de TV virtual integrada. Hay muchos juegos en los que puedes pensar. La plataforma en l\u00ednea funciona perfectamente, lo que permite al jugador apostar r\u00e1pidamente sin ning\u00fan problema. Veamos los diferentes aspectos de 1xBit para determinar su posici\u00f3n entre otros sitios de apuestas de Bitcoin en l\u00ednea.<\/p>\n\n\n\n<p>1xBit es un sitio de apuestas de Bitcoin, pero acepta dep\u00f3sitos y retiros en 18 criptomonedas, incluidas Ethereum, Dogecoin, Dash, Monero, Verge, Ethereum Classic, Bitcoin Cash, Bitcoin Gold, Zcash, Sibcoin, NEM y algunas otras. La mayor\u00eda de los pagos realizados a trav\u00e9s de Bitcoin no incurren en ninguna tarifa. No se admiten tarjetas de cr\u00e9dito\/d\u00e9bito ni transferencias bancarias para dep\u00f3sitos o retiros.<\/p>\n\n\n\n<h3 id=\"h-cloudbet\"><span id=\"cloudbet\">apuesta en la nube<\/span><\/h3>\n\n\n\n<p>El famoso Cloudbet es una extensa plataforma de apuestas y casinos en l\u00ednea fundada en 2013, que ofrece algunas caracter\u00edsticas interesantes para los jugadores de casino y apostadores deportivos.<\/p>\n\n\n\n<p>Cloudbet Casino and Sports Betting tiene licencia de E-Gambling Montenegro, lo que demuestra que tiene licencia y licencia para operar en esta industria. Para realizar dep\u00f3sitos, debe hacer clic en el bot\u00f3n Dep\u00f3sito disponible en el panel de control de su cuenta, copiar la direcci\u00f3n de Bitcoin reci\u00e9n generada para iniciar la transacci\u00f3n y pegarla en su billetera electr\u00f3nica para depositar Bitcoins. El monto m\u00ednimo de dep\u00f3sito de Bitcoin es 0.001 BTC y no hay l\u00edmite m\u00e1ximo.<\/p>\n\n\n\n<p>Enorme: Cloudbet ofrece a los usuarios en directo deportes como b\u00e1dminton, f\u00fatbol americano, b\u00e9isbol, bandy, boxeo, ciclismo, cr\u00edquet, Floorball, dardos, golf, f\u00fatbol sala, hockey sobre hielo, balonmano, artes marciales mixtas (MMA), rugby, deportes de motor F\u00fatbol, billar, tenis, ping-pong, deportes de invierno, waterpolo y voleibol.<\/p>\n\n\n\n<p>Los apostadores tambi\u00e9n pueden apostar en partidos en vivo en categor\u00edas como baloncesto, tenis, f\u00fatbol, cr\u00edquet, balonmano, b\u00e1dminton, voleibol, tenis de mesa y hockey sobre hielo.<\/p>\n\n\n\n<h3 id=\"h-coinbet24\"><span id=\"coinbet24\"><strong>Coinbet24<\/strong><\/span><\/h3>\n\n\n\n<p>Coinbet24 es un sitio de apuestas de Bitcoin que permite a los usuarios apostar en deportes y juegos de casino. Coinbet24 requiere una cuenta para apostar y ofrece bonos de dep\u00f3sito y un programa de afiliados (aunque se debe hacer una solicitud por escrito). Los usuarios tienen varios m\u00e9todos a trav\u00e9s de los cuales pueden depositar sus fondos:<\/p>\n\n\n\n<ul>\n<li>bitcoins<\/li>\n\n\n\n<li>Otras criptomonedas (ShapeShift)<\/li>\n\n\n\n<li>Tarjeta de cr\u00e9dito<\/li>\n\n\n\n<li>Transferencia bancaria<\/li>\n\n\n\n<li>dinero perfecto<\/li>\n\n\n\n<li>EcoPayz<\/li>\n<\/ul>\n\n\n\n<h3 id=\"h-coingaming\"><span id=\"coingaming\"><strong>Juegos de monedas<\/strong><\/span><\/h3>\n\n\n\n<p>CoinGaming es una plataforma que se especializa en brindar opciones de moneda Bitcoin para la industria de iGaming. CoinGaming.io es un enorme casino en l\u00ednea que ofrece m\u00e1s de 30 juegos, con tragamonedas, blackjack, p\u00f3quer, rummy, loter\u00eda y ruleta.<\/p>\n\n\n\n<p>Los jugadores reciben un bono de dep\u00f3sito 100% de hasta 1 BTC y un bono de recarga para dep\u00f3sitos posteriores. El sitio regala m\u00e1s de 18,000 BTC de las ganancias del premio mayor. Adem\u00e1s, se sabe que tiene procesos de dep\u00f3sito y retiro relativamente r\u00e1pidos.<\/p>\n\n\n\n<p>CoinGaming, miembro de plata de esta Fundaci\u00f3n Bitcoin, ofrece un completo sistema de casino de marca blanca al que pueden acceder jugadores de todo el mundo. La plataforma incluye una selecci\u00f3n de tragamonedas de casino (m\u00e1s de 700) y crupieres para juegos de mesa y de dados.<\/p>\n\n\n\n<p>Los comerciantes en vivo ahora est\u00e1n disponibles las 24 horas del d\u00eda, los 7 d\u00edas de la semana y se transmiten desde estudios especializados que utilizan tecnolog\u00eda de transmisi\u00f3n de \u00faltima generaci\u00f3n. Los usuarios pueden depositar y retirar instant\u00e1neamente usando Bitcoin, y las billeteras de los jugadores se actualizan en tiempo real.<\/p>\n\n\n\n<h2 id=\"h-why-use-bitcoin-crypo-in-esports-betting-sites\"><span id=\"why_use_bitcoincrypo_in_esports_betting_sites\">\u00bfPor qu\u00e9 usar Bitcoin\/Crypo en los sitios de apuestas de eSports?<\/span><\/h2>\n\n\n\n<p>Bitcoin\/Crypo es r\u00e1pido y f\u00e1cil de usar una vez que comienza a realizar dep\u00f3sitos en casas de apuestas deportivas en l\u00ednea. Las tarifas de transacci\u00f3n pueden variar de 0% a 2%, ocultas o no, a diferencia de las tarifas cobradas por los m\u00e9todos de pago tradicionales como tarjetas de cr\u00e9dito o transferencias bancarias directas.<\/p>\n\n\n\n<p>Varias casas de apuestas que tienen opciones de dep\u00f3sito y retiro de Bitcoin tambi\u00e9n hacen que las transacciones de BTC sean la forma m\u00e1s econ\u00f3mica de financiar su cuenta de apuestas, con muchos bonos espec\u00edficos de Bitcoin en los registros y promociones para aumentar el saldo de su cuenta de apuestas.<\/p>\n\n\n\n<p>Si utiliza Bitcoin para depositar apuestas en su cuenta de apuestas deportivas y retira sus ganancias potenciales, el sitio de apuestas no tendr\u00e1 en su poder su informaci\u00f3n personal y financiera.<\/p>\n\n\n\n<p>Juega siempre lo que est\u00e9s dispuesto a perder. \u00a1Buena suerte!<\/p>\n\n\n\n<h3 id=\"h-the-most-popular-game-to-bet-in-2023\"><span id=\"the_most_popular_game_to_bet_in_2023\">El juego m\u00e1s popular para apostar en 2023<\/span><\/h3>\n\n\n\n<p>CS:GO, Dota 2, League of Legends, Smite, Battlegrounds, Call of Duty, StarCraft 2, Hearthstone, World of Tanks, Halo, FIFA, NBA 2K18, Overwatch, Heroes of the Storm, Vainglory, Fortnite, Valorant<\/p>\n\n\n\n<p><\/p>\n<div id=\"toc_container\" class=\"no_bullets\"><p class=\"toc_title\">Contenido<\/p><ul class=\"toc_list\"><ul><li><a href=\"#the_revolution_of_e-sport_bet\"><span class=\"toc_number toc_depth_2\">0.1<\/span> La revoluci\u00f3n de las apuestas deportivas electr\u00f3nicas<\/a><\/li><\/ul><\/li><li><a href=\"#how_to_use_bitcoincrypto_to_bet_on_esports\"><span class=\"toc_number toc_depth_1\">1<\/span> C\u00f3mo usar Bitcoin\/Crypto para apostar en eSports<\/a><\/li><li><a href=\"#the_best_esports_betting_sites_accept_bitcoincrypo\"><span class=\"toc_number toc_depth_1\">2<\/span> Los mejores sitios de apuestas de eSports aceptan Bitcoin\/Crypo:<\/a><ul><li><a href=\"#1xbit\"><span class=\"toc_number toc_depth_2\">2.1<\/span> 1xBit<\/a><\/li><li><a href=\"#cloudbet\"><span class=\"toc_number toc_depth_2\">2.2<\/span> apuesta en la nube<\/a><\/li><li><a href=\"#coinbet24\"><span class=\"toc_number toc_depth_2\">2.3<\/span> Coinbet24<\/a><\/li><li><a href=\"#coingaming\"><span class=\"toc_number toc_depth_2\">2.4<\/span> Juegos de monedas<\/a><\/li><\/ul><\/li><li><a href=\"#why_use_bitcoincrypo_in_esports_betting_sites\"><span class=\"toc_number toc_depth_1\">3<\/span> \u00bfPor qu\u00e9 usar Bitcoin\/Crypo en los sitios de apuestas de eSports?<\/a><ul><li><a href=\"#the_most_popular_game_to_bet_in_2023\"><span class=\"toc_number toc_depth_2\">3.1<\/span> El juego m\u00e1s popular para apostar en 2023<\/a><\/li><\/ul><\/li><\/ul><\/div>","protected":false},"excerpt":{"rendered":"<p>La revoluci\u00f3n de las apuestas de deportes electr\u00f3nicos Las apuestas de deportes electr\u00f3nicos han crecido en popularidad hoy en d\u00eda y la cantidad de juegos en los que se puede apostar al igual que en otros deportes tradicionales como el f\u00fatbol. Aunque los MOBA (DOTA, League of Legends, etc.) y los juegos de disparos en primera persona (CS:GO, Overwatch, etc.) son m\u00e1s populares, puedes apostar en casi cualquier juego que permita...<\/p>","protected":false},"author":1,"featured_media":0,"parent":0,"menu_order":0,"comment_status":"closed","ping_status":"closed","template":"page-nosidebar.php","meta":[],"yoast_head":"<!-- This site is optimized with the Yoast SEO Premium plugin v19.5 (Yoast SEO v19.11) - https:\/\/yoast.com\/wordpress\/plugins\/seo\/ -->\n<title>eSports, Betting Sites that accept Bitcoin and Crypto - Final FIFA World Cup 2022 in Qatar<\/title>\n<meta name=\"description\" content=\"Best crypto E-Sports betting sites : Analysis, Odd and Exclusive Bonus. Choose the right Bitcoin\/Crypto eGaming bookmaker!\" \/>\n<meta name=\"robots\" content=\"index, follow, max-snippet:-1, max-image-preview:large, max-video-preview:-1\" \/>\n<link rel=\"canonical\" href=\"https:\/\/wiki-crypto.net\/es\/apuestas-esport-bitcoin-crypto\/\" \/>\n<meta property=\"og:locale\" content=\"es_ES\" \/>\n<meta property=\"og:type\" content=\"article\" \/>\n<meta property=\"og:title\" content=\"eSports, Betting Sites that accept Bitcoin and Crypto\" \/>\n<meta property=\"og:description\" content=\"Best crypto E-Sports betting sites : Analysis, Odd and Exclusive Bonus. Choose the right Bitcoin\/Crypto eGaming bookmaker!\" \/>\n<meta property=\"og:url\" content=\"https:\/\/wiki-crypto.net\/es\/apuestas-esport-bitcoin-crypto\/\" \/>\n<meta property=\"og:site_name\" content=\"Best Crypto Betting Sites | Bitcoin Bet On Football\" \/>\n<meta property=\"article:modified_time\" content=\"2022-12-04T17:25:58+00:00\" \/>\n<meta property=\"og:image\" content=\"https:\/\/wiki-crypto.net\/wp-content\/uploads\/2022\/12\/betting-esport-bitcoin-crypto-1024x683.jpg\" \/>\n<meta name=\"twitter:card\" content=\"summary_large_image\" \/>\n<meta name=\"twitter:label1\" content=\"Tiempo de lectura\" \/>\n\t<meta name=\"twitter:data1\" content=\"6 minutos\" \/>\n<script type=\"application\/ld+json\" class=\"yoast-schema-graph\">{\"@context\":\"https:\/\/schema.org\",\"@graph\":[{\"@type\":\"WebPage\",\"@id\":\"https:\/\/wiki-crypto.net\/betting-esport-bitcoin-crypto\/\",\"url\":\"https:\/\/wiki-crypto.net\/betting-esport-bitcoin-crypto\/\",\"name\":\"eSports, Betting Sites that accept Bitcoin and Crypto - Final FIFA World Cup 2022 in Qatar\",\"isPartOf\":{\"@id\":\"https:\/\/wiki-crypto.net\/#website\"},\"datePublished\":\"2022-12-04T16:08:49+00:00\",\"dateModified\":\"2022-12-04T17:25:58+00:00\",\"description\":\"Best crypto E-Sports betting sites : Analysis, Odd and Exclusive Bonus. Choose the right Bitcoin\/Crypto eGaming bookmaker!\",\"breadcrumb\":{\"@id\":\"https:\/\/wiki-crypto.net\/betting-esport-bitcoin-crypto\/#breadcrumb\"},\"inLanguage\":\"es\",\"potentialAction\":[{\"@type\":\"ReadAction\",\"target\":[\"https:\/\/wiki-crypto.net\/betting-esport-bitcoin-crypto\/\"]}]},{\"@type\":\"BreadcrumbList\",\"@id\":\"https:\/\/wiki-crypto.net\/betting-esport-bitcoin-crypto\/#breadcrumb\",\"itemListElement\":[{\"@type\":\"ListItem\",\"position\":1,\"name\":\"Home\",\"item\":\"https:\/\/wiki-crypto.net\/\"},{\"@type\":\"ListItem\",\"position\":2,\"name\":\"eSports, Betting Sites that accept Bitcoin and Crypto\"}]},{\"@type\":\"WebSite\",\"@id\":\"https:\/\/wiki-crypto.net\/#website\",\"url\":\"https:\/\/wiki-crypto.net\/\",\"name\":\"Best Crypto Betting Sites | Bitcoin Bet On Football\",\"description\":\"Guide and Analysis of the best crypto betting sites, bookmaker for bonus, tips, odds, pronostics to bet online with Cloudbet, 1Xbit, Sportsbet, Trusdice, bc.game\",\"publisher\":{\"@id\":\"https:\/\/wiki-crypto.net\/#organization\"},\"potentialAction\":[{\"@type\":\"SearchAction\",\"target\":{\"@type\":\"EntryPoint\",\"urlTemplate\":\"https:\/\/wiki-crypto.net\/?s={search_term_string}\"},\"query-input\":\"required name=search_term_string\"}],\"inLanguage\":\"es\"},{\"@type\":\"Organization\",\"@id\":\"https:\/\/wiki-crypto.net\/#organization\",\"name\":\"Best Crypto Betting Sites | Bitcoin Bet On Football\",\"url\":\"https:\/\/wiki-crypto.net\/\",\"logo\":{\"@type\":\"ImageObject\",\"inLanguage\":\"es\",\"@id\":\"https:\/\/wiki-crypto.net\/#\/schema\/logo\/image\/\",\"url\":\"https:\/\/wiki-crypto.net\/wp-content\/uploads\/2022\/12\/cropped-10-juillet-2019-337-2.jpg\",\"contentUrl\":\"https:\/\/wiki-crypto.net\/wp-content\/uploads\/2022\/12\/cropped-10-juillet-2019-337-2.jpg\",\"width\":1600,\"height\":301,\"caption\":\"Best Crypto Betting Sites | Bitcoin Bet On Football\"},\"image\":{\"@id\":\"https:\/\/wiki-crypto.net\/#\/schema\/logo\/image\/\"}}]}<\/script>\n<!-- \/ Yoast SEO Premium plugin. -->","yoast_head_json":{"title":"eSports, Betting Sites that accept Bitcoin and Crypto - Final FIFA World Cup 2022 in Qatar","description":"Best crypto E-Sports betting sites : Analysis, Odd and Exclusive Bonus. Choose the right Bitcoin\/Crypto eGaming bookmaker!","robots":{"index":"index","follow":"follow","max-snippet":"max-snippet:-1","max-image-preview":"max-image-preview:large","max-video-preview":"max-video-preview:-1"},"canonical":"https:\/\/wiki-crypto.net\/es\/apuestas-esport-bitcoin-crypto\/","og_locale":"es_ES","og_type":"article","og_title":"eSports, Betting Sites that accept Bitcoin and Crypto","og_description":"Best crypto E-Sports betting sites : Analysis, Odd and Exclusive Bonus. Choose the right Bitcoin\/Crypto eGaming bookmaker!","og_url":"https:\/\/wiki-crypto.net\/es\/apuestas-esport-bitcoin-crypto\/","og_site_name":"Best Crypto Betting Sites | Bitcoin Bet On Football","article_modified_time":"2022-12-04T17:25:58+00:00","og_image":[{"url":"https:\/\/wiki-crypto.net\/wp-content\/uploads\/2022\/12\/betting-esport-bitcoin-crypto-1024x683.jpg"}],"twitter_card":"summary_large_image","twitter_misc":{"Tiempo de lectura":"6 minutos"},"schema":{"@context":"https:\/\/schema.org","@graph":[{"@type":"WebPage","@id":"https:\/\/wiki-crypto.net\/betting-esport-bitcoin-crypto\/","url":"https:\/\/wiki-crypto.net\/betting-esport-bitcoin-crypto\/","name":"eSports, Betting Sites that accept Bitcoin and Crypto - Final FIFA World Cup 2022 in Qatar","isPartOf":{"@id":"https:\/\/wiki-crypto.net\/#website"},"datePublished":"2022-12-04T16:08:49+00:00","dateModified":"2022-12-04T17:25:58+00:00","description":"Best crypto E-Sports betting sites : Analysis, Odd and Exclusive Bonus. Choose the right Bitcoin\/Crypto eGaming bookmaker!","breadcrumb":{"@id":"https:\/\/wiki-crypto.net\/betting-esport-bitcoin-crypto\/#breadcrumb"},"inLanguage":"es","potentialAction":[{"@type":"ReadAction","target":["https:\/\/wiki-crypto.net\/betting-esport-bitcoin-crypto\/"]}]},{"@type":"BreadcrumbList","@id":"https:\/\/wiki-crypto.net\/betting-esport-bitcoin-crypto\/#breadcrumb","itemListElement":[{"@type":"ListItem","position":1,"name":"Home","item":"https:\/\/wiki-crypto.net\/"},{"@type":"ListItem","position":2,"name":"eSports, Betting Sites that accept Bitcoin and Crypto"}]},{"@type":"WebSite","@id":"https:\/\/wiki-crypto.net\/#website","url":"https:\/\/wiki-crypto.net\/","name":"Best Crypto Betting Sites | Bitcoin Bet On Football","description":"Guide and Analysis of the best crypto betting sites, bookmaker for bonus, tips, odds, pronostics to bet online with Cloudbet, 1Xbit, Sportsbet, Trusdice, bc.game","publisher":{"@id":"https:\/\/wiki-crypto.net\/#organization"},"potentialAction":[{"@type":"SearchAction","target":{"@type":"EntryPoint","urlTemplate":"https:\/\/wiki-crypto.net\/?s={search_term_string}"},"query-input":"required name=search_term_string"}],"inLanguage":"es"},{"@type":"Organization","@id":"https:\/\/wiki-crypto.net\/#organization","name":"Best Crypto Betting Sites | Bitcoin Bet On Football","url":"https:\/\/wiki-crypto.net\/","logo":{"@type":"ImageObject","inLanguage":"es","@id":"https:\/\/wiki-crypto.net\/#\/schema\/logo\/image\/","url":"https:\/\/wiki-crypto.net\/wp-content\/uploads\/2022\/12\/cropped-10-juillet-2019-337-2.jpg","contentUrl":"https:\/\/wiki-crypto.net\/wp-content\/uploads\/2022\/12\/cropped-10-juillet-2019-337-2.jpg","width":1600,"height":301,"caption":"Best Crypto Betting Sites | Bitcoin Bet On Football"},"image":{"@id":"https:\/\/wiki-crypto.net\/#\/schema\/logo\/image\/"}}]}},"_links":{"self":[{"href":"https:\/\/wiki-crypto.net\/es\/wp-json\/wp\/v2\/pages\/75"}],"collection":[{"href":"https:\/\/wiki-crypto.net\/es\/wp-json\/wp\/v2\/pages"}],"about":[{"href":"https:\/\/wiki-crypto.net\/es\/wp-json\/wp\/v2\/types\/page"}],"author":[{"embeddable":true,"href":"https:\/\/wiki-crypto.net\/es\/wp-json\/wp\/v2\/users\/1"}],"replies":[{"embeddable":true,"href":"https:\/\/wiki-crypto.net\/es\/wp-json\/wp\/v2\/comments?post=75"}],"version-history":[{"count":11,"href":"https:\/\/wiki-crypto.net\/es\/wp-json\/wp\/v2\/pages\/75\/revisions"}],"predecessor-version":[{"id":177,"href":"https:\/\/wiki-crypto.net\/es\/wp-json\/wp\/v2\/pages\/75\/revisions\/177"}],"wp:attachment":[{"href":"https:\/\/wiki-crypto.net\/es\/wp-json\/wp\/v2\/media?parent=75"}],"curies":[{"name":"wp","href":"https:\/\/api.w.org\/{rel}","templated":true}]}}