{"id":21,"date":"2022-11-30T21:18:21","date_gmt":"2022-11-30T21:18:21","guid":{"rendered":"https:\/\/wiki-crypto.net\/?page_id=21"},"modified":"2022-12-04T17:08:03","modified_gmt":"2022-12-04T17:08:03","slug":"bitcoin-history","status":"publish","type":"page","link":"https:\/\/wiki-crypto.net\/es\/bitcoin-historia\/","title":{"rendered":"Historia de Bitcoin"},"content":{"rendered":"<div class=\"wp-block-image\">\n<figure class=\"alignleft size-large is-resized\"><img decoding=\"async\" loading=\"lazy\" src=\"https:\/\/wiki-crypto.net\/wp-content\/uploads\/2022\/12\/bitcoin-history-1024x1024.jpg\" alt=\"Historia de Bitcoin\" class=\"wp-image-155\" width=\"272\" height=\"272\" srcset=\"https:\/\/wiki-crypto.net\/wp-content\/uploads\/2022\/12\/bitcoin-history-1024x1024.jpg 1024w, https:\/\/wiki-crypto.net\/wp-content\/uploads\/2022\/12\/bitcoin-history-300x300.jpg 300w, https:\/\/wiki-crypto.net\/wp-content\/uploads\/2022\/12\/bitcoin-history-150x150.jpg 150w, https:\/\/wiki-crypto.net\/wp-content\/uploads\/2022\/12\/bitcoin-history-768x768.jpg 768w, https:\/\/wiki-crypto.net\/wp-content\/uploads\/2022\/12\/bitcoin-history-1536x1536.jpg 1536w, https:\/\/wiki-crypto.net\/wp-content\/uploads\/2022\/12\/bitcoin-history-12x12.jpg 12w, https:\/\/wiki-crypto.net\/wp-content\/uploads\/2022\/12\/bitcoin-history.jpg 1600w\" sizes=\"(max-width: 272px) 100vw, 272px\" \/><\/figure><\/div>\n\n\n<p><em>Bitcoin es una de las tecnolog\u00edas financieras m\u00e1s revolucionarias de la \u00faltima d\u00e9cada. Pero, \u00bfcu\u00e1l es la historia detr\u00e1s de esta moneda digital? \u00bfC\u00f3mo surgi\u00f3 Bitcoin y por qu\u00e9 es tan popular? En esta p\u00e1gina, exploraremos la historia de Bitcoin, desde sus misteriosos comienzos hasta su estado actual como fen\u00f3meno global. Comprenderemos la tecnolog\u00eda que lo hace posible, las personas que han dado forma a su desarrollo y el impacto que ha tenido en el mundo de las finanzas. Entonces, comencemos con la historia de Bitcoin.<\/em><\/p>\n\n\n\n<p><\/p>\n\n\n\n<h3 id=\"h-cryptocurrency-the-beginning-of-the-saga\"><span id=\"cryptocurrency_the_beginning_of_the_saga\">Criptomoneda: el comienzo de la saga<\/span><\/h3>\n\n\n\n<p>Para no comenzar con la historia de la criptomoneda m\u00e1s famosa ahora conocida por la mayor\u00eda: el Bitcoin.\u00a0<strong>En 2008 Satoshi Nakamoto public\u00f3 el protocolo Bitcoin<\/strong>\u00a0en la lista de correo de The Cryptography en Internet, para luego distribuir la primera versi\u00f3n del software cliente al a\u00f1o siguiente y contribuir junto con otros desarrolladores a expandir el proyecto, solo para retirarse de la comunidad Bitcoin en 2010, dejando el funcionamiento del programa en las manos de Gavin Andersen.<\/p>\n\n\n\n<p>A\u00fan hoy se discute sobre la verdadera identidad detr\u00e1s del seud\u00f3nimo japon\u00e9s del creador de la criptomoneda y ninguna de las teor\u00edas que se han elaborado hasta el momento ha encontrado confirmaci\u00f3n en la realidad.&nbsp;<strong>El valor de Bitcoin ha seguido creciendo<\/strong>&nbsp;a lo largo de los a\u00f1os desde entonces, aunque no de manera constante a lo largo del tiempo.<\/p>\n\n\n\n<p>A principios de 2012 se cotizaba un Bitcoin a 13 d\u00f3lares, a finales de 2016 val\u00eda 850. En diciembre de 2017, el Chicago Board of Trade (CBOT), la bolsa de valores de la ciudad de Illinois, comenz\u00f3 a&nbsp;<strong>permitir la negociaci\u00f3n de valores futuros en<\/strong>&nbsp;el m\u00e1s conocido, una especie de contrato que permite a los operadores apostar sobre el valor futuro de un activo, ayudando a disparar el valor de la moneda virtual.<\/p>\n\n\n\n<p>Asi que&nbsp;<strong>Bitcoin alcanza $20,000 a fines de 2017, antes de una ca\u00edda repentina a $12,000<\/strong>&nbsp;, luego cerrando el a\u00f1o en $14,600. Actualmente, el hype en torno a esta criptomoneda ha disminuido un poco, y al mismo tiempo otras criptomonedas como Ethereum o Litecoin han ingresado al mercado y se han apoderado de una tajada del sector, aunque Bitcoins, como las primeras llegadas, siguen defini\u00e9ndose. como el arquetipo de este tipo de transacci\u00f3n.<\/p>\n\n\n\n<h2 id=\"h-cryptocurrency-history-volatility-and-fluctuations\"><span id=\"cryptocurrency_history_volatility_and_fluctuations\">Volatilidad y fluctuaciones del historial de criptomonedas <\/span><\/h2>\n\n\n\n<p>Entre los principales riesgos asociados con Bitcoins, seguramente habr\u00e1s o\u00eddo hablar de la volatilidad y fluctuaci\u00f3n de la moneda. Pero, \u00bfa qu\u00e9 se refieren exactamente estos dos t\u00e9rminos? Sin querer entrar en cuestiones demasiado econ\u00f3micas, limit\u00e9monos a unas pocas definiciones. La volatilidad es una medida de la&nbsp;<strong>cambio en el precio de una moneda durante un per\u00edodo de tiempo determinado<\/strong>&nbsp;. Es importante porque cuanto mayor sea la volatilidad, m\u00e1s riesgoso es tener un activo financiero como Bitcoins, dado que su precio puede aumentar o disminuir repentinamente.<\/p>\n\n\n\n<p>Para ponerlo en contexto, dejemos\u00a0<strong>Decir que Bitcoin tiene un \u00edndice de volatilidad de 4.60%, mientras que el de las principales monedas tradicionales, como el euro o el d\u00f3lar, fluct\u00faa entre 0.5% y 1%.<\/strong>\u00a0. La principal diferencia es que en realidad, como ya hemos explicado, Bitcoin es un algoritmo y no una moneda, y por lo tanto ni siquiera debe considerarse como tal. Por lo tanto, la cantidad de Bitcoins se fija en 21 millones y no se puede cambiar, a diferencia de las monedas tradicionales. A medida que crece en popularidad y aceptaci\u00f3n entre las personas, el valor de la criptomoneda solo crecer\u00e1 de manera constante.<\/p>\n\n\n\n<h2 id=\"h-are-bitcoins-the-future-of-betting\"><span id=\"are_bitcoins_the_future_of_betting\">\u00bfSon los Bitcoins el futuro de las apuestas?<\/span><\/h2>\n\n\n\n<p>Como hemos visto en esta revisi\u00f3n, la historia de Bitcoin se presta muy bien para ser utilizada para las apuestas en l\u00ednea. Muy\u00a0<strong>tiempos r\u00e1pidos de dep\u00f3sito y retiro<\/strong>\u00a0, excelente en particular para las apuestas en vivo, los pagos no sujetos a comisiones e impuestos y la capacidad de mantener seguros sus datos financieros y personales son caracter\u00edsticas que gustan a todos los apostadores.<\/p>\n\n\n\n<p><strong>Curazao y la Isla de Man fueron las primeras autoridades en legalizar el uso de Bitcoin<\/strong>\u00a0para juegos en l\u00ednea. A finales de 2016, la English Gambling Commission, una de las concesionarias m\u00e1s reguladas del mundo, equipar\u00f3 las criptomonedas a los m\u00e9todos de pago tradicionales como las tarjetas de cr\u00e9dito y las transferencias bancarias, seguida de cerca por la Direcci\u00f3n General de Ordenaci\u00f3n del Juego espa\u00f1ola. La Autoridad de Juego de Malta tambi\u00e9n est\u00e1 estudiando una apertura al uso de monedas virtuales.\u00a0<\/p>\n\n\n\n<p>Por lo tanto, existe una alta probabilidad de que las criptomonedas representen el futuro de las apuestas y la historia de Bitcoin, \u00a1las criptomonedas acaban de comenzar!<\/p>\n<div id=\"toc_container\" class=\"no_bullets\"><p class=\"toc_title\">Contenido<\/p><ul class=\"toc_list\"><ul><li><a href=\"#cryptocurrency_the_beginning_of_the_saga\"><span class=\"toc_number toc_depth_2\">0.1<\/span> Criptomoneda: el comienzo de la saga<\/a><\/li><\/ul><\/li><li><a href=\"#cryptocurrency_history_volatility_and_fluctuations\"><span class=\"toc_number toc_depth_1\">1<\/span> Volatilidad y fluctuaciones del historial de criptomonedas <\/a><\/li><li><a href=\"#are_bitcoins_the_future_of_betting\"><span class=\"toc_number toc_depth_1\">2<\/span> \u00bfSon los Bitcoins el futuro de las apuestas?<\/a><\/li><\/ul><\/div>","protected":false},"excerpt":{"rendered":"<p>Bitcoin is one of the most revolutionary financial technologies to come out in the last decade. But what is the history behind this digital currency? How did Bitcoin come to be and why is it so popular? In this page, we will explore the history of Bitcoin, from its mysterious beginnings to its current status &#8230;<\/p>","protected":false},"author":1,"featured_media":0,"parent":0,"menu_order":0,"comment_status":"closed","ping_status":"closed","template":"page-nosidebar.php","meta":[],"yoast_head":"<!-- This site is optimized with the Yoast SEO Premium plugin v19.5 (Yoast SEO v19.11) - https:\/\/yoast.com\/wordpress\/plugins\/seo\/ -->\n<title>Bitcoin History - Final FIFA World Cup 2022 in Qatar<\/title>\n<meta name=\"description\" content=\"The History of Bitcoin is an intriguing one. it has become one of the most revolutionary financial technologies of the last decade!\" \/>\n<meta name=\"robots\" content=\"index, follow, max-snippet:-1, max-image-preview:large, max-video-preview:-1\" \/>\n<link rel=\"canonical\" href=\"https:\/\/wiki-crypto.net\/es\/\u0431\u0438\u0442\u043a\u043e\u0439\u043d-\u0438\u0441\u0442\u043e\u0440\u0438\u044f\/\" \/>\n<meta property=\"og:locale\" content=\"es_ES\" \/>\n<meta property=\"og:type\" content=\"article\" \/>\n<meta property=\"og:title\" content=\"Bitcoin History\" \/>\n<meta property=\"og:description\" content=\"The History of Bitcoin is an intriguing one. it has become one of the most revolutionary financial technologies of the last decade!\" \/>\n<meta property=\"og:url\" content=\"https:\/\/wiki-crypto.net\/es\/\u0431\u0438\u0442\u043a\u043e\u0439\u043d-\u0438\u0441\u0442\u043e\u0440\u0438\u044f\/\" \/>\n<meta property=\"og:site_name\" content=\"Best Crypto Betting Sites | Bitcoin Bet On Football\" \/>\n<meta property=\"article:modified_time\" content=\"2022-12-04T17:08:03+00:00\" \/>\n<meta property=\"og:image\" content=\"https:\/\/wiki-crypto.net\/wp-content\/uploads\/2022\/12\/bitcoin-history-1024x1024.jpg\" \/>\n<meta name=\"twitter:card\" content=\"summary_large_image\" \/>\n<meta name=\"twitter:label1\" content=\"Tiempo de lectura\" \/>\n\t<meta name=\"twitter:data1\" content=\"4 minutos\" \/>\n<script type=\"application\/ld+json\" class=\"yoast-schema-graph\">{\"@context\":\"https:\/\/schema.org\",\"@graph\":[{\"@type\":\"WebPage\",\"@id\":\"https:\/\/wiki-crypto.net\/ru\/%d0%b1%d0%b8%d1%82%d0%ba%d0%be%d0%b9%d0%bd-%d0%b8%d1%81%d1%82%d0%be%d1%80%d0%b8%d1%8f\/\",\"url\":\"https:\/\/wiki-crypto.net\/ru\/%d0%b1%d0%b8%d1%82%d0%ba%d0%be%d0%b9%d0%bd-%d0%b8%d1%81%d1%82%d0%be%d1%80%d0%b8%d1%8f\/\",\"name\":\"Bitcoin History - Final FIFA World Cup 2022 in Qatar\",\"isPartOf\":{\"@id\":\"https:\/\/wiki-crypto.net\/#website\"},\"datePublished\":\"2022-11-30T21:18:21+00:00\",\"dateModified\":\"2022-12-04T17:08:03+00:00\",\"description\":\"The History of Bitcoin is an intriguing one. it has become one of the most revolutionary financial technologies of the last decade!\",\"breadcrumb\":{\"@id\":\"https:\/\/wiki-crypto.net\/ru\/%d0%b1%d0%b8%d1%82%d0%ba%d0%be%d0%b9%d0%bd-%d0%b8%d1%81%d1%82%d0%be%d1%80%d0%b8%d1%8f\/#breadcrumb\"},\"inLanguage\":\"es\",\"potentialAction\":[{\"@type\":\"ReadAction\",\"target\":[\"https:\/\/wiki-crypto.net\/ru\/%d0%b1%d0%b8%d1%82%d0%ba%d0%be%d0%b9%d0%bd-%d0%b8%d1%81%d1%82%d0%be%d1%80%d0%b8%d1%8f\/\"]}]},{\"@type\":\"BreadcrumbList\",\"@id\":\"https:\/\/wiki-crypto.net\/ru\/%d0%b1%d0%b8%d1%82%d0%ba%d0%be%d0%b9%d0%bd-%d0%b8%d1%81%d1%82%d0%be%d1%80%d0%b8%d1%8f\/#breadcrumb\",\"itemListElement\":[{\"@type\":\"ListItem\",\"position\":1,\"name\":\"Home\",\"item\":\"https:\/\/wiki-crypto.net\/\"},{\"@type\":\"ListItem\",\"position\":2,\"name\":\"Bitcoin History\"}]},{\"@type\":\"WebSite\",\"@id\":\"https:\/\/wiki-crypto.net\/#website\",\"url\":\"https:\/\/wiki-crypto.net\/\",\"name\":\"Best Crypto Betting Sites | Bitcoin Bet On Football\",\"description\":\"Guide and Analysis of the best crypto betting sites, bookmaker for bonus, tips, odds, pronostics to bet online with Cloudbet, 1Xbit, Sportsbet, Trusdice, bc.game\",\"publisher\":{\"@id\":\"https:\/\/wiki-crypto.net\/#organization\"},\"potentialAction\":[{\"@type\":\"SearchAction\",\"target\":{\"@type\":\"EntryPoint\",\"urlTemplate\":\"https:\/\/wiki-crypto.net\/?s={search_term_string}\"},\"query-input\":\"required name=search_term_string\"}],\"inLanguage\":\"es\"},{\"@type\":\"Organization\",\"@id\":\"https:\/\/wiki-crypto.net\/#organization\",\"name\":\"Best Crypto Betting Sites | Bitcoin Bet On Football\",\"url\":\"https:\/\/wiki-crypto.net\/\",\"logo\":{\"@type\":\"ImageObject\",\"inLanguage\":\"es\",\"@id\":\"https:\/\/wiki-crypto.net\/#\/schema\/logo\/image\/\",\"url\":\"https:\/\/wiki-crypto.net\/wp-content\/uploads\/2022\/12\/cropped-10-juillet-2019-337-2.jpg\",\"contentUrl\":\"https:\/\/wiki-crypto.net\/wp-content\/uploads\/2022\/12\/cropped-10-juillet-2019-337-2.jpg\",\"width\":1600,\"height\":301,\"caption\":\"Best Crypto Betting Sites | Bitcoin Bet On Football\"},\"image\":{\"@id\":\"https:\/\/wiki-crypto.net\/#\/schema\/logo\/image\/\"}}]}<\/script>\n<!-- \/ Yoast SEO Premium plugin. -->","yoast_head_json":{"title":"Bitcoin History - Final FIFA World Cup 2022 in Qatar","description":"The History of Bitcoin is an intriguing one. it has become one of the most revolutionary financial technologies of the last decade!","robots":{"index":"index","follow":"follow","max-snippet":"max-snippet:-1","max-image-preview":"max-image-preview:large","max-video-preview":"max-video-preview:-1"},"canonical":"https:\/\/wiki-crypto.net\/es\/\u0431\u0438\u0442\u043a\u043e\u0439\u043d-\u0438\u0441\u0442\u043e\u0440\u0438\u044f\/","og_locale":"es_ES","og_type":"article","og_title":"Bitcoin History","og_description":"The History of Bitcoin is an intriguing one. it has become one of the most revolutionary financial technologies of the last decade!","og_url":"https:\/\/wiki-crypto.net\/es\/\u0431\u0438\u0442\u043a\u043e\u0439\u043d-\u0438\u0441\u0442\u043e\u0440\u0438\u044f\/","og_site_name":"Best Crypto Betting Sites | Bitcoin Bet On Football","article_modified_time":"2022-12-04T17:08:03+00:00","og_image":[{"url":"https:\/\/wiki-crypto.net\/wp-content\/uploads\/2022\/12\/bitcoin-history-1024x1024.jpg"}],"twitter_card":"summary_large_image","twitter_misc":{"Tiempo de lectura":"4 minutos"},"schema":{"@context":"https:\/\/schema.org","@graph":[{"@type":"WebPage","@id":"https:\/\/wiki-crypto.net\/ru\/%d0%b1%d0%b8%d1%82%d0%ba%d0%be%d0%b9%d0%bd-%d0%b8%d1%81%d1%82%d0%be%d1%80%d0%b8%d1%8f\/","url":"https:\/\/wiki-crypto.net\/ru\/%d0%b1%d0%b8%d1%82%d0%ba%d0%be%d0%b9%d0%bd-%d0%b8%d1%81%d1%82%d0%be%d1%80%d0%b8%d1%8f\/","name":"Bitcoin History - Final FIFA World Cup 2022 in Qatar","isPartOf":{"@id":"https:\/\/wiki-crypto.net\/#website"},"datePublished":"2022-11-30T21:18:21+00:00","dateModified":"2022-12-04T17:08:03+00:00","description":"The History of Bitcoin is an intriguing one. it has become one of the most revolutionary financial technologies of the last decade!","breadcrumb":{"@id":"https:\/\/wiki-crypto.net\/ru\/%d0%b1%d0%b8%d1%82%d0%ba%d0%be%d0%b9%d0%bd-%d0%b8%d1%81%d1%82%d0%be%d1%80%d0%b8%d1%8f\/#breadcrumb"},"inLanguage":"es","potentialAction":[{"@type":"ReadAction","target":["https:\/\/wiki-crypto.net\/ru\/%d0%b1%d0%b8%d1%82%d0%ba%d0%be%d0%b9%d0%bd-%d0%b8%d1%81%d1%82%d0%be%d1%80%d0%b8%d1%8f\/"]}]},{"@type":"BreadcrumbList","@id":"https:\/\/wiki-crypto.net\/ru\/%d0%b1%d0%b8%d1%82%d0%ba%d0%be%d0%b9%d0%bd-%d0%b8%d1%81%d1%82%d0%be%d1%80%d0%b8%d1%8f\/#breadcrumb","itemListElement":[{"@type":"ListItem","position":1,"name":"Home","item":"https:\/\/wiki-crypto.net\/"},{"@type":"ListItem","position":2,"name":"Bitcoin History"}]},{"@type":"WebSite","@id":"https:\/\/wiki-crypto.net\/#website","url":"https:\/\/wiki-crypto.net\/","name":"Best Crypto Betting Sites | Bitcoin Bet On Football","description":"Guide and Analysis of the best crypto betting sites, bookmaker for bonus, tips, odds, pronostics to bet online with Cloudbet, 1Xbit, Sportsbet, Trusdice, bc.game","publisher":{"@id":"https:\/\/wiki-crypto.net\/#organization"},"potentialAction":[{"@type":"SearchAction","target":{"@type":"EntryPoint","urlTemplate":"https:\/\/wiki-crypto.net\/?s={search_term_string}"},"query-input":"required name=search_term_string"}],"inLanguage":"es"},{"@type":"Organization","@id":"https:\/\/wiki-crypto.net\/#organization","name":"Best Crypto Betting Sites | Bitcoin Bet On Football","url":"https:\/\/wiki-crypto.net\/","logo":{"@type":"ImageObject","inLanguage":"es","@id":"https:\/\/wiki-crypto.net\/#\/schema\/logo\/image\/","url":"https:\/\/wiki-crypto.net\/wp-content\/uploads\/2022\/12\/cropped-10-juillet-2019-337-2.jpg","contentUrl":"https:\/\/wiki-crypto.net\/wp-content\/uploads\/2022\/12\/cropped-10-juillet-2019-337-2.jpg","width":1600,"height":301,"caption":"Best Crypto Betting Sites | Bitcoin Bet On Football"},"image":{"@id":"https:\/\/wiki-crypto.net\/#\/schema\/logo\/image\/"}}]}},"_links":{"self":[{"href":"https:\/\/wiki-crypto.net\/es\/wp-json\/wp\/v2\/pages\/21"}],"collection":[{"href":"https:\/\/wiki-crypto.net\/es\/wp-json\/wp\/v2\/pages"}],"about":[{"href":"https:\/\/wiki-crypto.net\/es\/wp-json\/wp\/v2\/types\/page"}],"author":[{"embeddable":true,"href":"https:\/\/wiki-crypto.net\/es\/wp-json\/wp\/v2\/users\/1"}],"replies":[{"embeddable":true,"href":"https:\/\/wiki-crypto.net\/es\/wp-json\/wp\/v2\/comments?post=21"}],"version-history":[{"count":8,"href":"https:\/\/wiki-crypto.net\/es\/wp-json\/wp\/v2\/pages\/21\/revisions"}],"predecessor-version":[{"id":164,"href":"https:\/\/wiki-crypto.net\/es\/wp-json\/wp\/v2\/pages\/21\/revisions\/164"}],"wp:attachment":[{"href":"https:\/\/wiki-crypto.net\/es\/wp-json\/wp\/v2\/media?parent=21"}],"curies":[{"name":"wp","href":"https:\/\/api.w.org\/{rel}","templated":true}]}}