{"id":195,"date":"2022-12-11T22:00:34","date_gmt":"2022-12-11T22:00:34","guid":{"rendered":"https:\/\/wiki-crypto.net\/?page_id=195"},"modified":"2022-12-17T14:41:10","modified_gmt":"2022-12-17T14:41:10","slug":"argentina-france-bet-final-world-cup-bitcoin-and-crypto","status":"publish","type":"page","link":"https:\/\/wiki-crypto.net\/es\/argentina-francia-apuesta-final-world-cup-bitcoin-and-crypto\/","title":{"rendered":"Argentina \u2013 Francia Apuesta a la Final del Mundial con Bitcoin y Criptomonedas"},"content":{"rendered":"<p><\/p>\n\n\n\n<figure class=\"wp-block-image is-resized\" id=\"block-48ddfce2-9a29-4787-a4b3-773c1e8cdf65\"><img decoding=\"async\" loading=\"lazy\" src=\"https:\/\/wiki-crypto.net\/wp-content\/uploads\/2022\/12\/finale-france-argentine-1024x683.jpg\" alt=\"Argentina - Francia\" width=\"512\" height=\"342\"\/><\/figure>\n\n\n\n<p id=\"block-6b333855-6f93-4d60-ae90-ff060941cbc3\">\u00a1Prep\u00e1rate para el partido m\u00e1s esperado de la Copa Mundial de la FIFA 2022 en Qatar: Francia vs Argentina para la gran final con Cloudbet, 1Xbit, Sportsbet, Trusdice, bc.game! Ambos equipos han trabajado duro para llegar a la final, y ahora todo se reduce a un partido para determinar el campe\u00f3n. Con vistas previas, res\u00famenes, predicciones, noticias y m\u00e1s, seguramente ser\u00e1 un juego emocionante. \u00a1Prep\u00e1rate para una emocionante lucha hasta el final en la que Francia y Argentina aportan su talento al campo, y esperemos que el mejor equipo salga victorioso!<\/p>\n\n\n\n<p id=\"block-bd8dc85e-e7cf-4483-815b-2e7a42c2441f\">Argentina \u2013 Francia Apueste en la final de la Copa del Mundo con Bitcoin y Crypto. Cuando se trata de la Copa Mundial de la FIFA, siempre hay mucha emoci\u00f3n y anticipaci\u00f3n en torno al evento. Aficionados de todo el mundo se unen para apoyar a sus equipos y jugadores favoritos. El ambiente es el\u00e9ctrico y los juegos son siempre emocionantes. Este a\u00f1o, la Copa Mundial de la FIFA se llevar\u00e1 a cabo en Qatar, y los aficionados ya est\u00e1n deseando que llegue.<br><br>Hay algunos equipos favoritos para ganar la Copa del Mundo este a\u00f1o, incluidos Francia y Argentina. Sin embargo, siempre hay sorpresas guardadas y cualquier equipo puede salir victorioso. Debe ser un torneo emocionante, y los fan\u00e1ticos estar\u00e1n pegados a sus pantallas de televisi\u00f3n para ver qui\u00e9n gana.<br><br>Entonces, ya sea que sea fan\u00e1tico de Francia, Argentina o cualquier otro equipo, aseg\u00farese de seguir de cerca la Copa Mundial de la FIFA 2022 en Qatar. Seguro que ser\u00e1 un evento que pasar\u00e1 a la historia.<\/p>\n\n\n\n<p id=\"block-76133bb1-c770-477f-82b9-b21af37af578\">Apostar usando una criptomoneda es, de hecho, una forma absolutamente \u00fanica de experimentar esta experiencia si bien la Copa del Mundo siempre es un evento emocionante, el torneo de este a\u00f1o en Qatar seguramente ser\u00e1 especialmente interesante. Con tantos grandes equipos y jugadores compitiendo, cualquiera puede adivinar qui\u00e9n saldr\u00e1 victorioso. \u00a1Aseg\u00farate de seguir la acci\u00f3n de cerca y animar a tu equipo favorito! lo aprovechas al m\u00e1ximo.<\/p>\n\n\n\n<p id=\"block-e53f59a6-4df1-4c3e-a498-0a33fb783004\">Sigue leyendo para saber c\u00f3mo hacerlo.<br><br>Si est\u00e1 buscando una manera de agregar algo de emoci\u00f3n a su experiencia de visualizaci\u00f3n de la Copa Mundial, apostar en los juegos es una excelente opci\u00f3n. Y, si quiere apostar usando criptomonedas, hay algunas cosas que necesita saber. En este art\u00edculo, lo guiaremos a trav\u00e9s del proceso de apuestas en la Copa Mundial de la FIFA con Bitcoin.<br><br>Primero, Argentina \u2013 Francia Apueste en la final de la Copa del Mundo con Bitcoin y Crypto, necesitar\u00e1 adquirir algo de Bitcoin para su primera apuesta con Cloudbet, 1Xbit, Sportsbet, Trusdice, bc.game. Si a\u00fan no tiene ninguno, puede comprarlo en varios intercambios. Una vez que tenga su Bitcoin, deber\u00e1 encontrar un sitio de apuestas de buena reputaci\u00f3n que acepte criptomonedas. Cuando haya encontrado un sitio, puede crear una cuenta y depositar su Bitcoin.<br><br>Luego, puede comenzar a hacer apuestas en los juegos de la Copa Mundial. Puede apostar a qui\u00e9n cree que ganar\u00e1 cada partido o puede hacer apuestas m\u00e1s generales sobre el resultado del torneo. Cualquiera que sea la forma que elijas para apostar, seguro que te divertir\u00e1s mucho.<br><br>Y, si gana alguna apuesta, podr\u00e1 retirar sus ganancias en Bitcoin. Por lo tanto, apostar en la Copa del Mundo no solo es una forma divertida de agregar emoci\u00f3n a su experiencia visual de<\/p>\n\n\n\n<h2 id=\"block-5a3071be-1f73-4dc4-8fa0-27cdf5b9c46d\"><strong>Sigue leyendo para saber c\u00f3mo hacerlo; Cloudbet, 1Xbit, Sportsbet, Trusdice, bc.game<\/strong><\/h2>\n\n\n\n<p id=\"block-5a3071be-1f73-4dc4-8fa0-27cdf5b9c46d\"><br>Si est\u00e1 buscando una manera de agregar algo de emoci\u00f3n a su experiencia de visualizaci\u00f3n de la Copa Mundial, apostar en los juegos es una excelente opci\u00f3n. Y, si quiere apostar usando criptomonedas, hay algunas cosas que necesita saber. En este art\u00edculo, lo guiaremos a trav\u00e9s del proceso de apuestas en la Copa Mundial de la FIFA con Bitcoin.<br><br>Primero, Argentina \u2013 Francia Apueste a la final de la Copa del Mundo con Bitcoin y Crypto, necesitar\u00e1 adquirir algo de Bitcoin. Si a\u00fan no tiene ninguno, puede comprarlo en varios intercambios. Una vez que tenga su Bitcoin, deber\u00e1 encontrar un sitio de apuestas de buena reputaci\u00f3n que acepte criptomonedas. Cuando haya encontrado un sitio, puede crear una cuenta y depositar su Bitcoin.<br><br>Luego, puede comenzar a hacer apuestas en los juegos de la Copa Mundial. Puede apostar a qui\u00e9n cree que ganar\u00e1 cada partido o puede hacer apuestas m\u00e1s generales sobre el resultado del torneo. Cualquiera que sea la forma que elijas para apostar, seguro que te divertir\u00e1s mucho.<br><br>Y, si gana alguna apuesta, podr\u00e1 retirar sus ganancias en Bitcoin. Por lo tanto, apostar en la Copa del Mundo no solo es una forma divertida de agregar emoci\u00f3n a su experiencia visual de<\/p>\n\n\n\n<p id=\"block-89bc6860-124f-408f-aa4e-10cfd1526ca0\">Sigue leyendo para saber c\u00f3mo hacerlo con Cloudbet, 1Xbit, Sportsbet, Trusdice, bc.game.<br><br>Si est\u00e1 buscando una manera de agregar algo de emoci\u00f3n a su experiencia de visualizaci\u00f3n de la Copa Mundial, apostar en los juegos es una excelente opci\u00f3n. Y, si quiere apostar usando criptomonedas, hay algunas cosas que necesita saber. En este art\u00edculo, lo guiaremos a trav\u00e9s del proceso de apuestas en la Copa Mundial de la FIFA con Bitcoin.<br><br>Primero, Argentina \u2013 Francia Apueste a la final de la Copa del Mundo con Bitcoin y Crypto, necesitar\u00e1 adquirir algo de Bitcoin. Si a\u00fan no tiene ninguno, puede comprarlo en varios intercambios. Una vez que tenga su Bitcoin, deber\u00e1 encontrar un sitio de apuestas de buena reputaci\u00f3n que acepte criptomonedas. Cuando haya encontrado un sitio, puede crear una cuenta y depositar su Bitcoin.<br><br>Luego, puede comenzar a hacer apuestas en los juegos de la Copa Mundial. Puede apostar a qui\u00e9n cree que ganar\u00e1 cada partido o puede hacer apuestas m\u00e1s generales sobre el resultado del torneo. Cualquiera que sea la forma que elijas para apostar, seguro que te divertir\u00e1s mucho.<br><br>Y, si gana alguna apuesta, podr\u00e1 retirar sus ganancias en Bitcoin. Por lo tanto, apostar en la Copa del Mundo no solo es una forma divertida de agregar emoci\u00f3n a su experiencia visual de<\/p>\n\n\n\n<p id=\"block-e4f44931-e789-4577-99c2-f8338de10a3e\">Sigue leyendo para saber c\u00f3mo hacerlo.<br><br>Si est\u00e1 buscando una manera de agregar algo de emoci\u00f3n a su experiencia de visualizaci\u00f3n de la Copa Mundial, apostar en los juegos es una excelente opci\u00f3n. Y, si quiere apostar usando criptomonedas, hay algunas cosas que necesita saber. En este art\u00edculo, lo guiaremos a trav\u00e9s del proceso de apuestas en la Copa Mundial de la FIFA con Bitcoin.<br><br>Primero, Argentina \u2013 Francia Apueste a la final de la Copa del Mundo con Bitcoin y Crypto, necesitar\u00e1 adquirir algo de Bitcoin. Si a\u00fan no tiene ninguno, puede comprarlo en varios intercambios. Una vez que tenga su Bitcoin, deber\u00e1 encontrar un sitio de apuestas de buena reputaci\u00f3n que acepte criptomonedas. Cuando haya encontrado un sitio, puede crear una cuenta y depositar su Bitcoin.<\/p>\n\n\n\n<h2 id=\"h-crypto-bookmaker-or-traditional-betting-site\">\u00bfCasa de apuestas criptogr\u00e1fica o sitio de apuestas tradicional?<\/h2>\n\n\n\n<p id=\"block-e4f44931-e789-4577-99c2-f8338de10a3e\"><br><br>Luego, puede comenzar a hacer apuestas en los juegos de la Copa Mundial. Puede apostar a qui\u00e9n cree que ganar\u00e1 cada partido o puede hacer apuestas m\u00e1s generales sobre el resultado del torneo. Cualquiera que sea la forma que elijas para apostar, seguro que te divertir\u00e1s mucho.<br><br>Y, si gana alguna apuesta, podr\u00e1 retirar sus ganancias en Bitcoin. Por lo tanto, apostar en la Copa del Mundo no solo es una forma divertida de agregar emoci\u00f3n a su experiencia de visualizaci\u00f3n de Argentina \u2013 Francia Apueste en la final de la Copa del Mundo con Bitcoin y Crypto con Cloudbet, 1Xbit, Sportsbet, Trusdice, bc.game<\/p>","protected":false},"excerpt":{"rendered":"<p>\u00a1Prep\u00e1rate para el partido m\u00e1s esperado de la Copa Mundial de la FIFA 2022 en Qatar: Francia vs Argentina para la gran final con Cloudbet, 1Xbit, Sportsbet, Trusdice, bc.game! Ambos equipos han trabajado duro para llegar a la final, y ahora todo se reduce a un partido para determinar el campe\u00f3n. Con avances, res\u00famenes,...<\/p>","protected":false},"author":1,"featured_media":0,"parent":0,"menu_order":0,"comment_status":"closed","ping_status":"closed","template":"page-nosidebar.php","meta":[],"yoast_head":"<!-- This site is optimized with the Yoast SEO Premium plugin v19.5 (Yoast SEO v19.11) - https:\/\/yoast.com\/wordpress\/plugins\/seo\/ -->\n<title>Argentina - France Bet on the Final of the World Cup with Bitcoin and Crypto - Final FIFA World Cup 2022 in Qatar<\/title>\n<meta name=\"robots\" content=\"index, follow, max-snippet:-1, max-image-preview:large, max-video-preview:-1\" \/>\n<link rel=\"canonical\" href=\"https:\/\/wiki-crypto.net\/es\/argentina-francia-apuesta-final-world-cup-bitcoin-and-crypto\/\" \/>\n<meta property=\"og:locale\" content=\"es_ES\" \/>\n<meta property=\"og:type\" content=\"article\" \/>\n<meta property=\"og:title\" content=\"Argentina - France Bet on the Final of the World Cup with Bitcoin and Crypto\" \/>\n<meta property=\"og:description\" content=\"Get ready for the most anticipated game of the FIFA World Cup 2022 in Qatar &#8211; France vs Argentina for the grand finale with Cloudbet, 1Xbit, Sportsbet, Trusdice, bc.game! Both teams have worked hard to make it to the final, and now it comes down to one match to determine the champion. With previews, recaps, ...\" \/>\n<meta property=\"og:url\" content=\"https:\/\/wiki-crypto.net\/es\/argentina-francia-apuesta-final-world-cup-bitcoin-and-crypto\/\" \/>\n<meta property=\"og:site_name\" content=\"Best Crypto Betting Sites | Bitcoin Bet On Football\" \/>\n<meta property=\"article:modified_time\" content=\"2022-12-17T14:41:10+00:00\" \/>\n<meta property=\"og:image\" content=\"https:\/\/wiki-crypto.net\/wp-content\/uploads\/2022\/12\/finale-france-argentine-1024x683.jpg\" \/>\n<meta name=\"twitter:card\" content=\"summary_large_image\" \/>\n<meta name=\"twitter:label1\" content=\"Tiempo de lectura\" \/>\n\t<meta name=\"twitter:data1\" content=\"7 minutos\" \/>\n<script type=\"application\/ld+json\" class=\"yoast-schema-graph\">{\"@context\":\"https:\/\/schema.org\",\"@graph\":[{\"@type\":\"WebPage\",\"@id\":\"https:\/\/wiki-crypto.net\/argentina-france-bet-final-world-cup-bitcoin-and-crypto\/\",\"url\":\"https:\/\/wiki-crypto.net\/argentina-france-bet-final-world-cup-bitcoin-and-crypto\/\",\"name\":\"Argentina - France Bet on the Final of the World Cup with Bitcoin and Crypto - Final FIFA World Cup 2022 in Qatar\",\"isPartOf\":{\"@id\":\"https:\/\/wiki-crypto.net\/#website\"},\"datePublished\":\"2022-12-11T22:00:34+00:00\",\"dateModified\":\"2022-12-17T14:41:10+00:00\",\"breadcrumb\":{\"@id\":\"https:\/\/wiki-crypto.net\/argentina-france-bet-final-world-cup-bitcoin-and-crypto\/#breadcrumb\"},\"inLanguage\":\"es\",\"potentialAction\":[{\"@type\":\"ReadAction\",\"target\":[\"https:\/\/wiki-crypto.net\/argentina-france-bet-final-world-cup-bitcoin-and-crypto\/\"]}]},{\"@type\":\"BreadcrumbList\",\"@id\":\"https:\/\/wiki-crypto.net\/argentina-france-bet-final-world-cup-bitcoin-and-crypto\/#breadcrumb\",\"itemListElement\":[{\"@type\":\"ListItem\",\"position\":1,\"name\":\"Home\",\"item\":\"https:\/\/wiki-crypto.net\/\"},{\"@type\":\"ListItem\",\"position\":2,\"name\":\"Argentina &#8211; France Bet on the Final of the World Cup with Bitcoin and Crypto\"}]},{\"@type\":\"WebSite\",\"@id\":\"https:\/\/wiki-crypto.net\/#website\",\"url\":\"https:\/\/wiki-crypto.net\/\",\"name\":\"Best Crypto Betting Sites | Bitcoin Bet On Football\",\"description\":\"Guide and Analysis of the best crypto betting sites, bookmaker for bonus, tips, odds, pronostics to bet online with Cloudbet, 1Xbit, Sportsbet, Trusdice, bc.game\",\"publisher\":{\"@id\":\"https:\/\/wiki-crypto.net\/#organization\"},\"potentialAction\":[{\"@type\":\"SearchAction\",\"target\":{\"@type\":\"EntryPoint\",\"urlTemplate\":\"https:\/\/wiki-crypto.net\/?s={search_term_string}\"},\"query-input\":\"required name=search_term_string\"}],\"inLanguage\":\"es\"},{\"@type\":\"Organization\",\"@id\":\"https:\/\/wiki-crypto.net\/#organization\",\"name\":\"Best Crypto Betting Sites | Bitcoin Bet On Football\",\"url\":\"https:\/\/wiki-crypto.net\/\",\"logo\":{\"@type\":\"ImageObject\",\"inLanguage\":\"es\",\"@id\":\"https:\/\/wiki-crypto.net\/#\/schema\/logo\/image\/\",\"url\":\"https:\/\/wiki-crypto.net\/wp-content\/uploads\/2022\/12\/cropped-10-juillet-2019-337-2.jpg\",\"contentUrl\":\"https:\/\/wiki-crypto.net\/wp-content\/uploads\/2022\/12\/cropped-10-juillet-2019-337-2.jpg\",\"width\":1600,\"height\":301,\"caption\":\"Best Crypto Betting Sites | Bitcoin Bet On Football\"},\"image\":{\"@id\":\"https:\/\/wiki-crypto.net\/#\/schema\/logo\/image\/\"}}]}<\/script>\n<!-- \/ Yoast SEO Premium plugin. -->","yoast_head_json":{"title":"Argentina - France Bet on the Final of the World Cup with Bitcoin and Crypto - Final FIFA World Cup 2022 in Qatar","robots":{"index":"index","follow":"follow","max-snippet":"max-snippet:-1","max-image-preview":"max-image-preview:large","max-video-preview":"max-video-preview:-1"},"canonical":"https:\/\/wiki-crypto.net\/es\/argentina-francia-apuesta-final-world-cup-bitcoin-and-crypto\/","og_locale":"es_ES","og_type":"article","og_title":"Argentina - France Bet on the Final of the World Cup with Bitcoin and Crypto","og_description":"Get ready for the most anticipated game of the FIFA World Cup 2022 in Qatar &#8211; France vs Argentina for the grand finale with Cloudbet, 1Xbit, Sportsbet, Trusdice, bc.game! Both teams have worked hard to make it to the final, and now it comes down to one match to determine the champion. With previews, recaps, ...","og_url":"https:\/\/wiki-crypto.net\/es\/argentina-francia-apuesta-final-world-cup-bitcoin-and-crypto\/","og_site_name":"Best Crypto Betting Sites | Bitcoin Bet On Football","article_modified_time":"2022-12-17T14:41:10+00:00","og_image":[{"url":"https:\/\/wiki-crypto.net\/wp-content\/uploads\/2022\/12\/finale-france-argentine-1024x683.jpg"}],"twitter_card":"summary_large_image","twitter_misc":{"Tiempo de lectura":"7 minutos"},"schema":{"@context":"https:\/\/schema.org","@graph":[{"@type":"WebPage","@id":"https:\/\/wiki-crypto.net\/argentina-france-bet-final-world-cup-bitcoin-and-crypto\/","url":"https:\/\/wiki-crypto.net\/argentina-france-bet-final-world-cup-bitcoin-and-crypto\/","name":"Argentina - France Bet on the Final of the World Cup with Bitcoin and Crypto - Final FIFA World Cup 2022 in Qatar","isPartOf":{"@id":"https:\/\/wiki-crypto.net\/#website"},"datePublished":"2022-12-11T22:00:34+00:00","dateModified":"2022-12-17T14:41:10+00:00","breadcrumb":{"@id":"https:\/\/wiki-crypto.net\/argentina-france-bet-final-world-cup-bitcoin-and-crypto\/#breadcrumb"},"inLanguage":"es","potentialAction":[{"@type":"ReadAction","target":["https:\/\/wiki-crypto.net\/argentina-france-bet-final-world-cup-bitcoin-and-crypto\/"]}]},{"@type":"BreadcrumbList","@id":"https:\/\/wiki-crypto.net\/argentina-france-bet-final-world-cup-bitcoin-and-crypto\/#breadcrumb","itemListElement":[{"@type":"ListItem","position":1,"name":"Home","item":"https:\/\/wiki-crypto.net\/"},{"@type":"ListItem","position":2,"name":"Argentina &#8211; France Bet on the Final of the World Cup with Bitcoin and Crypto"}]},{"@type":"WebSite","@id":"https:\/\/wiki-crypto.net\/#website","url":"https:\/\/wiki-crypto.net\/","name":"Best Crypto Betting Sites | Bitcoin Bet On Football","description":"Guide and Analysis of the best crypto betting sites, bookmaker for bonus, tips, odds, pronostics to bet online with Cloudbet, 1Xbit, Sportsbet, Trusdice, bc.game","publisher":{"@id":"https:\/\/wiki-crypto.net\/#organization"},"potentialAction":[{"@type":"SearchAction","target":{"@type":"EntryPoint","urlTemplate":"https:\/\/wiki-crypto.net\/?s={search_term_string}"},"query-input":"required name=search_term_string"}],"inLanguage":"es"},{"@type":"Organization","@id":"https:\/\/wiki-crypto.net\/#organization","name":"Best Crypto Betting Sites | Bitcoin Bet On Football","url":"https:\/\/wiki-crypto.net\/","logo":{"@type":"ImageObject","inLanguage":"es","@id":"https:\/\/wiki-crypto.net\/#\/schema\/logo\/image\/","url":"https:\/\/wiki-crypto.net\/wp-content\/uploads\/2022\/12\/cropped-10-juillet-2019-337-2.jpg","contentUrl":"https:\/\/wiki-crypto.net\/wp-content\/uploads\/2022\/12\/cropped-10-juillet-2019-337-2.jpg","width":1600,"height":301,"caption":"Best Crypto Betting Sites | Bitcoin Bet On Football"},"image":{"@id":"https:\/\/wiki-crypto.net\/#\/schema\/logo\/image\/"}}]}},"_links":{"self":[{"href":"https:\/\/wiki-crypto.net\/es\/wp-json\/wp\/v2\/pages\/195"}],"collection":[{"href":"https:\/\/wiki-crypto.net\/es\/wp-json\/wp\/v2\/pages"}],"about":[{"href":"https:\/\/wiki-crypto.net\/es\/wp-json\/wp\/v2\/types\/page"}],"author":[{"embeddable":true,"href":"https:\/\/wiki-crypto.net\/es\/wp-json\/wp\/v2\/users\/1"}],"replies":[{"embeddable":true,"href":"https:\/\/wiki-crypto.net\/es\/wp-json\/wp\/v2\/comments?post=195"}],"version-history":[{"count":3,"href":"https:\/\/wiki-crypto.net\/es\/wp-json\/wp\/v2\/pages\/195\/revisions"}],"predecessor-version":[{"id":218,"href":"https:\/\/wiki-crypto.net\/es\/wp-json\/wp\/v2\/pages\/195\/revisions\/218"}],"wp:attachment":[{"href":"https:\/\/wiki-crypto.net\/es\/wp-json\/wp\/v2\/media?parent=195"}],"curies":[{"name":"wp","href":"https:\/\/api.w.org\/{rel}","templated":true}]}}