{"id":114,"date":"2022-12-04T13:07:10","date_gmt":"2022-12-04T13:07:10","guid":{"rendered":"https:\/\/wiki-crypto.net\/?page_id=114"},"modified":"2022-12-09T10:01:35","modified_gmt":"2022-12-09T10:01:35","slug":"esport-faq-questions","status":"publish","type":"page","link":"https:\/\/wiki-crypto.net\/es\/esport-faq-preguntas\/","title":{"rendered":"Preguntas frecuentes sobre Esport: Preguntas frecuentes antes de apostar"},"content":{"rendered":"<figure class=\"wp-block-image size-full\"><img decoding=\"async\" loading=\"lazy\" width=\"645\" height=\"300\" src=\"https:\/\/wiki-crypto.net\/wp-content\/uploads\/2022\/12\/esport-faq.jpg\" alt=\"\" class=\"wp-image-124\" srcset=\"https:\/\/wiki-crypto.net\/wp-content\/uploads\/2022\/12\/esport-faq.jpg 645w, https:\/\/wiki-crypto.net\/wp-content\/uploads\/2022\/12\/esport-faq-300x140.jpg 300w, https:\/\/wiki-crypto.net\/wp-content\/uploads\/2022\/12\/esport-faq-18x8.jpg 18w\" sizes=\"(max-width: 645px) 100vw, 645px\" \/><\/figure>\n\n\n\n<h2 id=\"h-question-who-created-esports-and-what-is-the-first-esport-game\"><span id=\"question_who_created_esports_and_what_is_the_first_esport_game\">Pregunta: \u00bfQui\u00e9n cre\u00f3 los deportes electr\u00f3nicos y cu\u00e1l es el primer juego de deportes electr\u00f3nicos?<\/span><\/h2>\n\n\n\n<p>El primer juego de eSport fue Quake, creado por John Carmack en 1996, organiz\u00f3 el \u201cRed Annihilation\u201d, un torneo de Quake en el que puso en juego su Ferrari 328, ganado por el estadounidense Dennis \u201cThresh\u201d Fong.<\/p>\n\n\n\n<p>De hecho, Quake es un videojuego de disparos en primera persona lanzado en 1996 por id Software. Es ampliamente considerado el progenitor del g\u00e9nero de arena de batalla en l\u00ednea multijugador (MOBA) y uno de los juegos m\u00e1s populares en eSports.<\/p>\n\n\n\n<p>Luego, el fen\u00f3meno de los deportes electr\u00f3nicos ha crecido enormemente desde entonces. Adem\u00e1s de ser transmitidos en vivo por Twitch y YouTube, los torneos tambi\u00e9n se transmiten por Facebook y otras redes sociales. Por esta raz\u00f3n, los mejores jugadores ganan salarios de seis cifras al a\u00f1o por patrocinio y premios en met\u00e1lico.<\/p>\n\n\n\n<h2><span id=\"question_which_country_was_the_first_to_recognize_esport_as_a_real_sporting_discipline\">Pregunta : \u00bfQu\u00e9 pa\u00eds fue el primero en reconocer el eSport como una verdadera disciplina deportiva?<\/span><\/h2>\n\n\n\n<p>los <a href=\"https:\/\/wiki-crypto.net\/es\/historia-del-esport\/\">historia de los deportes electr\u00f3nicos<\/a> comenz\u00f3 a fines de la d\u00e9cada de 1990 y principios de la de 2000, y algunos pa\u00edses, primero Estados Unidos y Corea del Sur, fueron pioneros. Pero el primer pa\u00eds en reconocer el eSport como una verdadera disciplina deportiva fue Holanda. En 2017, el gobierno holand\u00e9s aprob\u00f3 una ley que hizo posible que los eSports fueran reconocidos como deporte oficial.<\/p>\n\n\n\n<p>En consecuencia, el gobierno holand\u00e9s ha apoyado mucho esta nueva cultura del juego. Dado que han visto c\u00f3mo los eSports han ayudado a impulsar la econom\u00eda y crear puestos de trabajo en los Pa\u00edses Bajos.<\/p>\n\n\n\n<p>De hecho, han ido tan lejos como para proporcionar fondos para eventos de juegos y lugares de deportes electr\u00f3nicos, que es algo que otros pa\u00edses est\u00e1n comenzando a hacer ahora.<\/p>\n\n\n\n<h2><span id=\"question_how_did_esports_get_popular\">Pregunta : \u00bfC\u00f3mo se hicieron populares los deportes electr\u00f3nicos?<\/span><\/h2>\n\n\n\n<p>Se espera que los ingresos globales del juego superen los $320 mil millones para 2026. Imagen: PwC. Los juegos sociales y casuales impulsar\u00e1n la expansi\u00f3n a medida que millones tomen sus controladores para escapar del aburrimiento y el aislamiento de los bloqueos de COVID-19. Una gran fuente de entretenimiento. Quiz\u00e1s la raz\u00f3n m\u00e1s obvia por la que los deportes electr\u00f3nicos son tan populares en estos d\u00edas es que es muy divertido para todos los involucrados. Ya sea que sea un espectador o un participante activo, tiene la garant\u00eda de no aburrirse.<\/p>\n\n\n\n<p><\/p>\n\n\n\n<h2><span id=\"question_how_to_bet_on_e-sport\">Pregunta \u00bfC\u00f3mo apostar en E-Sport?<\/span><\/h2>\n\n\n\n<p>Aunque puedes jugar antes de los eventos de deportes electr\u00f3nicos, las apuestas en vivo se vuelven muy populares durante los juegos. <\/p>\n\n\n\n<p>Luego, algunas casas de apuestas deportivas se especializan en juegos espec\u00edficos como CSGO, League of Legends, FIFA y DOTA2. Por ejemplo, alguien puede apostar sobre qui\u00e9n tendr\u00e1 la &quot;primera muerte&quot; en un partido determinado. Se pueden realizar otras apuestas en: <\/p>\n\n\n\n<ul>\n<li>quien gana el partido<\/li>\n\n\n\n<li>Quien gana el torneo<\/li>\n\n\n\n<li>la puntuaci\u00f3n final<\/li>\n<\/ul>\n\n\n\n<p>Apuestas pares\/impares: aqu\u00ed puede adivinar si el juego gan\u00f3, el jugador muri\u00f3 o el n\u00famero de rondas jugadas fue par o impar. Apuestas M\u00e1s\/Menos: puede apostar si un equipo de esports ganar\u00e1 m\u00e1s o menos que la cantidad establecida por el sitio de apuestas en l\u00ednea.<\/p>\n<div id=\"toc_container\" class=\"no_bullets\"><p class=\"toc_title\">Contenido<\/p><ul class=\"toc_list\"><li><a href=\"#question_who_created_esports_and_what_is_the_first_esport_game\"><span class=\"toc_number toc_depth_1\">1<\/span> Pregunta: \u00bfQui\u00e9n cre\u00f3 los deportes electr\u00f3nicos y cu\u00e1l es el primer juego de deportes electr\u00f3nicos?<\/a><\/li><li><a href=\"#question_which_country_was_the_first_to_recognize_esport_as_a_real_sporting_discipline\"><span class=\"toc_number toc_depth_1\">2<\/span> Pregunta : \u00bfQu\u00e9 pa\u00eds fue el primero en reconocer el eSport como una verdadera disciplina deportiva?<\/a><\/li><li><a href=\"#question_how_did_esports_get_popular\"><span class=\"toc_number toc_depth_1\">3<\/span> Pregunta : \u00bfC\u00f3mo se hicieron populares los deportes electr\u00f3nicos?<\/a><\/li><li><a href=\"#question_how_to_bet_on_e-sport\"><span class=\"toc_number toc_depth_1\">4<\/span> Pregunta \u00bfC\u00f3mo apostar en E-Sport?<\/a><\/li><\/ul><\/div>","protected":false},"excerpt":{"rendered":"<p>Question : Who created eSports and What is the first eSport game? First eSport game was Quake, created by John Carmack in 1996, he organized the &#8220;Red Annihilation&#8221;, a Quake tournament in which he put his Ferrari 328 into play, won by the American Dennis &#8220;Thresh&#8221; Fong. In fact Quake is a first-person shooter video &#8230;<\/p>","protected":false},"author":1,"featured_media":0,"parent":0,"menu_order":0,"comment_status":"closed","ping_status":"closed","template":"page-nosidebar.php","meta":[],"yoast_head":"<!-- This site is optimized with the Yoast SEO Premium plugin v19.5 (Yoast SEO v19.11) - https:\/\/yoast.com\/wordpress\/plugins\/seo\/ -->\n<title>Esport FAQ : Frequently Asked Questions before Betting - Final FIFA World Cup 2022 in Qatar<\/title>\n<meta name=\"description\" content=\"Esport FAQ : answering all the questions you have before placing your first bets on game with Bicoin and Cryptocurrency\" \/>\n<meta name=\"robots\" content=\"index, follow, max-snippet:-1, max-image-preview:large, max-video-preview:-1\" \/>\n<link rel=\"canonical\" href=\"https:\/\/wiki-crypto.net\/es\/esport-faq-fragen\/\" \/>\n<meta property=\"og:locale\" content=\"es_ES\" \/>\n<meta property=\"og:type\" content=\"article\" \/>\n<meta property=\"og:title\" content=\"Esport FAQ : Frequently Asked Questions before Betting\" \/>\n<meta property=\"og:description\" content=\"Esport FAQ : answering all the questions you have before placing your first bets on game with Bicoin and Cryptocurrency\" \/>\n<meta property=\"og:url\" content=\"https:\/\/wiki-crypto.net\/es\/esport-faq-fragen\/\" \/>\n<meta property=\"og:site_name\" content=\"Best Crypto Betting Sites | Bitcoin Bet On Football\" \/>\n<meta property=\"article:modified_time\" content=\"2022-12-09T10:01:35+00:00\" \/>\n<meta property=\"og:image\" content=\"https:\/\/wiki-crypto.net\/wp-content\/uploads\/2022\/12\/esport-faq.jpg\" \/>\n<meta name=\"twitter:card\" content=\"summary_large_image\" \/>\n<meta name=\"twitter:label1\" content=\"Tiempo de lectura\" \/>\n\t<meta name=\"twitter:data1\" content=\"3 minutos\" \/>\n<script type=\"application\/ld+json\" class=\"yoast-schema-graph\">{\"@context\":\"https:\/\/schema.org\",\"@graph\":[{\"@type\":\"WebPage\",\"@id\":\"https:\/\/wiki-crypto.net\/de\/esport-faq-fragen\/\",\"url\":\"https:\/\/wiki-crypto.net\/de\/esport-faq-fragen\/\",\"name\":\"Esport FAQ : Frequently Asked Questions before Betting - Final FIFA World Cup 2022 in Qatar\",\"isPartOf\":{\"@id\":\"https:\/\/wiki-crypto.net\/#website\"},\"datePublished\":\"2022-12-04T13:07:10+00:00\",\"dateModified\":\"2022-12-09T10:01:35+00:00\",\"description\":\"Esport FAQ : answering all the questions you have before placing your first bets on game with Bicoin and Cryptocurrency\",\"breadcrumb\":{\"@id\":\"https:\/\/wiki-crypto.net\/de\/esport-faq-fragen\/#breadcrumb\"},\"inLanguage\":\"es\",\"potentialAction\":[{\"@type\":\"ReadAction\",\"target\":[\"https:\/\/wiki-crypto.net\/de\/esport-faq-fragen\/\"]}]},{\"@type\":\"BreadcrumbList\",\"@id\":\"https:\/\/wiki-crypto.net\/de\/esport-faq-fragen\/#breadcrumb\",\"itemListElement\":[{\"@type\":\"ListItem\",\"position\":1,\"name\":\"Home\",\"item\":\"https:\/\/wiki-crypto.net\/\"},{\"@type\":\"ListItem\",\"position\":2,\"name\":\"Esport FAQ : Frequently Asked Questions before Betting\"}]},{\"@type\":\"WebSite\",\"@id\":\"https:\/\/wiki-crypto.net\/#website\",\"url\":\"https:\/\/wiki-crypto.net\/\",\"name\":\"Best Crypto Betting Sites | Bitcoin Bet On Football\",\"description\":\"Guide and Analysis of the best crypto betting sites, bookmaker for bonus, tips, odds, pronostics to bet online with Cloudbet, 1Xbit, Sportsbet, Trusdice, bc.game\",\"publisher\":{\"@id\":\"https:\/\/wiki-crypto.net\/#organization\"},\"potentialAction\":[{\"@type\":\"SearchAction\",\"target\":{\"@type\":\"EntryPoint\",\"urlTemplate\":\"https:\/\/wiki-crypto.net\/?s={search_term_string}\"},\"query-input\":\"required name=search_term_string\"}],\"inLanguage\":\"es\"},{\"@type\":\"Organization\",\"@id\":\"https:\/\/wiki-crypto.net\/#organization\",\"name\":\"Best Crypto Betting Sites | Bitcoin Bet On Football\",\"url\":\"https:\/\/wiki-crypto.net\/\",\"logo\":{\"@type\":\"ImageObject\",\"inLanguage\":\"es\",\"@id\":\"https:\/\/wiki-crypto.net\/#\/schema\/logo\/image\/\",\"url\":\"https:\/\/wiki-crypto.net\/wp-content\/uploads\/2022\/12\/cropped-10-juillet-2019-337-2.jpg\",\"contentUrl\":\"https:\/\/wiki-crypto.net\/wp-content\/uploads\/2022\/12\/cropped-10-juillet-2019-337-2.jpg\",\"width\":1600,\"height\":301,\"caption\":\"Best Crypto Betting Sites | Bitcoin Bet On Football\"},\"image\":{\"@id\":\"https:\/\/wiki-crypto.net\/#\/schema\/logo\/image\/\"}}]}<\/script>\n<!-- \/ Yoast SEO Premium plugin. -->","yoast_head_json":{"title":"Esport FAQ : Frequently Asked Questions before Betting - Final FIFA World Cup 2022 in Qatar","description":"Esport FAQ : answering all the questions you have before placing your first bets on game with Bicoin and Cryptocurrency","robots":{"index":"index","follow":"follow","max-snippet":"max-snippet:-1","max-image-preview":"max-image-preview:large","max-video-preview":"max-video-preview:-1"},"canonical":"https:\/\/wiki-crypto.net\/es\/esport-faq-fragen\/","og_locale":"es_ES","og_type":"article","og_title":"Esport FAQ : Frequently Asked Questions before Betting","og_description":"Esport FAQ : answering all the questions you have before placing your first bets on game with Bicoin and Cryptocurrency","og_url":"https:\/\/wiki-crypto.net\/es\/esport-faq-fragen\/","og_site_name":"Best Crypto Betting Sites | Bitcoin Bet On Football","article_modified_time":"2022-12-09T10:01:35+00:00","og_image":[{"url":"https:\/\/wiki-crypto.net\/wp-content\/uploads\/2022\/12\/esport-faq.jpg"}],"twitter_card":"summary_large_image","twitter_misc":{"Tiempo de lectura":"3 minutos"},"schema":{"@context":"https:\/\/schema.org","@graph":[{"@type":"WebPage","@id":"https:\/\/wiki-crypto.net\/de\/esport-faq-fragen\/","url":"https:\/\/wiki-crypto.net\/de\/esport-faq-fragen\/","name":"Esport FAQ : Frequently Asked Questions before Betting - Final FIFA World Cup 2022 in Qatar","isPartOf":{"@id":"https:\/\/wiki-crypto.net\/#website"},"datePublished":"2022-12-04T13:07:10+00:00","dateModified":"2022-12-09T10:01:35+00:00","description":"Esport FAQ : answering all the questions you have before placing your first bets on game with Bicoin and Cryptocurrency","breadcrumb":{"@id":"https:\/\/wiki-crypto.net\/de\/esport-faq-fragen\/#breadcrumb"},"inLanguage":"es","potentialAction":[{"@type":"ReadAction","target":["https:\/\/wiki-crypto.net\/de\/esport-faq-fragen\/"]}]},{"@type":"BreadcrumbList","@id":"https:\/\/wiki-crypto.net\/de\/esport-faq-fragen\/#breadcrumb","itemListElement":[{"@type":"ListItem","position":1,"name":"Home","item":"https:\/\/wiki-crypto.net\/"},{"@type":"ListItem","position":2,"name":"Esport FAQ : Frequently Asked Questions before Betting"}]},{"@type":"WebSite","@id":"https:\/\/wiki-crypto.net\/#website","url":"https:\/\/wiki-crypto.net\/","name":"Best Crypto Betting Sites | Bitcoin Bet On Football","description":"Guide and Analysis of the best crypto betting sites, bookmaker for bonus, tips, odds, pronostics to bet online with Cloudbet, 1Xbit, Sportsbet, Trusdice, bc.game","publisher":{"@id":"https:\/\/wiki-crypto.net\/#organization"},"potentialAction":[{"@type":"SearchAction","target":{"@type":"EntryPoint","urlTemplate":"https:\/\/wiki-crypto.net\/?s={search_term_string}"},"query-input":"required name=search_term_string"}],"inLanguage":"es"},{"@type":"Organization","@id":"https:\/\/wiki-crypto.net\/#organization","name":"Best Crypto Betting Sites | Bitcoin Bet On Football","url":"https:\/\/wiki-crypto.net\/","logo":{"@type":"ImageObject","inLanguage":"es","@id":"https:\/\/wiki-crypto.net\/#\/schema\/logo\/image\/","url":"https:\/\/wiki-crypto.net\/wp-content\/uploads\/2022\/12\/cropped-10-juillet-2019-337-2.jpg","contentUrl":"https:\/\/wiki-crypto.net\/wp-content\/uploads\/2022\/12\/cropped-10-juillet-2019-337-2.jpg","width":1600,"height":301,"caption":"Best Crypto Betting Sites | Bitcoin Bet On Football"},"image":{"@id":"https:\/\/wiki-crypto.net\/#\/schema\/logo\/image\/"}}]}},"_links":{"self":[{"href":"https:\/\/wiki-crypto.net\/es\/wp-json\/wp\/v2\/pages\/114"}],"collection":[{"href":"https:\/\/wiki-crypto.net\/es\/wp-json\/wp\/v2\/pages"}],"about":[{"href":"https:\/\/wiki-crypto.net\/es\/wp-json\/wp\/v2\/types\/page"}],"author":[{"embeddable":true,"href":"https:\/\/wiki-crypto.net\/es\/wp-json\/wp\/v2\/users\/1"}],"replies":[{"embeddable":true,"href":"https:\/\/wiki-crypto.net\/es\/wp-json\/wp\/v2\/comments?post=114"}],"version-history":[{"count":9,"href":"https:\/\/wiki-crypto.net\/es\/wp-json\/wp\/v2\/pages\/114\/revisions"}],"predecessor-version":[{"id":146,"href":"https:\/\/wiki-crypto.net\/es\/wp-json\/wp\/v2\/pages\/114\/revisions\/146"}],"wp:attachment":[{"href":"https:\/\/wiki-crypto.net\/es\/wp-json\/wp\/v2\/media?parent=114"}],"curies":[{"name":"wp","href":"https:\/\/api.w.org\/{rel}","templated":true}]}}