{"id":75,"date":"2022-12-04T16:08:49","date_gmt":"2022-12-04T16:08:49","guid":{"rendered":"https:\/\/wiki-crypto.net\/?page_id=75"},"modified":"2022-12-04T17:25:58","modified_gmt":"2022-12-04T17:25:58","slug":"betting-esport-bitcoin-crypto","status":"publish","type":"page","link":"https:\/\/wiki-crypto.net\/de\/wetten-esport-bitcoin-krypto\/","title":{"rendered":"eSports, Wettseiten, die Bitcoin und Crypto akzeptieren"},"content":{"rendered":"<figure class=\"wp-block-image size-large\"><img decoding=\"async\" loading=\"lazy\" width=\"1024\" height=\"683\" src=\"https:\/\/wiki-crypto.net\/wp-content\/uploads\/2022\/12\/betting-esport-bitcoin-crypto-1024x683.jpg\" alt=\"eSports, Wettseiten, die Bitcoin und Crypto akzeptieren\" class=\"wp-image-165\" srcset=\"https:\/\/wiki-crypto.net\/wp-content\/uploads\/2022\/12\/betting-esport-bitcoin-crypto-1024x683.jpg 1024w, https:\/\/wiki-crypto.net\/wp-content\/uploads\/2022\/12\/betting-esport-bitcoin-crypto-300x200.jpg 300w, https:\/\/wiki-crypto.net\/wp-content\/uploads\/2022\/12\/betting-esport-bitcoin-crypto-768x512.jpg 768w, https:\/\/wiki-crypto.net\/wp-content\/uploads\/2022\/12\/betting-esport-bitcoin-crypto-18x12.jpg 18w, https:\/\/wiki-crypto.net\/wp-content\/uploads\/2022\/12\/betting-esport-bitcoin-crypto.jpg 1200w\" sizes=\"(max-width: 1024px) 100vw, 1024px\" \/><\/figure>\n\n\n\n<p><\/p>\n\n\n\n<h3><span id=\"the_revolution_of_e-sport_bet\">Die Revolution der E-Sport-Wette<\/span><\/h3>\n\n\n\n<p>eSports-Wetten erfreuen sich heutzutage wachsender Beliebtheit und die Anzahl der Spiele, auf die Sie wie auf andere traditionelle Sportarten wetten k\u00f6nnen <a href=\"https:\/\/www.foot-bookmaker.com\/\">Fu\u00dfball<\/a>. Auch wenn MOBAs (DOTA, League of Legends usw.) und Ego-Shooter (CS:GO, Overwatch usw.) beliebter sind, k\u00f6nnen Sie auf fast jedes Spiel wetten, bei dem Teams oder Spieler gegeneinander antreten k\u00f6nnen.<\/p>\n\n\n\n<p>Wie bei anderen Gl\u00fccksspielseiten ist das Prinzip dasselbe, aber <strong>Stattdessen k\u00f6nnen Sie Bitcoin verwenden, um Ihre Wette zu platzieren.\u00a0<\/strong>Infolgedessen nimmt die Zahl der Bitcoin eSports-Wettseiten stetig zu, und diese Seiten kombinieren die Vorteile des traditionellen Wetterlebnisses mit denen von BTC.<\/p>\n\n\n\n<p>Aus diesem Grund hat Bitcoin Sportwetten f\u00fcr Menschen auf der ganzen Welt zug\u00e4nglicher gemacht, insbesondere in bestimmten L\u00e4ndern und Gerichtsbarkeiten, in denen das Wetten auf Sportveranstaltungen mit echtem Geld eingeschr\u00e4nkt, illegal oder steuerpflichtig ist.<\/p>\n\n\n\n<p>Aus diesem Grund besteht der Hauptvorteil hier darin, dass Sie in keiner Weise gegen die Gesetze versto\u00dfen, indem Sie mit Bitcoin wetten, da BTC in den meisten L\u00e4ndern nicht als illegal angesehen wird, wenn man bedenkt, dass es nicht als W\u00e4hrung anerkannt wird.<\/p>\n\n\n\n<h2 id=\"h-how-to-use-bitcoin-crypto-to-bet-on-esports\"><span id=\"how_to_use_bitcoincrypto_to_bet_on_esports\">Wie man Bitcoin\/Krypto verwendet, um auf eSports zu wetten<\/span><\/h2>\n\n\n\n<p>Um eine Wette zu platzieren, m\u00fcssen Sie zun\u00e4chst eine Bitcoin-Geldb\u00f6rse erstellen, um Ihre Bitcoins zu speichern und zu senden. Wenn Sie bereits eine Bitcoin-Wallet haben, k\u00f6nnen Sie diesen Schritt \u00fcberspringen.<\/p>\n\n\n\n<p>Nachdem die Bitcoin, die Sie von der B\u00f6rse gekauft haben, an Ihre Brieftasche gesendet wurde, k\u00f6nnen Sie zum Geldautomaten-\/Kassenbereich der Online-Sportwetten gehen, wo Sie Ihre Wette platzieren m\u00f6chten.<\/p>\n\n\n\n<p>W\u00e4hlen Sie die Bitcoin-Option aus der Einzahlungsliste (beim Einzahlen von Wettgeldern) oder aus der Auszahlungsliste (beim Ziehen von Bitcoin-Gewinnen) und geben Sie den gew\u00fcnschten Betrag an, den Sie einzahlen oder abheben m\u00f6chten.<\/p>\n\n\n\n<h2 id=\"h-the-best-esports-betting-sites-accept-bitcoin-crypo\"><span id=\"the_best_esports_betting_sites_accept_bitcoincrypo\">Die besten eSports-Wettseiten akzeptieren Bitcoin\/Crypo:<\/span><\/h2>\n\n\n\n<h3 id=\"h-1xbit\"><span id=\"1xbit\"><strong>1xBit<\/strong><\/span><\/h3>\n\n\n\n<p>1xBit ist eine Bitcoin Sportback- und Bitcoin-Website, die erstmals im Jahr 2011 gestartet wurde. Diese einfache Bitcoin-Gaming- und Casino-Plattform bietet eine Reihe von Assets, auf die man wetten kann, und eine Vielzahl von Spielen.<\/p>\n\n\n\n<p>Live-Wetten k\u00f6nnen auf Basketball, Eishockey, Fu\u00dfballspiele, Cricket, Baseball, Rugby-Rennen, Formel 1 und mehr durch die Verwendung einer integrierten virtuellen TV-Einrichtung abgeschlossen werden. Es gibt viele Spiele, die Sie sich vorstellen k\u00f6nnen. Die Online-Plattform funktioniert perfekt, sodass der Spieler problemlos und schnell wetten kann. Schauen wir uns die verschiedenen Aspekte von 1xBit an, um festzustellen, wo es unter anderen Online-Bitcoin-Wettseiten steht.<\/p>\n\n\n\n<p>1xBit ist eine Bitcoin-Wettseite, akzeptiert aber Ein- und Auszahlungen in 18 Kryptow\u00e4hrungen, darunter Ethereum, Dogecoin, Dash, Monero, Verge, Ethereum Classic, Bitcoin Cash, Bitcoin Gold, Zcash, Sibcoin, NEM und einige andere. Bei den meisten Zahlungen \u00fcber Bitcoin fallen keine Geb\u00fchren an. F\u00fcr Ein- oder Auszahlungen werden keine Kredit-\/Debitkarten und Bank\u00fcberweisungen unterst\u00fctzt.<\/p>\n\n\n\n<h3 id=\"h-cloudbet\"><span id=\"cloudbet\">Cloudbet<\/span><\/h3>\n\n\n\n<p>Das ber\u00fchmte Cloudbet ist eine umfangreiche Online-Wett- und Online-Casino-Plattform, die 2013 gegr\u00fcndet wurde und einige aufregende Funktionen f\u00fcr Casino-Spieler und Sportwetter bietet.<\/p>\n\n\n\n<p>Cloudbet Casino und Sportwetten sind von E-Gambling Montenegro lizenziert, was zeigt, dass es vollst\u00e4ndig lizenziert und lizenziert ist, um in dieser Branche t\u00e4tig zu sein. Um Einzahlungen vorzunehmen, m\u00fcssen Sie auf die Schaltfl\u00e4che Einzahlung klicken, die in Ihrem Konto-Dashboard verf\u00fcgbar ist, die neu generierte Bitcoin-Adresse kopieren, um die Transaktion einzuleiten, und sie in Ihr E-Wallet einf\u00fcgen, um Bitcoins einzuzahlen. Der Mindesteinzahlungsbetrag von Bitcoin betr\u00e4gt 0,001 BTC und es gibt keine H\u00f6chstgrenze.<\/p>\n\n\n\n<p>Riesig: Cloudbet bietet Nutzern Live-Live f\u00fcr Sportarten wie Badminton, American Football, Baseball, Bandy, Boxen, Radfahren, Cricket, Floorball, Darts, Golf, Futsal, Eishockey, Handball, Mixed Martial Arts (MMA), Rugby, Motorsport Fu\u00dfball, Billard, Tennis, Tischtennis, Wintersport, Wasserball und Volleyball.<\/p>\n\n\n\n<p>Wetter k\u00f6nnen auch auf Live-Spiele in Kategorien wie Basketball, Tennis, Fu\u00dfball, Cricket, Handball, Badminton, Volleyball, Tischtennis und Eishockey wetten.<\/p>\n\n\n\n<h3 id=\"h-coinbet24\"><span id=\"coinbet24\"><strong>Coinbet24<\/strong><\/span><\/h3>\n\n\n\n<p>Coinbet24 ist eine Bitcoin-Wettseite, die es Benutzern erm\u00f6glicht, auf Sport- und Casinospiele zu wetten. Coinbet24 erfordert ein Konto zum Wetten und bietet Einzahlungsboni und ein Partnerprogramm (obwohl eine schriftliche Anfrage gestellt werden muss). Benutzer haben verschiedene Methoden, mit denen sie ihr Geld einzahlen k\u00f6nnen:<\/p>\n\n\n\n<ul>\n<li>Bitcoins<\/li>\n\n\n\n<li>Andere Kryptow\u00e4hrungen (ShapeShift)<\/li>\n\n\n\n<li>Kreditkarte<\/li>\n\n\n\n<li>Bank\u00fcberweisung<\/li>\n\n\n\n<li>Perfektes Geld<\/li>\n\n\n\n<li>EcoPayz<\/li>\n<\/ul>\n\n\n\n<h3 id=\"h-coingaming\"><span id=\"coingaming\"><strong>M\u00fcnzspiel<\/strong><\/span><\/h3>\n\n\n\n<p>CoinGaming ist eine Plattform, die sich auf die Bereitstellung von Bitcoin-W\u00e4hrungsoptionen f\u00fcr die iGaming-Branche spezialisiert hat. CoinGaming.io ist ein riesiges Online-Casino, das mehr als 30 Spiele anbietet, darunter Spielautomaten, Blackjack, Poker, Romm\u00e9, Lotterie und Roulette.<\/p>\n\n\n\n<p>Spieler erhalten einen 100%-Einzahlungsbonus von bis zu 1 BTC und einen Reload-Bonus f\u00fcr nachfolgende Einzahlungen. Die Seite verschenkt \u00fcber 18.000 BTC aus Jackpot-Gewinnen. Au\u00dferdem ist bekannt, dass es relativ schnelle Ein- und Auszahlungsprozesse gibt.<\/p>\n\n\n\n<p>CoinGaming, ein Silbermitglied dieser Bitcoin Foundation, bietet ein komplettes White-Label-Casinosystem, das Spielern aus der ganzen Welt zug\u00e4nglich ist. Die Plattform umfasst eine Auswahl an Casino-Slots (\u00fcber 700) und Dealer f\u00fcr Tisch- und Craps-Spiele.<\/p>\n\n\n\n<p>Live-Trader sind jetzt rund um die Uhr verf\u00fcgbar und werden von spezialisierten Studios mit modernster Streaming-Technologie \u00fcbertragen. Benutzer k\u00f6nnen mit Bitcoin sofort einzahlen und abheben, und die Brieftaschen der Spieler werden in Echtzeit aktualisiert.<\/p>\n\n\n\n<h2 id=\"h-why-use-bitcoin-crypo-in-esports-betting-sites\"><span id=\"why_use_bitcoincrypo_in_esports_betting_sites\">Warum Bitcoin\/Crypo auf eSports-Wettseiten verwenden?<\/span><\/h2>\n\n\n\n<p>Bitcoin\/Crypo ist schnell und einfach zu verwenden, sobald Sie anfangen, Einzahlungen auf Online-Sportwetten zu t\u00e4tigen. Transaktionsgeb\u00fchren k\u00f6nnen von 0% bis 2% reichen, versteckt oder nicht, im Gegensatz zu den Geb\u00fchren, die von traditionellen Zahlungsmethoden wie Kreditkarten oder direkten Bank\u00fcberweisungen erhoben werden.<\/p>\n\n\n\n<p>Mehrere Buchmacher, die Bitcoin-Einzahlungs- und Auszahlungsoptionen haben, machen BTC-Transaktionen auch zum g\u00fcnstigsten Weg, um Ihr Wettkonto zu finanzieren, mit vielen Bitcoin-spezifischen Boni bei Anmeldungen und Werbeaktionen, um Ihren Wettkontostand zu erh\u00f6hen.<\/p>\n\n\n\n<p>Wenn Sie Bitcoin verwenden, um Wetten auf Ihr Sportwettenkonto einzuzahlen und Ihre potenziellen Gewinne abzuheben, ist die Wettseite nicht im Besitz Ihrer pers\u00f6nlichen und finanziellen Informationen.<\/p>\n\n\n\n<p>Spielen Sie immer das, was Sie zu verlieren bereit sind. Viel Gl\u00fcck!<\/p>\n\n\n\n<h3 id=\"h-the-most-popular-game-to-bet-in-2023\"><span id=\"the_most_popular_game_to_bet_in_2023\">Das beliebteste Wettspiel im Jahr 2023<\/span><\/h3>\n\n\n\n<p>CS:GO, Dota 2, League of Legends, Smite, Battlegrounds, Call of Duty, StarCraft 2, Hearthstone, World of Tanks, Halo, FIFA, NBA 2K18, Overwatch, Heroes of the Storm, Vainglory, Fortnite, Valorant<\/p>\n\n\n\n<p><\/p>\n<div id=\"toc_container\" class=\"no_bullets\"><p class=\"toc_title\">Inhalt<\/p><ul class=\"toc_list\"><ul><li><a href=\"#the_revolution_of_e-sport_bet\"><span class=\"toc_number toc_depth_2\">0.1<\/span> Die Revolution der E-Sport-Wette<\/a><\/li><\/ul><\/li><li><a href=\"#how_to_use_bitcoincrypto_to_bet_on_esports\"><span class=\"toc_number toc_depth_1\">1<\/span> Wie man Bitcoin\/Krypto verwendet, um auf eSports zu wetten<\/a><\/li><li><a href=\"#the_best_esports_betting_sites_accept_bitcoincrypo\"><span class=\"toc_number toc_depth_1\">2<\/span> Die besten eSports-Wettseiten akzeptieren Bitcoin\/Crypo:<\/a><ul><li><a href=\"#1xbit\"><span class=\"toc_number toc_depth_2\">2.1<\/span> 1xBit<\/a><\/li><li><a href=\"#cloudbet\"><span class=\"toc_number toc_depth_2\">2.2<\/span> Cloudbet<\/a><\/li><li><a href=\"#coinbet24\"><span class=\"toc_number toc_depth_2\">2.3<\/span> Coinbet24<\/a><\/li><li><a href=\"#coingaming\"><span class=\"toc_number toc_depth_2\">2.4<\/span> M\u00fcnzspiel<\/a><\/li><\/ul><\/li><li><a href=\"#why_use_bitcoincrypo_in_esports_betting_sites\"><span class=\"toc_number toc_depth_1\">3<\/span> Warum Bitcoin\/Crypo auf eSports-Wettseiten verwenden?<\/a><ul><li><a href=\"#the_most_popular_game_to_bet_in_2023\"><span class=\"toc_number toc_depth_2\">3.1<\/span> Das beliebteste Wettspiel im Jahr 2023<\/a><\/li><\/ul><\/li><\/ul><\/div>","protected":false},"excerpt":{"rendered":"<p>The Revolution of E-sport Bet eSports betting has grown in popularity nowadays and the number of games you can bet on it like other traditional sport as on the Football.\u00a0Even though MOBAs (DOTA, League of Legends, etc.) and first-person shooters (CS:GO, Overwatch, etc.) are more popular, you can bet on almost any game that allows &#8230;<\/p>","protected":false},"author":1,"featured_media":0,"parent":0,"menu_order":0,"comment_status":"closed","ping_status":"closed","template":"page-nosidebar.php","meta":[],"yoast_head":"<!-- This site is optimized with the Yoast SEO Premium plugin v19.5 (Yoast SEO v19.11) - https:\/\/yoast.com\/wordpress\/plugins\/seo\/ -->\n<title>eSports, Betting Sites that accept Bitcoin and Crypto - Final FIFA World Cup 2022 in Qatar<\/title>\n<meta name=\"description\" content=\"Best crypto E-Sports betting sites : Analysis, Odd and Exclusive Bonus. Choose the right Bitcoin\/Crypto eGaming bookmaker!\" \/>\n<meta name=\"robots\" content=\"index, follow, max-snippet:-1, max-image-preview:large, max-video-preview:-1\" \/>\n<link rel=\"canonical\" href=\"https:\/\/wiki-crypto.net\/de\/wetten-esport-bitcoin-krypto\/\" \/>\n<meta property=\"og:locale\" content=\"de_DE\" \/>\n<meta property=\"og:type\" content=\"article\" \/>\n<meta property=\"og:title\" content=\"eSports, Betting Sites that accept Bitcoin and Crypto\" \/>\n<meta property=\"og:description\" content=\"Best crypto E-Sports betting sites : Analysis, Odd and Exclusive Bonus. Choose the right Bitcoin\/Crypto eGaming bookmaker!\" \/>\n<meta property=\"og:url\" content=\"https:\/\/wiki-crypto.net\/de\/wetten-esport-bitcoin-krypto\/\" \/>\n<meta property=\"og:site_name\" content=\"Best Crypto Betting Sites | Bitcoin Bet On Football\" \/>\n<meta property=\"article:modified_time\" content=\"2022-12-04T17:25:58+00:00\" \/>\n<meta property=\"og:image\" content=\"https:\/\/wiki-crypto.net\/wp-content\/uploads\/2022\/12\/betting-esport-bitcoin-crypto-1024x683.jpg\" \/>\n<meta name=\"twitter:card\" content=\"summary_large_image\" \/>\n<meta name=\"twitter:label1\" content=\"Gesch\u00e4tzte Lesezeit\" \/>\n\t<meta name=\"twitter:data1\" content=\"6\u00a0Minuten\" \/>\n<script type=\"application\/ld+json\" class=\"yoast-schema-graph\">{\"@context\":\"https:\/\/schema.org\",\"@graph\":[{\"@type\":\"WebPage\",\"@id\":\"https:\/\/wiki-crypto.net\/betting-esport-bitcoin-crypto\/\",\"url\":\"https:\/\/wiki-crypto.net\/betting-esport-bitcoin-crypto\/\",\"name\":\"eSports, Betting Sites that accept Bitcoin and Crypto - Final FIFA World Cup 2022 in Qatar\",\"isPartOf\":{\"@id\":\"https:\/\/wiki-crypto.net\/#website\"},\"datePublished\":\"2022-12-04T16:08:49+00:00\",\"dateModified\":\"2022-12-04T17:25:58+00:00\",\"description\":\"Best crypto E-Sports betting sites : Analysis, Odd and Exclusive Bonus. Choose the right Bitcoin\/Crypto eGaming bookmaker!\",\"breadcrumb\":{\"@id\":\"https:\/\/wiki-crypto.net\/betting-esport-bitcoin-crypto\/#breadcrumb\"},\"inLanguage\":\"de\",\"potentialAction\":[{\"@type\":\"ReadAction\",\"target\":[\"https:\/\/wiki-crypto.net\/betting-esport-bitcoin-crypto\/\"]}]},{\"@type\":\"BreadcrumbList\",\"@id\":\"https:\/\/wiki-crypto.net\/betting-esport-bitcoin-crypto\/#breadcrumb\",\"itemListElement\":[{\"@type\":\"ListItem\",\"position\":1,\"name\":\"Home\",\"item\":\"https:\/\/wiki-crypto.net\/\"},{\"@type\":\"ListItem\",\"position\":2,\"name\":\"eSports, Betting Sites that accept Bitcoin and Crypto\"}]},{\"@type\":\"WebSite\",\"@id\":\"https:\/\/wiki-crypto.net\/#website\",\"url\":\"https:\/\/wiki-crypto.net\/\",\"name\":\"Best Crypto Betting Sites | Bitcoin Bet On Football\",\"description\":\"Guide and Analysis of the best crypto betting sites, bookmaker for bonus, tips, odds, pronostics to bet online with Cloudbet, 1Xbit, Sportsbet, Trusdice, bc.game\",\"publisher\":{\"@id\":\"https:\/\/wiki-crypto.net\/#organization\"},\"potentialAction\":[{\"@type\":\"SearchAction\",\"target\":{\"@type\":\"EntryPoint\",\"urlTemplate\":\"https:\/\/wiki-crypto.net\/?s={search_term_string}\"},\"query-input\":\"required name=search_term_string\"}],\"inLanguage\":\"de\"},{\"@type\":\"Organization\",\"@id\":\"https:\/\/wiki-crypto.net\/#organization\",\"name\":\"Best Crypto Betting Sites | Bitcoin Bet On Football\",\"url\":\"https:\/\/wiki-crypto.net\/\",\"logo\":{\"@type\":\"ImageObject\",\"inLanguage\":\"de\",\"@id\":\"https:\/\/wiki-crypto.net\/#\/schema\/logo\/image\/\",\"url\":\"https:\/\/wiki-crypto.net\/wp-content\/uploads\/2022\/12\/cropped-10-juillet-2019-337-2.jpg\",\"contentUrl\":\"https:\/\/wiki-crypto.net\/wp-content\/uploads\/2022\/12\/cropped-10-juillet-2019-337-2.jpg\",\"width\":1600,\"height\":301,\"caption\":\"Best Crypto Betting Sites | Bitcoin Bet On Football\"},\"image\":{\"@id\":\"https:\/\/wiki-crypto.net\/#\/schema\/logo\/image\/\"}}]}<\/script>\n<!-- \/ Yoast SEO Premium plugin. -->","yoast_head_json":{"title":"eSports, Betting Sites that accept Bitcoin and Crypto - Final FIFA World Cup 2022 in Qatar","description":"Best crypto E-Sports betting sites : Analysis, Odd and Exclusive Bonus. Choose the right Bitcoin\/Crypto eGaming bookmaker!","robots":{"index":"index","follow":"follow","max-snippet":"max-snippet:-1","max-image-preview":"max-image-preview:large","max-video-preview":"max-video-preview:-1"},"canonical":"https:\/\/wiki-crypto.net\/de\/wetten-esport-bitcoin-krypto\/","og_locale":"de_DE","og_type":"article","og_title":"eSports, Betting Sites that accept Bitcoin and Crypto","og_description":"Best crypto E-Sports betting sites : Analysis, Odd and Exclusive Bonus. Choose the right Bitcoin\/Crypto eGaming bookmaker!","og_url":"https:\/\/wiki-crypto.net\/de\/wetten-esport-bitcoin-krypto\/","og_site_name":"Best Crypto Betting Sites | Bitcoin Bet On Football","article_modified_time":"2022-12-04T17:25:58+00:00","og_image":[{"url":"https:\/\/wiki-crypto.net\/wp-content\/uploads\/2022\/12\/betting-esport-bitcoin-crypto-1024x683.jpg"}],"twitter_card":"summary_large_image","twitter_misc":{"Gesch\u00e4tzte Lesezeit":"6\u00a0Minuten"},"schema":{"@context":"https:\/\/schema.org","@graph":[{"@type":"WebPage","@id":"https:\/\/wiki-crypto.net\/betting-esport-bitcoin-crypto\/","url":"https:\/\/wiki-crypto.net\/betting-esport-bitcoin-crypto\/","name":"eSports, Betting Sites that accept Bitcoin and Crypto - Final FIFA World Cup 2022 in Qatar","isPartOf":{"@id":"https:\/\/wiki-crypto.net\/#website"},"datePublished":"2022-12-04T16:08:49+00:00","dateModified":"2022-12-04T17:25:58+00:00","description":"Best crypto E-Sports betting sites : Analysis, Odd and Exclusive Bonus. Choose the right Bitcoin\/Crypto eGaming bookmaker!","breadcrumb":{"@id":"https:\/\/wiki-crypto.net\/betting-esport-bitcoin-crypto\/#breadcrumb"},"inLanguage":"de","potentialAction":[{"@type":"ReadAction","target":["https:\/\/wiki-crypto.net\/betting-esport-bitcoin-crypto\/"]}]},{"@type":"BreadcrumbList","@id":"https:\/\/wiki-crypto.net\/betting-esport-bitcoin-crypto\/#breadcrumb","itemListElement":[{"@type":"ListItem","position":1,"name":"Home","item":"https:\/\/wiki-crypto.net\/"},{"@type":"ListItem","position":2,"name":"eSports, Betting Sites that accept Bitcoin and Crypto"}]},{"@type":"WebSite","@id":"https:\/\/wiki-crypto.net\/#website","url":"https:\/\/wiki-crypto.net\/","name":"Best Crypto Betting Sites | Bitcoin Bet On Football","description":"Guide and Analysis of the best crypto betting sites, bookmaker for bonus, tips, odds, pronostics to bet online with Cloudbet, 1Xbit, Sportsbet, Trusdice, bc.game","publisher":{"@id":"https:\/\/wiki-crypto.net\/#organization"},"potentialAction":[{"@type":"SearchAction","target":{"@type":"EntryPoint","urlTemplate":"https:\/\/wiki-crypto.net\/?s={search_term_string}"},"query-input":"required name=search_term_string"}],"inLanguage":"de"},{"@type":"Organization","@id":"https:\/\/wiki-crypto.net\/#organization","name":"Best Crypto Betting Sites | Bitcoin Bet On Football","url":"https:\/\/wiki-crypto.net\/","logo":{"@type":"ImageObject","inLanguage":"de","@id":"https:\/\/wiki-crypto.net\/#\/schema\/logo\/image\/","url":"https:\/\/wiki-crypto.net\/wp-content\/uploads\/2022\/12\/cropped-10-juillet-2019-337-2.jpg","contentUrl":"https:\/\/wiki-crypto.net\/wp-content\/uploads\/2022\/12\/cropped-10-juillet-2019-337-2.jpg","width":1600,"height":301,"caption":"Best Crypto Betting Sites | Bitcoin Bet On Football"},"image":{"@id":"https:\/\/wiki-crypto.net\/#\/schema\/logo\/image\/"}}]}},"_links":{"self":[{"href":"https:\/\/wiki-crypto.net\/de\/wp-json\/wp\/v2\/pages\/75"}],"collection":[{"href":"https:\/\/wiki-crypto.net\/de\/wp-json\/wp\/v2\/pages"}],"about":[{"href":"https:\/\/wiki-crypto.net\/de\/wp-json\/wp\/v2\/types\/page"}],"author":[{"embeddable":true,"href":"https:\/\/wiki-crypto.net\/de\/wp-json\/wp\/v2\/users\/1"}],"replies":[{"embeddable":true,"href":"https:\/\/wiki-crypto.net\/de\/wp-json\/wp\/v2\/comments?post=75"}],"version-history":[{"count":11,"href":"https:\/\/wiki-crypto.net\/de\/wp-json\/wp\/v2\/pages\/75\/revisions"}],"predecessor-version":[{"id":177,"href":"https:\/\/wiki-crypto.net\/de\/wp-json\/wp\/v2\/pages\/75\/revisions\/177"}],"wp:attachment":[{"href":"https:\/\/wiki-crypto.net\/de\/wp-json\/wp\/v2\/media?parent=75"}],"curies":[{"name":"wp","href":"https:\/\/api.w.org\/{rel}","templated":true}]}}