{"id":21,"date":"2022-11-30T21:18:21","date_gmt":"2022-11-30T21:18:21","guid":{"rendered":"https:\/\/wiki-crypto.net\/?page_id=21"},"modified":"2022-12-04T17:08:03","modified_gmt":"2022-12-04T17:08:03","slug":"bitcoin-history","status":"publish","type":"page","link":"https:\/\/wiki-crypto.net\/de\/bitcoin-geschichte\/","title":{"rendered":"Bitcoin-Geschichte"},"content":{"rendered":"<div class=\"wp-block-image\">\n<figure class=\"alignleft size-large is-resized\"><img decoding=\"async\" loading=\"lazy\" src=\"https:\/\/wiki-crypto.net\/wp-content\/uploads\/2022\/12\/bitcoin-history-1024x1024.jpg\" alt=\"Bitcoin-Geschichte\" class=\"wp-image-155\" width=\"272\" height=\"272\" srcset=\"https:\/\/wiki-crypto.net\/wp-content\/uploads\/2022\/12\/bitcoin-history-1024x1024.jpg 1024w, https:\/\/wiki-crypto.net\/wp-content\/uploads\/2022\/12\/bitcoin-history-300x300.jpg 300w, https:\/\/wiki-crypto.net\/wp-content\/uploads\/2022\/12\/bitcoin-history-150x150.jpg 150w, https:\/\/wiki-crypto.net\/wp-content\/uploads\/2022\/12\/bitcoin-history-768x768.jpg 768w, https:\/\/wiki-crypto.net\/wp-content\/uploads\/2022\/12\/bitcoin-history-1536x1536.jpg 1536w, https:\/\/wiki-crypto.net\/wp-content\/uploads\/2022\/12\/bitcoin-history-12x12.jpg 12w, https:\/\/wiki-crypto.net\/wp-content\/uploads\/2022\/12\/bitcoin-history.jpg 1600w\" sizes=\"(max-width: 272px) 100vw, 272px\" \/><\/figure><\/div>\n\n\n<p><em>Bitcoin ist eine der revolution\u00e4rsten Finanztechnologien, die im letzten Jahrzehnt herausgekommen sind. Aber was ist die Geschichte hinter dieser digitalen W\u00e4hrung? Wie ist Bitcoin entstanden und warum ist es so beliebt? Auf dieser Seite werden wir die Geschichte von Bitcoin erkunden, von seinen mysteri\u00f6sen Anf\u00e4ngen bis zu seinem aktuellen Status als globales Ph\u00e4nomen. Wir werden die Technologie verstehen, die sie erm\u00f6glicht, die Menschen, die ihre Entwicklung gepr\u00e4gt haben, und die Auswirkungen, die sie auf die Finanzwelt hatte. Beginnen wir also mit der Geschichte von Bitcoin.<\/em><\/p>\n\n\n\n<p><\/p>\n\n\n\n<h3 id=\"h-cryptocurrency-the-beginning-of-the-saga\"><span id=\"cryptocurrency_the_beginning_of_the_saga\">Kryptow\u00e4hrung: Der Beginn der Saga<\/span><\/h3>\n\n\n\n<p>Fangen wir nicht damit an, dass die Geschichte der ber\u00fchmtesten Kryptow\u00e4hrung mittlerweile den meisten bekannt ist: dem Bitcoin.\u00a0<strong>2008 ver\u00f6ffentlichte Satoshi Nakamoto das Bitcoin-Protokoll<\/strong>\u00a0auf The Cryptography Mailinglist im Internet, um dann im darauffolgenden Jahr die erste Version der Client-Software zu verteilen und gemeinsam mit anderen Entwicklern zum Ausbau des Projekts beizutragen, nur um sich 2010 aus der Bitcoin-Community zur\u00fcckzuziehen und den Betrieb des Programms zu belassen die H\u00e4nde von Gavin Andersen.<\/p>\n\n\n\n<p>Noch heute wird \u00fcber die wahre Identit\u00e4t hinter dem japanischen Pseudonym des Sch\u00f6pfers der Kryptow\u00e4hrung diskutiert und keine der bisher ausgearbeiteten Theorien hat sich in der Realit\u00e4t best\u00e4tigt.&nbsp;<strong>Der Wert von Bitcoin ist weiter gewachsen<\/strong>&nbsp;\u00fcber die Jahre seitdem, wenn auch nicht stetig \u00fcber die Zeit.<\/p>\n\n\n\n<p>Anfang 2012 wurde ein Bitcoin f\u00fcr 13 Dollar gehandelt, Ende 2016 war er 850 wert. Im Dezember 2017 begann das Chicago Board of Trade (CBOT), die Stadtb\u00f6rse von Illinois, damit&nbsp;<strong>den Handel mit Futures-Wertpapieren weiter zulassen<\/strong>&nbsp;Am bekanntesten ist eine Art Vertrag, der es den Betreibern erm\u00f6glicht, auf den zuk\u00fcnftigen Wert eines Verm\u00f6genswerts zu wetten, was dazu beitr\u00e4gt, den Wert der virtuellen W\u00e4hrung in die H\u00f6he zu treiben.<\/p>\n\n\n\n<p>So&nbsp;<strong>Bitcoin erreicht Ende 2017 $20.000, bevor es pl\u00f6tzlich auf $12.000 abf\u00e4llt<\/strong>&nbsp;, dann schloss das Jahr bei $14.600. Aktuell hat der Hype um diese Kryptow\u00e4hrung etwas nachgelassen, gleichzeitig sind andere Kryptow\u00e4hrungen wie Ethereum oder Litecoin in den Markt eingetreten und haben sich ein St\u00fcck des Sektors erobert, auch wenn Bitcoins als Erstank\u00f6mmlinge weiterhin definiert werden als Archetyp dieser Art von Transaktion.<\/p>\n\n\n\n<h2 id=\"h-cryptocurrency-history-volatility-and-fluctuations\"><span id=\"cryptocurrency_history_volatility_and_fluctuations\">Volatilit\u00e4t und Schwankungen der Kryptow\u00e4hrungsgeschichte <\/span><\/h2>\n\n\n\n<p>Unter den gr\u00f6\u00dften Risiken im Zusammenhang mit Bitcoins haben Sie sicherlich schon von der Volatilit\u00e4t und den Schwankungen der W\u00e4hrung geh\u00f6rt. Aber worauf genau beziehen sich diese beiden Begriffe? Ohne auf allzu \u00f6konomische Fragen eingehen zu wollen, beschr\u00e4nken wir uns auf einige Definitionen. Die Volatilit\u00e4t ist ein Ma\u00df f\u00fcr die&nbsp;<strong>Ver\u00e4nderung des Preises einer W\u00e4hrung \u00fcber einen bestimmten Zeitraum<\/strong>&nbsp;. Dies ist wichtig, denn je h\u00f6her die Volatilit\u00e4t, desto riskanter ist es, einen finanziellen Verm\u00f6genswert wie Bitcoins zu halten, da sein Preis pl\u00f6tzlich steigen oder fallen kann.<\/p>\n\n\n\n<p>Um es in Zusammenhang zu bringen, lassen Sie\u00a0<strong>sagen, dass Bitcoin einen Volatilit\u00e4tsindex von 4,60% hat, w\u00e4hrend der der wichtigsten traditionellen W\u00e4hrungen wie Euro oder Dollar zwischen 0,5% und 1% schwankt<\/strong>\u00a0. Der Hauptunterschied besteht darin, dass Bitcoin in Wirklichkeit, wie wir bereits erkl\u00e4rt haben, ein Algorithmus und keine W\u00e4hrung ist und daher nicht einmal als solche betrachtet werden sollte. Daher ist die Menge an Bitcoins auf 21 Millionen festgelegt und kann im Gegensatz zu herk\u00f6mmlichen W\u00e4hrungen nicht ge\u00e4ndert werden. Mit zunehmender Popularit\u00e4t und Akzeptanz bei den Menschen wird der Wert der Kryptow\u00e4hrung nur stetig steigen.<\/p>\n\n\n\n<h2 id=\"h-are-bitcoins-the-future-of-betting\"><span id=\"are_bitcoins_the_future_of_betting\">Sind Bitcoins die Zukunft des Wettens?<\/span><\/h2>\n\n\n\n<p>Wie wir in diesem Bericht gesehen haben, eignet sich die Geschichte von Bitcoin sehr gut f\u00fcr Online-Wetten. Sehr\u00a0<strong>schnelle Ein- und Auszahlungszeiten<\/strong>\u00a0, vor allem f\u00fcr Livewetten hervorragend geeignet , provisions- und steuerfreie Auszahlungen und die M\u00f6glichkeit, Ihre finanziellen und pers\u00f6nlichen Daten sicher zu verwahren, sind Features, die allen Wettern gefallen.<\/p>\n\n\n\n<p><strong>Cura\u00e7ao und die Isle of Man waren die ersten Beh\u00f6rden, die die Verwendung von Bitcoin legalisierten<\/strong>\u00a0f\u00fcr Online-Spiele. Ende 2016 setzte die englische Gl\u00fccksspielkommission, einer der am st\u00e4rksten regulierten Konzession\u00e4re der Welt, Kryptow\u00e4hrungen mit traditionellen Zahlungsmethoden wie Kreditkarten und Bank\u00fcberweisungen gleich, dicht gefolgt von der spanischen Direcci\u00f3n General de Ordenaci\u00f3n del Juego. Eine \u00d6ffnung f\u00fcr die Verwendung virtueller W\u00e4hrungen wird auch von der Malta Gaming Authority untersucht.\u00a0<\/p>\n\n\n\n<p>Es besteht daher eine hohe Wahrscheinlichkeit, dass Kryptow\u00e4hrungen die Zukunft des Wettens darstellen und die Geschichte von Bitcoin, Crypto, gerade erst begonnen hat!<\/p>\n<div id=\"toc_container\" class=\"no_bullets\"><p class=\"toc_title\">Inhalt<\/p><ul class=\"toc_list\"><ul><li><a href=\"#cryptocurrency_the_beginning_of_the_saga\"><span class=\"toc_number toc_depth_2\">0.1<\/span> Kryptow\u00e4hrung: Der Beginn der Saga<\/a><\/li><\/ul><\/li><li><a href=\"#cryptocurrency_history_volatility_and_fluctuations\"><span class=\"toc_number toc_depth_1\">1<\/span> Volatilit\u00e4t und Schwankungen der Kryptow\u00e4hrungsgeschichte <\/a><\/li><li><a href=\"#are_bitcoins_the_future_of_betting\"><span class=\"toc_number toc_depth_1\">2<\/span> Sind Bitcoins die Zukunft des Wettens?<\/a><\/li><\/ul><\/div>","protected":false},"excerpt":{"rendered":"<p>Bitcoin is one of the most revolutionary financial technologies to come out in the last decade. But what is the history behind this digital currency? How did Bitcoin come to be and why is it so popular? In this page, we will explore the history of Bitcoin, from its mysterious beginnings to its current status &#8230;<\/p>","protected":false},"author":1,"featured_media":0,"parent":0,"menu_order":0,"comment_status":"closed","ping_status":"closed","template":"page-nosidebar.php","meta":[],"yoast_head":"<!-- This site is optimized with the Yoast SEO Premium plugin v19.5 (Yoast SEO v19.11) - https:\/\/yoast.com\/wordpress\/plugins\/seo\/ -->\n<title>Bitcoin History - Final FIFA World Cup 2022 in Qatar<\/title>\n<meta name=\"description\" content=\"The History of Bitcoin is an intriguing one. it has become one of the most revolutionary financial technologies of the last decade!\" \/>\n<meta name=\"robots\" content=\"index, follow, max-snippet:-1, max-image-preview:large, max-video-preview:-1\" \/>\n<link rel=\"canonical\" href=\"https:\/\/wiki-crypto.net\/de\/\u0431\u0438\u0442\u043a\u043e\u0439\u043d-\u0438\u0441\u0442\u043e\u0440\u0438\u044f\/\" \/>\n<meta property=\"og:locale\" content=\"de_DE\" \/>\n<meta property=\"og:type\" content=\"article\" \/>\n<meta property=\"og:title\" content=\"Bitcoin History\" \/>\n<meta property=\"og:description\" content=\"The History of Bitcoin is an intriguing one. it has become one of the most revolutionary financial technologies of the last decade!\" \/>\n<meta property=\"og:url\" content=\"https:\/\/wiki-crypto.net\/de\/\u0431\u0438\u0442\u043a\u043e\u0439\u043d-\u0438\u0441\u0442\u043e\u0440\u0438\u044f\/\" \/>\n<meta property=\"og:site_name\" content=\"Best Crypto Betting Sites | Bitcoin Bet On Football\" \/>\n<meta property=\"article:modified_time\" content=\"2022-12-04T17:08:03+00:00\" \/>\n<meta property=\"og:image\" content=\"https:\/\/wiki-crypto.net\/wp-content\/uploads\/2022\/12\/bitcoin-history-1024x1024.jpg\" \/>\n<meta name=\"twitter:card\" content=\"summary_large_image\" \/>\n<meta name=\"twitter:label1\" content=\"Gesch\u00e4tzte Lesezeit\" \/>\n\t<meta name=\"twitter:data1\" content=\"4\u00a0Minuten\" \/>\n<script type=\"application\/ld+json\" class=\"yoast-schema-graph\">{\"@context\":\"https:\/\/schema.org\",\"@graph\":[{\"@type\":\"WebPage\",\"@id\":\"https:\/\/wiki-crypto.net\/ru\/%d0%b1%d0%b8%d1%82%d0%ba%d0%be%d0%b9%d0%bd-%d0%b8%d1%81%d1%82%d0%be%d1%80%d0%b8%d1%8f\/\",\"url\":\"https:\/\/wiki-crypto.net\/ru\/%d0%b1%d0%b8%d1%82%d0%ba%d0%be%d0%b9%d0%bd-%d0%b8%d1%81%d1%82%d0%be%d1%80%d0%b8%d1%8f\/\",\"name\":\"Bitcoin History - Final FIFA World Cup 2022 in Qatar\",\"isPartOf\":{\"@id\":\"https:\/\/wiki-crypto.net\/#website\"},\"datePublished\":\"2022-11-30T21:18:21+00:00\",\"dateModified\":\"2022-12-04T17:08:03+00:00\",\"description\":\"The History of Bitcoin is an intriguing one. it has become one of the most revolutionary financial technologies of the last decade!\",\"breadcrumb\":{\"@id\":\"https:\/\/wiki-crypto.net\/ru\/%d0%b1%d0%b8%d1%82%d0%ba%d0%be%d0%b9%d0%bd-%d0%b8%d1%81%d1%82%d0%be%d1%80%d0%b8%d1%8f\/#breadcrumb\"},\"inLanguage\":\"de\",\"potentialAction\":[{\"@type\":\"ReadAction\",\"target\":[\"https:\/\/wiki-crypto.net\/ru\/%d0%b1%d0%b8%d1%82%d0%ba%d0%be%d0%b9%d0%bd-%d0%b8%d1%81%d1%82%d0%be%d1%80%d0%b8%d1%8f\/\"]}]},{\"@type\":\"BreadcrumbList\",\"@id\":\"https:\/\/wiki-crypto.net\/ru\/%d0%b1%d0%b8%d1%82%d0%ba%d0%be%d0%b9%d0%bd-%d0%b8%d1%81%d1%82%d0%be%d1%80%d0%b8%d1%8f\/#breadcrumb\",\"itemListElement\":[{\"@type\":\"ListItem\",\"position\":1,\"name\":\"Home\",\"item\":\"https:\/\/wiki-crypto.net\/\"},{\"@type\":\"ListItem\",\"position\":2,\"name\":\"Bitcoin History\"}]},{\"@type\":\"WebSite\",\"@id\":\"https:\/\/wiki-crypto.net\/#website\",\"url\":\"https:\/\/wiki-crypto.net\/\",\"name\":\"Best Crypto Betting Sites | Bitcoin Bet On Football\",\"description\":\"Guide and Analysis of the best crypto betting sites, bookmaker for bonus, tips, odds, pronostics to bet online with Cloudbet, 1Xbit, Sportsbet, Trusdice, bc.game\",\"publisher\":{\"@id\":\"https:\/\/wiki-crypto.net\/#organization\"},\"potentialAction\":[{\"@type\":\"SearchAction\",\"target\":{\"@type\":\"EntryPoint\",\"urlTemplate\":\"https:\/\/wiki-crypto.net\/?s={search_term_string}\"},\"query-input\":\"required name=search_term_string\"}],\"inLanguage\":\"de\"},{\"@type\":\"Organization\",\"@id\":\"https:\/\/wiki-crypto.net\/#organization\",\"name\":\"Best Crypto Betting Sites | Bitcoin Bet On Football\",\"url\":\"https:\/\/wiki-crypto.net\/\",\"logo\":{\"@type\":\"ImageObject\",\"inLanguage\":\"de\",\"@id\":\"https:\/\/wiki-crypto.net\/#\/schema\/logo\/image\/\",\"url\":\"https:\/\/wiki-crypto.net\/wp-content\/uploads\/2022\/12\/cropped-10-juillet-2019-337-2.jpg\",\"contentUrl\":\"https:\/\/wiki-crypto.net\/wp-content\/uploads\/2022\/12\/cropped-10-juillet-2019-337-2.jpg\",\"width\":1600,\"height\":301,\"caption\":\"Best Crypto Betting Sites | Bitcoin Bet On Football\"},\"image\":{\"@id\":\"https:\/\/wiki-crypto.net\/#\/schema\/logo\/image\/\"}}]}<\/script>\n<!-- \/ Yoast SEO Premium plugin. -->","yoast_head_json":{"title":"Bitcoin History - Final FIFA World Cup 2022 in Qatar","description":"The History of Bitcoin is an intriguing one. it has become one of the most revolutionary financial technologies of the last decade!","robots":{"index":"index","follow":"follow","max-snippet":"max-snippet:-1","max-image-preview":"max-image-preview:large","max-video-preview":"max-video-preview:-1"},"canonical":"https:\/\/wiki-crypto.net\/de\/\u0431\u0438\u0442\u043a\u043e\u0439\u043d-\u0438\u0441\u0442\u043e\u0440\u0438\u044f\/","og_locale":"de_DE","og_type":"article","og_title":"Bitcoin History","og_description":"The History of Bitcoin is an intriguing one. it has become one of the most revolutionary financial technologies of the last decade!","og_url":"https:\/\/wiki-crypto.net\/de\/\u0431\u0438\u0442\u043a\u043e\u0439\u043d-\u0438\u0441\u0442\u043e\u0440\u0438\u044f\/","og_site_name":"Best Crypto Betting Sites | Bitcoin Bet On Football","article_modified_time":"2022-12-04T17:08:03+00:00","og_image":[{"url":"https:\/\/wiki-crypto.net\/wp-content\/uploads\/2022\/12\/bitcoin-history-1024x1024.jpg"}],"twitter_card":"summary_large_image","twitter_misc":{"Gesch\u00e4tzte Lesezeit":"4\u00a0Minuten"},"schema":{"@context":"https:\/\/schema.org","@graph":[{"@type":"WebPage","@id":"https:\/\/wiki-crypto.net\/ru\/%d0%b1%d0%b8%d1%82%d0%ba%d0%be%d0%b9%d0%bd-%d0%b8%d1%81%d1%82%d0%be%d1%80%d0%b8%d1%8f\/","url":"https:\/\/wiki-crypto.net\/ru\/%d0%b1%d0%b8%d1%82%d0%ba%d0%be%d0%b9%d0%bd-%d0%b8%d1%81%d1%82%d0%be%d1%80%d0%b8%d1%8f\/","name":"Bitcoin History - Final FIFA World Cup 2022 in Qatar","isPartOf":{"@id":"https:\/\/wiki-crypto.net\/#website"},"datePublished":"2022-11-30T21:18:21+00:00","dateModified":"2022-12-04T17:08:03+00:00","description":"The History of Bitcoin is an intriguing one. it has become one of the most revolutionary financial technologies of the last decade!","breadcrumb":{"@id":"https:\/\/wiki-crypto.net\/ru\/%d0%b1%d0%b8%d1%82%d0%ba%d0%be%d0%b9%d0%bd-%d0%b8%d1%81%d1%82%d0%be%d1%80%d0%b8%d1%8f\/#breadcrumb"},"inLanguage":"de","potentialAction":[{"@type":"ReadAction","target":["https:\/\/wiki-crypto.net\/ru\/%d0%b1%d0%b8%d1%82%d0%ba%d0%be%d0%b9%d0%bd-%d0%b8%d1%81%d1%82%d0%be%d1%80%d0%b8%d1%8f\/"]}]},{"@type":"BreadcrumbList","@id":"https:\/\/wiki-crypto.net\/ru\/%d0%b1%d0%b8%d1%82%d0%ba%d0%be%d0%b9%d0%bd-%d0%b8%d1%81%d1%82%d0%be%d1%80%d0%b8%d1%8f\/#breadcrumb","itemListElement":[{"@type":"ListItem","position":1,"name":"Home","item":"https:\/\/wiki-crypto.net\/"},{"@type":"ListItem","position":2,"name":"Bitcoin History"}]},{"@type":"WebSite","@id":"https:\/\/wiki-crypto.net\/#website","url":"https:\/\/wiki-crypto.net\/","name":"Best Crypto Betting Sites | Bitcoin Bet On Football","description":"Guide and Analysis of the best crypto betting sites, bookmaker for bonus, tips, odds, pronostics to bet online with Cloudbet, 1Xbit, Sportsbet, Trusdice, bc.game","publisher":{"@id":"https:\/\/wiki-crypto.net\/#organization"},"potentialAction":[{"@type":"SearchAction","target":{"@type":"EntryPoint","urlTemplate":"https:\/\/wiki-crypto.net\/?s={search_term_string}"},"query-input":"required name=search_term_string"}],"inLanguage":"de"},{"@type":"Organization","@id":"https:\/\/wiki-crypto.net\/#organization","name":"Best Crypto Betting Sites | Bitcoin Bet On Football","url":"https:\/\/wiki-crypto.net\/","logo":{"@type":"ImageObject","inLanguage":"de","@id":"https:\/\/wiki-crypto.net\/#\/schema\/logo\/image\/","url":"https:\/\/wiki-crypto.net\/wp-content\/uploads\/2022\/12\/cropped-10-juillet-2019-337-2.jpg","contentUrl":"https:\/\/wiki-crypto.net\/wp-content\/uploads\/2022\/12\/cropped-10-juillet-2019-337-2.jpg","width":1600,"height":301,"caption":"Best Crypto Betting Sites | Bitcoin Bet On Football"},"image":{"@id":"https:\/\/wiki-crypto.net\/#\/schema\/logo\/image\/"}}]}},"_links":{"self":[{"href":"https:\/\/wiki-crypto.net\/de\/wp-json\/wp\/v2\/pages\/21"}],"collection":[{"href":"https:\/\/wiki-crypto.net\/de\/wp-json\/wp\/v2\/pages"}],"about":[{"href":"https:\/\/wiki-crypto.net\/de\/wp-json\/wp\/v2\/types\/page"}],"author":[{"embeddable":true,"href":"https:\/\/wiki-crypto.net\/de\/wp-json\/wp\/v2\/users\/1"}],"replies":[{"embeddable":true,"href":"https:\/\/wiki-crypto.net\/de\/wp-json\/wp\/v2\/comments?post=21"}],"version-history":[{"count":8,"href":"https:\/\/wiki-crypto.net\/de\/wp-json\/wp\/v2\/pages\/21\/revisions"}],"predecessor-version":[{"id":164,"href":"https:\/\/wiki-crypto.net\/de\/wp-json\/wp\/v2\/pages\/21\/revisions\/164"}],"wp:attachment":[{"href":"https:\/\/wiki-crypto.net\/de\/wp-json\/wp\/v2\/media?parent=21"}],"curies":[{"name":"wp","href":"https:\/\/api.w.org\/{rel}","templated":true}]}}