{"id":195,"date":"2022-12-11T22:00:34","date_gmt":"2022-12-11T22:00:34","guid":{"rendered":"https:\/\/wiki-crypto.net\/?page_id=195"},"modified":"2022-12-17T14:41:10","modified_gmt":"2022-12-17T14:41:10","slug":"argentina-france-bet-final-world-cup-bitcoin-and-crypto","status":"publish","type":"page","link":"https:\/\/wiki-crypto.net\/de\/argentinien-frankreich-wette-finale-weltmeisterschaft-bitcoin-und-krypto\/","title":{"rendered":"Argentinien \u2013 Frankreich Wetten Sie mit Bitcoin und Crypto auf das Finale der Weltmeisterschaft"},"content":{"rendered":"<p><\/p>\n\n\n\n<figure class=\"wp-block-image is-resized\" id=\"block-48ddfce2-9a29-4787-a4b3-773c1e8cdf65\"><img decoding=\"async\" loading=\"lazy\" src=\"https:\/\/wiki-crypto.net\/wp-content\/uploads\/2022\/12\/finale-france-argentine-1024x683.jpg\" alt=\"Argentinien - Frankreich\" width=\"512\" height=\"342\"\/><\/figure>\n\n\n\n<p id=\"block-6b333855-6f93-4d60-ae90-ff060941cbc3\">Machen Sie sich bereit f\u00fcr das am meisten erwartete Spiel der FIFA Fussball-Weltmeisterschaft 2022 in Katar \u2013 Frankreich gegen Argentinien f\u00fcr das gro\u00dfe Finale mit Cloudbet, 1Xbit, Sportsbet, Trusdice, bc.game! Beide Teams haben hart gearbeitet, um es ins Finale zu schaffen, und jetzt kommt es nur noch auf ein Spiel an, um den Meister zu ermitteln. Mit Vorschauen, Zusammenfassungen, Vorhersagen, Neuigkeiten und mehr wird es sicher ein spannendes Spiel. Machen Sie sich bereit f\u00fcr einen spannenden Kampf bis zum Ende, wenn Frankreich und Argentinien ihre Talente aufs Feld bringen, und hoffen wir, dass das beste Team als Sieger hervorgeht!<\/p>\n\n\n\n<p id=\"block-bd8dc85e-e7cf-4483-815b-2e7a42c2441f\">Argentinien \u2013 Frankreich Wetten Sie mit Bitcoin und Krypto auf das Finale der Weltmeisterschaft. Wenn es um die FIFA Fussball-Weltmeisterschaft geht, gibt es immer viel Aufregung und Vorfreude rund um das Ereignis. Fans aus der ganzen Welt kommen zusammen, um ihre Lieblingsteams und -spieler zu unterst\u00fctzen. Die Atmosph\u00e4re ist elektrisierend und die Spiele sind immer spannend. In diesem Jahr findet die FIFA Fussball-Weltmeisterschaft in Katar statt, und die Fans freuen sich bereits darauf.<br><br>Es gibt ein paar Mannschaften, die dieses Jahr die Weltmeisterschaft gewinnen werden, darunter Frankreich und Argentinien. Es gibt jedoch immer \u00dcberraschungen, und jedes Team k\u00f6nnte gewinnen. Es sollte ein spannendes Turnier werden, und die Fans werden vor ihre Fernsehbildschirme gespannt sein, um zu sehen, wer die Nase vorn hat.<br><br>Egal, ob Sie ein Fan von Frankreich, Argentinien oder einem anderen Team sind, verfolgen Sie die FIFA Fussball-Weltmeisterschaft 2022 in Katar aufmerksam. Es wird sicher ein Ereignis, das in die Geschichte eingehen wird.<\/p>\n\n\n\n<p id=\"block-76133bb1-c770-477f-82b9-b21af37af578\">Das Wetten mit einer Kryptow\u00e4hrung ist in der Tat eine absolut einzigartige M\u00f6glichkeit, dieses Erlebnis zu erleben, wenn Sie w\u00e4hrend der Weltmeisterschaft immer ein aufregendes Ereignis sind, wird das diesj\u00e4hrige Turnier in Katar sicherlich besonders interessant sein. Bei so vielen gro\u00dfartigen Teams und Spielern, die gegeneinander antreten, ist es unklar, wer die Nase vorn haben wird. Verfolgen Sie die Action genau und feuern Sie Ihr Lieblingsteam an! du machst das Beste daraus.<\/p>\n\n\n\n<p id=\"block-e53f59a6-4df1-4c3e-a498-0a33fb783004\">Lesen Sie weiter, um herauszufinden, wie es geht.<br><br>Wenn Sie nach einer M\u00f6glichkeit suchen, Ihrem WM-Erlebnis etwas Spannung hinzuzuf\u00fcgen, sind Wetten auf die Spiele eine gro\u00dfartige Option. Und wenn Sie mit Kryptow\u00e4hrung wetten m\u00f6chten, gibt es ein paar Dinge, die Sie wissen m\u00fcssen. In diesem Artikel f\u00fchren wir Sie durch den Vorgang des Wettens auf die FIFA Fussball-Weltmeisterschaft mit Bitcoin.<br><br>Erstens, Argentinien \u2013 Frankreich. Wetten Sie mit Bitcoin und Crypto auf das Finale der Weltmeisterschaft. Sie m\u00fcssen etwas Bitcoin f\u00fcr Ihre erste Wette bei Cloudbet, 1Xbit, Sportsbet, Trusdice, bc.game erwerben. Wenn Sie noch keine haben, k\u00f6nnen Sie sie an einer Reihe von B\u00f6rsen kaufen. Sobald Sie Ihre Bitcoin haben, m\u00fcssen Sie eine seri\u00f6se Wettseite finden, die Kryptow\u00e4hrungen akzeptiert. Wenn Sie eine Seite gefunden haben, k\u00f6nnen Sie ein Konto erstellen und Ihre Bitcoin einzahlen.<br><br>Dann k\u00f6nnen Sie anfangen, Wetten auf die WM-Spiele zu platzieren. Sie k\u00f6nnen darauf wetten, wer Ihrer Meinung nach jedes Spiel gewinnen wird, oder Sie k\u00f6nnen allgemeinere Wetten auf das Ergebnis des Turniers platzieren. Egal f\u00fcr welche Art Sie wetten, Sie werden viel Spa\u00df haben.<br><br>Und wenn Sie zuf\u00e4llig Wetten gewinnen, k\u00f6nnen Sie Ihre Gewinne in Bitcoin abheben. Wetten auf die Weltmeisterschaft sind also nicht nur eine unterhaltsame M\u00f6glichkeit, Ihr Fernseherlebnis aufregender zu gestalten<\/p>\n\n\n\n<h2 id=\"block-5a3071be-1f73-4dc4-8fa0-27cdf5b9c46d\"><strong>Lesen Sie weiter, um herauszufinden, wie es geht; Cloudbet, 1Xbit, Sportwetten, Trusdice, bc.game<\/strong><\/h2>\n\n\n\n<p id=\"block-5a3071be-1f73-4dc4-8fa0-27cdf5b9c46d\"><br>Wenn Sie nach einer M\u00f6glichkeit suchen, Ihrem WM-Erlebnis etwas Spannung hinzuzuf\u00fcgen, sind Wetten auf die Spiele eine gro\u00dfartige Option. Und wenn Sie mit Kryptow\u00e4hrung wetten m\u00f6chten, gibt es ein paar Dinge, die Sie wissen m\u00fcssen. In diesem Artikel f\u00fchren wir Sie durch den Vorgang des Wettens auf die FIFA Fussball-Weltmeisterschaft mit Bitcoin.<br><br>Erstens, Argentinien \u2013 Frankreich Wetten Sie mit Bitcoin und Crypto auf das Finale der Weltmeisterschaft, Sie m\u00fcssen etwas Bitcoin erwerben. Wenn Sie noch keine haben, k\u00f6nnen Sie sie an einer Reihe von B\u00f6rsen kaufen. Sobald Sie Ihre Bitcoin haben, m\u00fcssen Sie eine seri\u00f6se Wettseite finden, die Kryptow\u00e4hrungen akzeptiert. Wenn Sie eine Seite gefunden haben, k\u00f6nnen Sie ein Konto erstellen und Ihre Bitcoin einzahlen.<br><br>Dann k\u00f6nnen Sie anfangen, Wetten auf die WM-Spiele zu platzieren. Sie k\u00f6nnen darauf wetten, wer Ihrer Meinung nach jedes Spiel gewinnen wird, oder Sie k\u00f6nnen allgemeinere Wetten auf das Ergebnis des Turniers platzieren. Egal f\u00fcr welche Art Sie wetten, Sie werden viel Spa\u00df haben.<br><br>Und wenn Sie zuf\u00e4llig Wetten gewinnen, k\u00f6nnen Sie Ihre Gewinne in Bitcoin abheben. Wetten auf die Weltmeisterschaft sind also nicht nur eine unterhaltsame M\u00f6glichkeit, Ihr Fernseherlebnis aufregender zu gestalten<\/p>\n\n\n\n<p id=\"block-89bc6860-124f-408f-aa4e-10cfd1526ca0\">Lesen Sie weiter, um herauszufinden, wie es mit Cloudbet, 1Xbit, Sportsbet, Trusdice, bc.game geht.<br><br>Wenn Sie nach einer M\u00f6glichkeit suchen, Ihrem WM-Erlebnis etwas Spannung hinzuzuf\u00fcgen, sind Wetten auf die Spiele eine gro\u00dfartige Option. Und wenn Sie mit Kryptow\u00e4hrung wetten m\u00f6chten, gibt es ein paar Dinge, die Sie wissen m\u00fcssen. In diesem Artikel f\u00fchren wir Sie durch den Vorgang des Wettens auf die FIFA Fussball-Weltmeisterschaft mit Bitcoin.<br><br>Erstens, Argentinien \u2013 Frankreich Wetten Sie mit Bitcoin und Crypto auf das Finale der Weltmeisterschaft, Sie m\u00fcssen etwas Bitcoin erwerben. Wenn Sie noch keine haben, k\u00f6nnen Sie sie an einer Reihe von B\u00f6rsen kaufen. Sobald Sie Ihre Bitcoin haben, m\u00fcssen Sie eine seri\u00f6se Wettseite finden, die Kryptow\u00e4hrungen akzeptiert. Wenn Sie eine Seite gefunden haben, k\u00f6nnen Sie ein Konto erstellen und Ihre Bitcoin einzahlen.<br><br>Dann k\u00f6nnen Sie anfangen, Wetten auf die WM-Spiele zu platzieren. Sie k\u00f6nnen darauf wetten, wer Ihrer Meinung nach jedes Spiel gewinnen wird, oder Sie k\u00f6nnen allgemeinere Wetten auf das Ergebnis des Turniers platzieren. Egal f\u00fcr welche Art Sie wetten, Sie werden viel Spa\u00df haben.<br><br>Und wenn Sie zuf\u00e4llig Wetten gewinnen, k\u00f6nnen Sie Ihre Gewinne in Bitcoin abheben. Wetten auf die Weltmeisterschaft sind also nicht nur eine unterhaltsame M\u00f6glichkeit, Ihr Fernseherlebnis aufregender zu gestalten<\/p>\n\n\n\n<p id=\"block-e4f44931-e789-4577-99c2-f8338de10a3e\">Lesen Sie weiter, um herauszufinden, wie es geht.<br><br>Wenn Sie nach einer M\u00f6glichkeit suchen, Ihrem WM-Erlebnis etwas Spannung hinzuzuf\u00fcgen, sind Wetten auf die Spiele eine gro\u00dfartige Option. Und wenn Sie mit Kryptow\u00e4hrung wetten m\u00f6chten, gibt es ein paar Dinge, die Sie wissen m\u00fcssen. In diesem Artikel f\u00fchren wir Sie durch den Vorgang des Wettens auf die FIFA Fussball-Weltmeisterschaft mit Bitcoin.<br><br>Erstens, Argentinien \u2013 Frankreich Wetten Sie mit Bitcoin und Crypto auf das Finale der Weltmeisterschaft, Sie m\u00fcssen etwas Bitcoin erwerben. Wenn Sie noch keine haben, k\u00f6nnen Sie sie an einer Reihe von B\u00f6rsen kaufen. Sobald Sie Ihre Bitcoin haben, m\u00fcssen Sie eine seri\u00f6se Wettseite finden, die Kryptow\u00e4hrungen akzeptiert. Wenn Sie eine Seite gefunden haben, k\u00f6nnen Sie ein Konto erstellen und Ihre Bitcoin einzahlen.<\/p>\n\n\n\n<h2 id=\"h-crypto-bookmaker-or-traditional-betting-site\">Krypto-Buchmacher oder traditionelle Wettseite?<\/h2>\n\n\n\n<p id=\"block-e4f44931-e789-4577-99c2-f8338de10a3e\"><br><br>Dann k\u00f6nnen Sie anfangen, Wetten auf die WM-Spiele zu platzieren. Sie k\u00f6nnen darauf wetten, wer Ihrer Meinung nach jedes Spiel gewinnen wird, oder Sie k\u00f6nnen allgemeinere Wetten auf das Ergebnis des Turniers platzieren. Egal f\u00fcr welche Art Sie wetten, Sie werden viel Spa\u00df haben.<br><br>Und wenn Sie zuf\u00e4llig Wetten gewinnen, k\u00f6nnen Sie Ihre Gewinne in Bitcoin abheben. Wetten auf die Weltmeisterschaft sind also nicht nur eine unterhaltsame M\u00f6glichkeit, Ihr Seherlebnis von Argentinien \u2013 Frankreich mit Bitcoin und Crypto mit Cloudbet, 1Xbit, Sportsbet, Trusdice, bc.game auf das Finale der Weltmeisterschaft zu wetten<\/p>","protected":false},"excerpt":{"rendered":"<p>Get ready for the most anticipated game of the FIFA World Cup 2022 in Qatar &#8211; France vs Argentina for the grand finale with Cloudbet, 1Xbit, Sportsbet, Trusdice, bc.game! Both teams have worked hard to make it to the final, and now it comes down to one match to determine the champion. With previews, recaps, &#8230;<\/p>","protected":false},"author":1,"featured_media":0,"parent":0,"menu_order":0,"comment_status":"closed","ping_status":"closed","template":"page-nosidebar.php","meta":[],"yoast_head":"<!-- This site is optimized with the Yoast SEO Premium plugin v19.5 (Yoast SEO v19.11) - https:\/\/yoast.com\/wordpress\/plugins\/seo\/ -->\n<title>Argentina - France Bet on the Final of the World Cup with Bitcoin and Crypto - Final FIFA World Cup 2022 in Qatar<\/title>\n<meta name=\"robots\" content=\"index, follow, max-snippet:-1, max-image-preview:large, max-video-preview:-1\" \/>\n<link rel=\"canonical\" href=\"https:\/\/wiki-crypto.net\/de\/argentinien-frankreich-wette-finale-weltmeisterschaft-bitcoin-und-krypto\/\" \/>\n<meta property=\"og:locale\" content=\"de_DE\" \/>\n<meta property=\"og:type\" content=\"article\" \/>\n<meta property=\"og:title\" content=\"Argentina - France Bet on the Final of the World Cup with Bitcoin and Crypto\" \/>\n<meta property=\"og:description\" content=\"Get ready for the most anticipated game of the FIFA World Cup 2022 in Qatar &#8211; France vs Argentina for the grand finale with Cloudbet, 1Xbit, Sportsbet, Trusdice, bc.game! Both teams have worked hard to make it to the final, and now it comes down to one match to determine the champion. With previews, recaps, ...\" \/>\n<meta property=\"og:url\" content=\"https:\/\/wiki-crypto.net\/de\/argentinien-frankreich-wette-finale-weltmeisterschaft-bitcoin-und-krypto\/\" \/>\n<meta property=\"og:site_name\" content=\"Best Crypto Betting Sites | Bitcoin Bet On Football\" \/>\n<meta property=\"article:modified_time\" content=\"2022-12-17T14:41:10+00:00\" \/>\n<meta property=\"og:image\" content=\"https:\/\/wiki-crypto.net\/wp-content\/uploads\/2022\/12\/finale-france-argentine-1024x683.jpg\" \/>\n<meta name=\"twitter:card\" content=\"summary_large_image\" \/>\n<meta name=\"twitter:label1\" content=\"Gesch\u00e4tzte Lesezeit\" \/>\n\t<meta name=\"twitter:data1\" content=\"7\u00a0Minuten\" \/>\n<script type=\"application\/ld+json\" class=\"yoast-schema-graph\">{\"@context\":\"https:\/\/schema.org\",\"@graph\":[{\"@type\":\"WebPage\",\"@id\":\"https:\/\/wiki-crypto.net\/argentina-france-bet-final-world-cup-bitcoin-and-crypto\/\",\"url\":\"https:\/\/wiki-crypto.net\/argentina-france-bet-final-world-cup-bitcoin-and-crypto\/\",\"name\":\"Argentina - France Bet on the Final of the World Cup with Bitcoin and Crypto - Final FIFA World Cup 2022 in Qatar\",\"isPartOf\":{\"@id\":\"https:\/\/wiki-crypto.net\/#website\"},\"datePublished\":\"2022-12-11T22:00:34+00:00\",\"dateModified\":\"2022-12-17T14:41:10+00:00\",\"breadcrumb\":{\"@id\":\"https:\/\/wiki-crypto.net\/argentina-france-bet-final-world-cup-bitcoin-and-crypto\/#breadcrumb\"},\"inLanguage\":\"de\",\"potentialAction\":[{\"@type\":\"ReadAction\",\"target\":[\"https:\/\/wiki-crypto.net\/argentina-france-bet-final-world-cup-bitcoin-and-crypto\/\"]}]},{\"@type\":\"BreadcrumbList\",\"@id\":\"https:\/\/wiki-crypto.net\/argentina-france-bet-final-world-cup-bitcoin-and-crypto\/#breadcrumb\",\"itemListElement\":[{\"@type\":\"ListItem\",\"position\":1,\"name\":\"Home\",\"item\":\"https:\/\/wiki-crypto.net\/\"},{\"@type\":\"ListItem\",\"position\":2,\"name\":\"Argentina &#8211; France Bet on the Final of the World Cup with Bitcoin and Crypto\"}]},{\"@type\":\"WebSite\",\"@id\":\"https:\/\/wiki-crypto.net\/#website\",\"url\":\"https:\/\/wiki-crypto.net\/\",\"name\":\"Best Crypto Betting Sites | Bitcoin Bet On Football\",\"description\":\"Guide and Analysis of the best crypto betting sites, bookmaker for bonus, tips, odds, pronostics to bet online with Cloudbet, 1Xbit, Sportsbet, Trusdice, bc.game\",\"publisher\":{\"@id\":\"https:\/\/wiki-crypto.net\/#organization\"},\"potentialAction\":[{\"@type\":\"SearchAction\",\"target\":{\"@type\":\"EntryPoint\",\"urlTemplate\":\"https:\/\/wiki-crypto.net\/?s={search_term_string}\"},\"query-input\":\"required name=search_term_string\"}],\"inLanguage\":\"de\"},{\"@type\":\"Organization\",\"@id\":\"https:\/\/wiki-crypto.net\/#organization\",\"name\":\"Best Crypto Betting Sites | Bitcoin Bet On Football\",\"url\":\"https:\/\/wiki-crypto.net\/\",\"logo\":{\"@type\":\"ImageObject\",\"inLanguage\":\"de\",\"@id\":\"https:\/\/wiki-crypto.net\/#\/schema\/logo\/image\/\",\"url\":\"https:\/\/wiki-crypto.net\/wp-content\/uploads\/2022\/12\/cropped-10-juillet-2019-337-2.jpg\",\"contentUrl\":\"https:\/\/wiki-crypto.net\/wp-content\/uploads\/2022\/12\/cropped-10-juillet-2019-337-2.jpg\",\"width\":1600,\"height\":301,\"caption\":\"Best Crypto Betting Sites | Bitcoin Bet On Football\"},\"image\":{\"@id\":\"https:\/\/wiki-crypto.net\/#\/schema\/logo\/image\/\"}}]}<\/script>\n<!-- \/ Yoast SEO Premium plugin. -->","yoast_head_json":{"title":"Argentina - France Bet on the Final of the World Cup with Bitcoin and Crypto - Final FIFA World Cup 2022 in Qatar","robots":{"index":"index","follow":"follow","max-snippet":"max-snippet:-1","max-image-preview":"max-image-preview:large","max-video-preview":"max-video-preview:-1"},"canonical":"https:\/\/wiki-crypto.net\/de\/argentinien-frankreich-wette-finale-weltmeisterschaft-bitcoin-und-krypto\/","og_locale":"de_DE","og_type":"article","og_title":"Argentina - France Bet on the Final of the World Cup with Bitcoin and Crypto","og_description":"Get ready for the most anticipated game of the FIFA World Cup 2022 in Qatar &#8211; France vs Argentina for the grand finale with Cloudbet, 1Xbit, Sportsbet, Trusdice, bc.game! Both teams have worked hard to make it to the final, and now it comes down to one match to determine the champion. With previews, recaps, ...","og_url":"https:\/\/wiki-crypto.net\/de\/argentinien-frankreich-wette-finale-weltmeisterschaft-bitcoin-und-krypto\/","og_site_name":"Best Crypto Betting Sites | Bitcoin Bet On Football","article_modified_time":"2022-12-17T14:41:10+00:00","og_image":[{"url":"https:\/\/wiki-crypto.net\/wp-content\/uploads\/2022\/12\/finale-france-argentine-1024x683.jpg"}],"twitter_card":"summary_large_image","twitter_misc":{"Gesch\u00e4tzte Lesezeit":"7\u00a0Minuten"},"schema":{"@context":"https:\/\/schema.org","@graph":[{"@type":"WebPage","@id":"https:\/\/wiki-crypto.net\/argentina-france-bet-final-world-cup-bitcoin-and-crypto\/","url":"https:\/\/wiki-crypto.net\/argentina-france-bet-final-world-cup-bitcoin-and-crypto\/","name":"Argentina - France Bet on the Final of the World Cup with Bitcoin and Crypto - Final FIFA World Cup 2022 in Qatar","isPartOf":{"@id":"https:\/\/wiki-crypto.net\/#website"},"datePublished":"2022-12-11T22:00:34+00:00","dateModified":"2022-12-17T14:41:10+00:00","breadcrumb":{"@id":"https:\/\/wiki-crypto.net\/argentina-france-bet-final-world-cup-bitcoin-and-crypto\/#breadcrumb"},"inLanguage":"de","potentialAction":[{"@type":"ReadAction","target":["https:\/\/wiki-crypto.net\/argentina-france-bet-final-world-cup-bitcoin-and-crypto\/"]}]},{"@type":"BreadcrumbList","@id":"https:\/\/wiki-crypto.net\/argentina-france-bet-final-world-cup-bitcoin-and-crypto\/#breadcrumb","itemListElement":[{"@type":"ListItem","position":1,"name":"Home","item":"https:\/\/wiki-crypto.net\/"},{"@type":"ListItem","position":2,"name":"Argentina &#8211; France Bet on the Final of the World Cup with Bitcoin and Crypto"}]},{"@type":"WebSite","@id":"https:\/\/wiki-crypto.net\/#website","url":"https:\/\/wiki-crypto.net\/","name":"Best Crypto Betting Sites | Bitcoin Bet On Football","description":"Guide and Analysis of the best crypto betting sites, bookmaker for bonus, tips, odds, pronostics to bet online with Cloudbet, 1Xbit, Sportsbet, Trusdice, bc.game","publisher":{"@id":"https:\/\/wiki-crypto.net\/#organization"},"potentialAction":[{"@type":"SearchAction","target":{"@type":"EntryPoint","urlTemplate":"https:\/\/wiki-crypto.net\/?s={search_term_string}"},"query-input":"required name=search_term_string"}],"inLanguage":"de"},{"@type":"Organization","@id":"https:\/\/wiki-crypto.net\/#organization","name":"Best Crypto Betting Sites | Bitcoin Bet On Football","url":"https:\/\/wiki-crypto.net\/","logo":{"@type":"ImageObject","inLanguage":"de","@id":"https:\/\/wiki-crypto.net\/#\/schema\/logo\/image\/","url":"https:\/\/wiki-crypto.net\/wp-content\/uploads\/2022\/12\/cropped-10-juillet-2019-337-2.jpg","contentUrl":"https:\/\/wiki-crypto.net\/wp-content\/uploads\/2022\/12\/cropped-10-juillet-2019-337-2.jpg","width":1600,"height":301,"caption":"Best Crypto Betting Sites | Bitcoin Bet On Football"},"image":{"@id":"https:\/\/wiki-crypto.net\/#\/schema\/logo\/image\/"}}]}},"_links":{"self":[{"href":"https:\/\/wiki-crypto.net\/de\/wp-json\/wp\/v2\/pages\/195"}],"collection":[{"href":"https:\/\/wiki-crypto.net\/de\/wp-json\/wp\/v2\/pages"}],"about":[{"href":"https:\/\/wiki-crypto.net\/de\/wp-json\/wp\/v2\/types\/page"}],"author":[{"embeddable":true,"href":"https:\/\/wiki-crypto.net\/de\/wp-json\/wp\/v2\/users\/1"}],"replies":[{"embeddable":true,"href":"https:\/\/wiki-crypto.net\/de\/wp-json\/wp\/v2\/comments?post=195"}],"version-history":[{"count":3,"href":"https:\/\/wiki-crypto.net\/de\/wp-json\/wp\/v2\/pages\/195\/revisions"}],"predecessor-version":[{"id":218,"href":"https:\/\/wiki-crypto.net\/de\/wp-json\/wp\/v2\/pages\/195\/revisions\/218"}],"wp:attachment":[{"href":"https:\/\/wiki-crypto.net\/de\/wp-json\/wp\/v2\/media?parent=195"}],"curies":[{"name":"wp","href":"https:\/\/api.w.org\/{rel}","templated":true}]}}