{"id":114,"date":"2022-12-04T13:07:10","date_gmt":"2022-12-04T13:07:10","guid":{"rendered":"https:\/\/wiki-crypto.net\/?page_id=114"},"modified":"2022-12-09T10:01:35","modified_gmt":"2022-12-09T10:01:35","slug":"esport-faq-questions","status":"publish","type":"page","link":"https:\/\/wiki-crypto.net\/de\/esport-faq-fragen\/","title":{"rendered":"Esport-FAQ: H\u00e4ufig gestellte Fragen vor dem Wetten"},"content":{"rendered":"<figure class=\"wp-block-image size-full\"><img decoding=\"async\" loading=\"lazy\" width=\"645\" height=\"300\" src=\"https:\/\/wiki-crypto.net\/wp-content\/uploads\/2022\/12\/esport-faq.jpg\" alt=\"\" class=\"wp-image-124\" srcset=\"https:\/\/wiki-crypto.net\/wp-content\/uploads\/2022\/12\/esport-faq.jpg 645w, https:\/\/wiki-crypto.net\/wp-content\/uploads\/2022\/12\/esport-faq-300x140.jpg 300w, https:\/\/wiki-crypto.net\/wp-content\/uploads\/2022\/12\/esport-faq-18x8.jpg 18w\" sizes=\"(max-width: 645px) 100vw, 645px\" \/><\/figure>\n\n\n\n<h2 id=\"h-question-who-created-esports-and-what-is-the-first-esport-game\"><span id=\"question_who_created_esports_and_what_is_the_first_esport_game\">Frage : Wer hat eSports erfunden und was ist das erste eSport-Spiel?<\/span><\/h2>\n\n\n\n<p>Das erste eSport-Spiel war Quake, das 1996 von John Carmack erstellt wurde. Er organisierte das \u201eRed Annihilation\u201c, ein Quake-Turnier, bei dem er seinen Ferrari 328 ins Spiel brachte und das vom Amerikaner Dennis \u201eThresh\u201c Fong gewonnen wurde.<\/p>\n\n\n\n<p>Tats\u00e4chlich ist Quake ein Ego-Shooter-Videospiel, das 1996 von id Software ver\u00f6ffentlicht wurde. Es gilt weithin als Vorl\u00e4ufer des Genres Multiplayer Online Battle Arena (MOBA) und als eines der beliebtesten Spiele im eSport.<\/p>\n\n\n\n<p>Dann ist das Esport-Ph\u00e4nomen seitdem massiv gewachsen. Turniere werden nicht nur live auf Twitch und YouTube \u00fcbertragen, sondern auch auf Facebook und anderen sozialen Netzwerken gestreamt. Aus diesem Grund verdienen die besten Spieler pro Jahr sechsstellige Geh\u00e4lter aus Sponsoring und Preisgeldern.<\/p>\n\n\n\n<h2><span id=\"question_which_country_was_the_first_to_recognize_esport_as_a_real_sporting_discipline\">Frage : Welches Land hat eSport als erstes als echte Sportdisziplin anerkannt?<\/span><\/h2>\n\n\n\n<p>Das <a href=\"https:\/\/wiki-crypto.net\/de\/esport-geschichte\/\">Geschichte des E-Sports<\/a> begann in den sp\u00e4ten 1990er und fr\u00fchen 2000er Jahren, und einige L\u00e4nder, zuerst die Vereinigten Staaten und S\u00fcdkorea, waren Pioniere. Aber das erste Land, das eSport als echte Sportdisziplin anerkannte, waren die Niederlande. 2017 verabschiedete die niederl\u00e4ndische Regierung ein Gesetz, das die Anerkennung von eSports als offizielle Sportart erm\u00f6glichte.<\/p>\n\n\n\n<p>Dementsprechend hat die niederl\u00e4ndische Regierung diese neue Spielkultur sehr unterst\u00fctzt. Da sie gesehen haben, wie eSports dazu beigetragen hat, die Wirtschaft anzukurbeln und Arbeitspl\u00e4tze in den Niederlanden zu schaffen.<\/p>\n\n\n\n<p>Tats\u00e4chlich sind sie so weit gegangen, Gaming-Events und eSports-Veranstaltungsorte zu finanzieren, womit andere L\u00e4nder gerade erst anfangen.<\/p>\n\n\n\n<h2><span id=\"question_how_did_esports_get_popular\">Frage : Wie wurde E-Sport popul\u00e4r?<\/span><\/h2>\n\n\n\n<p>Es wird erwartet, dass die weltweiten Gaming-Einnahmen bis 2026 $320 Milliarden \u00fcbersteigen werden. Bild: PwC. Gesellschafts- und Gelegenheitsspiele werden die Expansion vorantreiben, da Millionen zu ihren Controllern greifen, um der Langeweile und der Isolation durch COVID-19-Lockdowns zu entkommen. Eine gro\u00dfartige Quelle der Unterhaltung. Der vielleicht offensichtlichste Grund, warum E-Sport heutzutage so beliebt ist, ist, dass er allen Beteiligten so viel Spa\u00df macht. Ob Zuschauer oder aktiver Teilnehmer, Langeweile kommt garantiert nicht auf<\/p>\n\n\n\n<p><\/p>\n\n\n\n<h2><span id=\"question_how_to_bet_on_e-sport\">Frage Wie kann man auf E-Sport wetten?<\/span><\/h2>\n\n\n\n<p>Obwohl Sie vor E-Sport-Events spielen k\u00f6nnen, werden Live-Wetten w\u00e4hrend der Spiele sehr beliebt. <\/p>\n\n\n\n<p>Dann spezialisieren sich einige Sportwetten auf bestimmte Spiele wie CSGO, League of Legends, FIFA und DOTA2. Zum Beispiel kann jemand darauf wetten, wer in einem bestimmten Spiel den \u201eersten Kill\u201c hat. Andere Wetten k\u00f6nnen platziert werden auf: <\/p>\n\n\n\n<ul>\n<li>Wer gewinnt das Match<\/li>\n\n\n\n<li>Wer gewinnt das turnier<\/li>\n\n\n\n<li>Das Endergebnis<\/li>\n<\/ul>\n\n\n\n<p>Odd\/Even Betting \u2013 Hier k\u00f6nnen Sie erraten, ob das Spiel gewonnen, der Spieler get\u00f6tet oder die Anzahl der gespielten Runden gerade oder ungerade war. Over\/Under-Wetten \u2013 Sie k\u00f6nnen darauf wetten, ob ein eSports-Team mehr oder weniger als einen von der Online-Wettseite festgelegten Betrag verdient.<\/p>\n<div id=\"toc_container\" class=\"no_bullets\"><p class=\"toc_title\">Inhalt<\/p><ul class=\"toc_list\"><li><a href=\"#question_who_created_esports_and_what_is_the_first_esport_game\"><span class=\"toc_number toc_depth_1\">1<\/span> Frage : Wer hat eSports erfunden und was ist das erste eSport-Spiel?<\/a><\/li><li><a href=\"#question_which_country_was_the_first_to_recognize_esport_as_a_real_sporting_discipline\"><span class=\"toc_number toc_depth_1\">2<\/span> Frage : Welches Land hat eSport als erstes als echte Sportdisziplin anerkannt?<\/a><\/li><li><a href=\"#question_how_did_esports_get_popular\"><span class=\"toc_number toc_depth_1\">3<\/span> Frage : Wie wurde E-Sport popul\u00e4r?<\/a><\/li><li><a href=\"#question_how_to_bet_on_e-sport\"><span class=\"toc_number toc_depth_1\">4<\/span> Frage Wie kann man auf E-Sport wetten?<\/a><\/li><\/ul><\/div>","protected":false},"excerpt":{"rendered":"<p>Question : Who created eSports and What is the first eSport game? First eSport game was Quake, created by John Carmack in 1996, he organized the &#8220;Red Annihilation&#8221;, a Quake tournament in which he put his Ferrari 328 into play, won by the American Dennis &#8220;Thresh&#8221; Fong. In fact Quake is a first-person shooter video &#8230;<\/p>","protected":false},"author":1,"featured_media":0,"parent":0,"menu_order":0,"comment_status":"closed","ping_status":"closed","template":"page-nosidebar.php","meta":[],"yoast_head":"<!-- This site is optimized with the Yoast SEO Premium plugin v19.5 (Yoast SEO v19.11) - https:\/\/yoast.com\/wordpress\/plugins\/seo\/ -->\n<title>Esport FAQ : Frequently Asked Questions before Betting - Final FIFA World Cup 2022 in Qatar<\/title>\n<meta name=\"description\" content=\"Esport FAQ : answering all the questions you have before placing your first bets on game with Bicoin and Cryptocurrency\" \/>\n<meta name=\"robots\" content=\"index, follow, max-snippet:-1, max-image-preview:large, max-video-preview:-1\" \/>\n<link rel=\"canonical\" href=\"https:\/\/wiki-crypto.net\/de\/esport-faq-fragen\/\" \/>\n<meta property=\"og:locale\" content=\"de_DE\" \/>\n<meta property=\"og:type\" content=\"article\" \/>\n<meta property=\"og:title\" content=\"Esport FAQ : Frequently Asked Questions before Betting\" \/>\n<meta property=\"og:description\" content=\"Esport FAQ : answering all the questions you have before placing your first bets on game with Bicoin and Cryptocurrency\" \/>\n<meta property=\"og:url\" content=\"https:\/\/wiki-crypto.net\/de\/esport-faq-fragen\/\" \/>\n<meta property=\"og:site_name\" content=\"Best Crypto Betting Sites | Bitcoin Bet On Football\" \/>\n<meta property=\"article:modified_time\" content=\"2022-12-09T10:01:35+00:00\" \/>\n<meta property=\"og:image\" content=\"https:\/\/wiki-crypto.net\/wp-content\/uploads\/2022\/12\/esport-faq.jpg\" \/>\n<meta name=\"twitter:card\" content=\"summary_large_image\" \/>\n<meta name=\"twitter:label1\" content=\"Gesch\u00e4tzte Lesezeit\" \/>\n\t<meta name=\"twitter:data1\" content=\"3\u00a0Minuten\" \/>\n<script type=\"application\/ld+json\" class=\"yoast-schema-graph\">{\"@context\":\"https:\/\/schema.org\",\"@graph\":[{\"@type\":\"WebPage\",\"@id\":\"https:\/\/wiki-crypto.net\/de\/esport-faq-fragen\/\",\"url\":\"https:\/\/wiki-crypto.net\/de\/esport-faq-fragen\/\",\"name\":\"Esport FAQ : Frequently Asked Questions before Betting - Final FIFA World Cup 2022 in Qatar\",\"isPartOf\":{\"@id\":\"https:\/\/wiki-crypto.net\/#website\"},\"datePublished\":\"2022-12-04T13:07:10+00:00\",\"dateModified\":\"2022-12-09T10:01:35+00:00\",\"description\":\"Esport FAQ : answering all the questions you have before placing your first bets on game with Bicoin and Cryptocurrency\",\"breadcrumb\":{\"@id\":\"https:\/\/wiki-crypto.net\/de\/esport-faq-fragen\/#breadcrumb\"},\"inLanguage\":\"de\",\"potentialAction\":[{\"@type\":\"ReadAction\",\"target\":[\"https:\/\/wiki-crypto.net\/de\/esport-faq-fragen\/\"]}]},{\"@type\":\"BreadcrumbList\",\"@id\":\"https:\/\/wiki-crypto.net\/de\/esport-faq-fragen\/#breadcrumb\",\"itemListElement\":[{\"@type\":\"ListItem\",\"position\":1,\"name\":\"Home\",\"item\":\"https:\/\/wiki-crypto.net\/\"},{\"@type\":\"ListItem\",\"position\":2,\"name\":\"Esport FAQ : Frequently Asked Questions before Betting\"}]},{\"@type\":\"WebSite\",\"@id\":\"https:\/\/wiki-crypto.net\/#website\",\"url\":\"https:\/\/wiki-crypto.net\/\",\"name\":\"Best Crypto Betting Sites | Bitcoin Bet On Football\",\"description\":\"Guide and Analysis of the best crypto betting sites, bookmaker for bonus, tips, odds, pronostics to bet online with Cloudbet, 1Xbit, Sportsbet, Trusdice, bc.game\",\"publisher\":{\"@id\":\"https:\/\/wiki-crypto.net\/#organization\"},\"potentialAction\":[{\"@type\":\"SearchAction\",\"target\":{\"@type\":\"EntryPoint\",\"urlTemplate\":\"https:\/\/wiki-crypto.net\/?s={search_term_string}\"},\"query-input\":\"required name=search_term_string\"}],\"inLanguage\":\"de\"},{\"@type\":\"Organization\",\"@id\":\"https:\/\/wiki-crypto.net\/#organization\",\"name\":\"Best Crypto Betting Sites | Bitcoin Bet On Football\",\"url\":\"https:\/\/wiki-crypto.net\/\",\"logo\":{\"@type\":\"ImageObject\",\"inLanguage\":\"de\",\"@id\":\"https:\/\/wiki-crypto.net\/#\/schema\/logo\/image\/\",\"url\":\"https:\/\/wiki-crypto.net\/wp-content\/uploads\/2022\/12\/cropped-10-juillet-2019-337-2.jpg\",\"contentUrl\":\"https:\/\/wiki-crypto.net\/wp-content\/uploads\/2022\/12\/cropped-10-juillet-2019-337-2.jpg\",\"width\":1600,\"height\":301,\"caption\":\"Best Crypto Betting Sites | Bitcoin Bet On Football\"},\"image\":{\"@id\":\"https:\/\/wiki-crypto.net\/#\/schema\/logo\/image\/\"}}]}<\/script>\n<!-- \/ Yoast SEO Premium plugin. -->","yoast_head_json":{"title":"Esport FAQ : Frequently Asked Questions before Betting - Final FIFA World Cup 2022 in Qatar","description":"Esport FAQ : answering all the questions you have before placing your first bets on game with Bicoin and Cryptocurrency","robots":{"index":"index","follow":"follow","max-snippet":"max-snippet:-1","max-image-preview":"max-image-preview:large","max-video-preview":"max-video-preview:-1"},"canonical":"https:\/\/wiki-crypto.net\/de\/esport-faq-fragen\/","og_locale":"de_DE","og_type":"article","og_title":"Esport FAQ : Frequently Asked Questions before Betting","og_description":"Esport FAQ : answering all the questions you have before placing your first bets on game with Bicoin and Cryptocurrency","og_url":"https:\/\/wiki-crypto.net\/de\/esport-faq-fragen\/","og_site_name":"Best Crypto Betting Sites | Bitcoin Bet On Football","article_modified_time":"2022-12-09T10:01:35+00:00","og_image":[{"url":"https:\/\/wiki-crypto.net\/wp-content\/uploads\/2022\/12\/esport-faq.jpg"}],"twitter_card":"summary_large_image","twitter_misc":{"Gesch\u00e4tzte Lesezeit":"3\u00a0Minuten"},"schema":{"@context":"https:\/\/schema.org","@graph":[{"@type":"WebPage","@id":"https:\/\/wiki-crypto.net\/de\/esport-faq-fragen\/","url":"https:\/\/wiki-crypto.net\/de\/esport-faq-fragen\/","name":"Esport FAQ : Frequently Asked Questions before Betting - Final FIFA World Cup 2022 in Qatar","isPartOf":{"@id":"https:\/\/wiki-crypto.net\/#website"},"datePublished":"2022-12-04T13:07:10+00:00","dateModified":"2022-12-09T10:01:35+00:00","description":"Esport FAQ : answering all the questions you have before placing your first bets on game with Bicoin and Cryptocurrency","breadcrumb":{"@id":"https:\/\/wiki-crypto.net\/de\/esport-faq-fragen\/#breadcrumb"},"inLanguage":"de","potentialAction":[{"@type":"ReadAction","target":["https:\/\/wiki-crypto.net\/de\/esport-faq-fragen\/"]}]},{"@type":"BreadcrumbList","@id":"https:\/\/wiki-crypto.net\/de\/esport-faq-fragen\/#breadcrumb","itemListElement":[{"@type":"ListItem","position":1,"name":"Home","item":"https:\/\/wiki-crypto.net\/"},{"@type":"ListItem","position":2,"name":"Esport FAQ : Frequently Asked Questions before Betting"}]},{"@type":"WebSite","@id":"https:\/\/wiki-crypto.net\/#website","url":"https:\/\/wiki-crypto.net\/","name":"Best Crypto Betting Sites | Bitcoin Bet On Football","description":"Guide and Analysis of the best crypto betting sites, bookmaker for bonus, tips, odds, pronostics to bet online with Cloudbet, 1Xbit, Sportsbet, Trusdice, bc.game","publisher":{"@id":"https:\/\/wiki-crypto.net\/#organization"},"potentialAction":[{"@type":"SearchAction","target":{"@type":"EntryPoint","urlTemplate":"https:\/\/wiki-crypto.net\/?s={search_term_string}"},"query-input":"required name=search_term_string"}],"inLanguage":"de"},{"@type":"Organization","@id":"https:\/\/wiki-crypto.net\/#organization","name":"Best Crypto Betting Sites | Bitcoin Bet On Football","url":"https:\/\/wiki-crypto.net\/","logo":{"@type":"ImageObject","inLanguage":"de","@id":"https:\/\/wiki-crypto.net\/#\/schema\/logo\/image\/","url":"https:\/\/wiki-crypto.net\/wp-content\/uploads\/2022\/12\/cropped-10-juillet-2019-337-2.jpg","contentUrl":"https:\/\/wiki-crypto.net\/wp-content\/uploads\/2022\/12\/cropped-10-juillet-2019-337-2.jpg","width":1600,"height":301,"caption":"Best Crypto Betting Sites | Bitcoin Bet On Football"},"image":{"@id":"https:\/\/wiki-crypto.net\/#\/schema\/logo\/image\/"}}]}},"_links":{"self":[{"href":"https:\/\/wiki-crypto.net\/de\/wp-json\/wp\/v2\/pages\/114"}],"collection":[{"href":"https:\/\/wiki-crypto.net\/de\/wp-json\/wp\/v2\/pages"}],"about":[{"href":"https:\/\/wiki-crypto.net\/de\/wp-json\/wp\/v2\/types\/page"}],"author":[{"embeddable":true,"href":"https:\/\/wiki-crypto.net\/de\/wp-json\/wp\/v2\/users\/1"}],"replies":[{"embeddable":true,"href":"https:\/\/wiki-crypto.net\/de\/wp-json\/wp\/v2\/comments?post=114"}],"version-history":[{"count":9,"href":"https:\/\/wiki-crypto.net\/de\/wp-json\/wp\/v2\/pages\/114\/revisions"}],"predecessor-version":[{"id":146,"href":"https:\/\/wiki-crypto.net\/de\/wp-json\/wp\/v2\/pages\/114\/revisions\/146"}],"wp:attachment":[{"href":"https:\/\/wiki-crypto.net\/de\/wp-json\/wp\/v2\/media?parent=114"}],"curies":[{"name":"wp","href":"https:\/\/api.w.org\/{rel}","templated":true}]}}